{"id":2615,"date":"2024-10-12T06:46:24","date_gmt":"2024-10-12T04:46:24","guid":{"rendered":"https:\/\/stockholmnature.com\/?page_id=2615"},"modified":"2026-01-31T03:08:16","modified_gmt":"2026-01-31T01:08:16","slug":"uber-uns","status":"publish","type":"page","link":"https:\/\/stockholmnature.com\/de\/about\/","title":{"rendered":"\u00fcber"},"content":{"rendered":"<section class=\"bde-section-2615-159 bde-section\">\n  \n  \n\t\n\n\n\n<div class=\"section-container\"><div class=\"bde-div-2615-160 bde-div\">\n  \n  \n\t\n\n\n\n<h1 class=\"bde-heading-2615-161 bde-heading\">\n\u00dcber Stockholm Natur\n<\/h1><div class=\"bde-rich-text-2615-162 bde-rich-text breakdance-rich-text-styles\">\n<p>Seit 2017 bietet Stockholm Nature unvergessliche Outdoor-Erlebnisse und bringt Reisende mit der Sch\u00f6nheit der schwedischen Landschaften in Kontakt. Im Laufe der Jahre hatten wir das Privileg, mehr als 10.000 Kunden zu f\u00fchren, die eine durchschnittliche Bewertung von 4,9 Sternen erhalten haben - ein Beweis f\u00fcr die Qualit\u00e4t und Sorgfalt, die wir in jede unserer Touren stecken.<br \/><br \/>Was zeichnet uns aus? Es sind unsere Reiseleiter. Sie sind leidenschaftlich, erfahren und kennen sich bestens aus. Sie f\u00fchren nicht nur durch die Tour, sondern erwecken das Erlebnis zum Leben. Sie lieben es, Einblicke in die schwedische Kultur, lokale Traditionen und die Natur zu geben, so dass sich jede Tour pers\u00f6nlich und bereichernd anf\u00fchlt. Egal, ob Sie zum ersten Mal mit dem Kajak unterwegs sind oder ob Sie eine erfahrene Wanderin sind, Sie werden sich unterst\u00fctzt, inspiriert und gut betreut f\u00fchlen.<br \/><br \/>Bei Stockholm Nature geht es nicht nur darum, drau\u00dfen zu sein - es geht darum, dies nachhaltig zu tun. Wir legen Wert auf kleine Gruppengr\u00f6\u00dfen, um die Umwelt so wenig wie m\u00f6glich zu belasten und Ihnen ein intimes, bedeutungsvolles Abenteuer zu bieten. Au\u00dferdem bieten wir Ihnen auf unseren Touren vegetarische, vegane und glutenfreie Mahlzeiten an und versuchen, unseren \u00f6kologischen Fu\u00dfabdruck zu verringern, indem wir, wo immer m\u00f6glich, \u00f6ffentliche Verkehrsmittel benutzen.<br \/><br \/>Wenn Sie eine Tour mit uns unternehmen, bekommen Sie nicht nur einen Reisef\u00fchrer, sondern ein lokales Erlebnis, das sorgf\u00e4ltig und mit Respekt vor der Natur und der schwedischen Lebensart geplant wird. Egal, ob es sich um eine friedliche Flucht oder ein actionreiches Abenteuer handelt, Sie werden mit unvergesslichen Erinnerungen an Schwedens wilde Sch\u00f6nheit nach Hause gehen.<\/p>\n<\/div><img decoding=\"async\" class=\"bde-image2-2615-163 bde-image2\" src=\"https:\/\/stockholmnature.com\/wp-content\/uploads\/2024\/09\/Stockholm-Nature-Team.webp\" alt=\"Ein Bild, das das gesamte Team von Stockholm Nature | Kayak &amp; Outdoors Tours zeigt\" loading=\"lazy\" srcset=\"https:\/\/stockholmnature.com\/wp-content\/uploads\/2024\/09\/Stockholm-Nature-Team.webp 1920w, https:\/\/stockholmnature.com\/wp-content\/uploads\/2024\/09\/Stockholm-Nature-Team-300x127.webp 300w, https:\/\/stockholmnature.com\/wp-content\/uploads\/2024\/09\/Stockholm-Nature-Team-1024x435.webp 1024w, https:\/\/stockholmnature.com\/wp-content\/uploads\/2024\/09\/Stockholm-Nature-Team-768x326.webp 768w, https:\/\/stockholmnature.com\/wp-content\/uploads\/2024\/09\/Stockholm-Nature-Team-1536x652.webp 1536w\" sizes=\"(max-width: 1920px) 100vw, 1920px\" title=\"\">\n<\/div><\/div>\n<\/section>","protected":false},"excerpt":{"rendered":"<p>About Stockholm Nature Since 2017, Stockholm Nature has been delivering unforgettable outdoor experiences, connecting travelers with the beauty of Sweden\u2019s landscapes. Over the years, we\u2019ve had the privilege of guiding more than 10,000 customers, earning an average rating of 4.9 stars \u2013 a testament to the quality and care we put into every tour we [&hellip;]<\/p>\n","protected":false},"author":1,"featured_media":0,"parent":0,"menu_order":0,"comment_status":"closed","ping_status":"closed","template":"","meta":{"_acf_changed":false,"_breakdance_hide_in_design_set":false,"_breakdance_tags":"","footnotes":""},"class_list":["post-2615","page","type-page","status-publish","hentry"],"acf":[],"_links":{"self":[{"href":"https:\/\/stockholmnature.com\/de\/wp-json\/wp\/v2\/pages\/2615","targetHints":{"allow":["GET"]}}],"collection":[{"href":"https:\/\/stockholmnature.com\/de\/wp-json\/wp\/v2\/pages"}],"about":[{"href":"https:\/\/stockholmnature.com\/de\/wp-json\/wp\/v2\/types\/page"}],"author":[{"embeddable":true,"href":"https:\/\/stockholmnature.com\/de\/wp-json\/wp\/v2\/users\/1"}],"replies":[{"embeddable":true,"href":"https:\/\/stockholmnature.com\/de\/wp-json\/wp\/v2\/comments?post=2615"}],"version-history":[{"count":14,"href":"https:\/\/stockholmnature.com\/de\/wp-json\/wp\/v2\/pages\/2615\/revisions"}],"predecessor-version":[{"id":9777,"href":"https:\/\/stockholmnature.com\/de\/wp-json\/wp\/v2\/pages\/2615\/revisions\/9777"}],"wp:attachment":[{"href":"https:\/\/stockholmnature.com\/de\/wp-json\/wp\/v2\/media?parent=2615"}],"curies":[{"name":"wp","href":"https:\/\/api.w.org\/{rel}","templated":true}]}}