{"id":2757,"date":"2024-10-13T07:43:07","date_gmt":"2024-10-13T05:43:07","guid":{"rendered":"https:\/\/stockholmnature.com\/?page_id=2757"},"modified":"2026-03-05T04:17:37","modified_gmt":"2026-03-05T02:17:37","slug":"partnerprogramm","status":"publish","type":"page","link":"https:\/\/stockholmnature.com\/de\/affiliate-program\/","title":{"rendered":"Partnerprogramm"},"content":{"rendered":"<section class=\"bde-section-2757-142 bde-section\">\n  \n  \n\t\n\n\n\n<div class=\"section-container\"><div class=\"bde-div-2757-143 bde-div\">\n  \n  \n\t\n\n\n\n<h1 class=\"bde-heading-2757-144 bde-heading\">\nAm Partnerprogramm teilnehmen!\n<\/h1><div class=\"bde-rich-text-2757-145 bde-rich-text breakdance-rich-text-styles\">\n<p class=\"font_8 wixui-rich-text__text\"><span class=\"wixui-rich-text__text\"><strong>F\u00fcrReiseb\u00fcros, Blogger und Influencer<\/strong> <br \/><\/span><span class=\"wixui-rich-text__text\">Sind Sie ein Reiseb\u00fcro, ein Blogger oder ein Influencer mit einer Leidenschaft f\u00fcr die Natur und einem Talent, Ihre Abenteuer mit der Welt zu teilen? Stockholm Nature AB l\u00e4dt Sie ein, an unserem Partnerprogramm teilzunehmen, einer Plattform, die darauf ausgerichtet ist, Ihre Leidenschaft f\u00fcr Reisen und Natur mit der M\u00f6glichkeit, Geld zu verdienen, zu verbinden. Ganz gleich, ob Sie Kunden bei der Suche nach ihrem n\u00e4chsten Abenteuer helfen oder ansprechende Inhalte erstellen, unser Programm bietet eine einzigartige M\u00f6glichkeit, Ihren Einfluss und Ihre Reiseerfahrung zu Geld zu machen.<\/span><\/p>\n<p class=\"font_8 wixui-rich-text__text\"><span class=\"wixui-rich-text__text\"><strong>Was ist ein Reisepartnerprogramm?<\/strong><br \/><\/span><span class=\"wixui-rich-text__text\">Das Partnerprogramm von Stockholm Nature erm\u00f6glicht es Ihnen, durch Werbung f\u00fcr unsere einzigartigen Outdoor-Abenteuer zu verdienen. Wenn Ihre Empfehlungen zu Buchungen f\u00fchren, erhalten Sie eine Provision.<\/span><\/p>\n<p class=\"font_8 wixui-rich-text__text\"><strong><span class=\"wixui-rich-text__text\">Wie viel kann ich mit Stockholm Nature verdienen?<br \/><\/span><\/strong><span class=\"wixui-rich-text__text\">Stockholm Nature bietet als direkter Reiseveranstalter 10% Provision f\u00fcr Buchungen, die \u00fcber Ihren Empfehlungslink get\u00e4tigt werden. Unsere Tarife \u00fcbertreffen die von Plattformen wie Viator oder GetYourGuide und bieten Ihnen die M\u00f6glichkeit f\u00fcr h\u00f6here Einnahmen.<\/span><\/p>\n<p class=\"font_8 wixui-rich-text__text\"><strong><span class=\"wixui-rich-text__text\">Brauche ich technische Kenntnisse?<br \/><\/span><\/strong><span class=\"wixui-rich-text__text\">Unsere Affiliate-Tools sind benutzerfreundlich gestaltet, so dass sie f\u00fcr jeden zug\u00e4nglich sind. F\u00fcr diejenigen, die an einer tieferen Integration interessiert sind, bieten wir eine Affiliate-API an. <\/span><\/p>\n<p class=\"font_8 wixui-rich-text__text\"><strong><span class=\"wixui-rich-text__text\">Direktbuchung und Stornierung<br \/><\/span><\/strong><span class=\"wixui-rich-text__text\">Verwalten Sie Buchungen und Stornierungen \u00fcber Ihr eigenes Fareharbor Dashboard. Diese direkte Kontrolle rationalisiert den gesamten Prozess, von der Buchung bis zur Provisionsverfolgung.<br class=\"wixui-rich-text__text\" \/><br class=\"wixui-rich-text__text\" \/>Kontaktieren Sie uns:<br \/><a class=\"wixui-rich-text__text\" href=\"mailto:info@stockholmnature.com?subject=Affiliate%20Program\" target=\"_self\">info@stockholmnature.com<\/a><\/span><\/p>\n<\/div>\n<\/div><\/div>\n<\/section>","protected":false},"excerpt":{"rendered":"<p>Join Affiliate Program! ForTravel Agents, Bloggers, and Influencers Are you a travel agent, blogger, or influencer with a passion for the great outdoors and a talent for sharing your adventures with the world? Stockholm Nature AB invites you to join our Affiliate Program, a platform designed to bridge your passion for travel and nature with [&hellip;]<\/p>\n","protected":false},"author":1,"featured_media":0,"parent":0,"menu_order":0,"comment_status":"closed","ping_status":"closed","template":"","meta":{"_acf_changed":false,"_breakdance_hide_in_design_set":false,"_breakdance_tags":"","footnotes":""},"class_list":["post-2757","page","type-page","status-publish","hentry"],"acf":[],"_links":{"self":[{"href":"https:\/\/stockholmnature.com\/de\/wp-json\/wp\/v2\/pages\/2757","targetHints":{"allow":["GET"]}}],"collection":[{"href":"https:\/\/stockholmnature.com\/de\/wp-json\/wp\/v2\/pages"}],"about":[{"href":"https:\/\/stockholmnature.com\/de\/wp-json\/wp\/v2\/types\/page"}],"author":[{"embeddable":true,"href":"https:\/\/stockholmnature.com\/de\/wp-json\/wp\/v2\/users\/1"}],"replies":[{"embeddable":true,"href":"https:\/\/stockholmnature.com\/de\/wp-json\/wp\/v2\/comments?post=2757"}],"version-history":[{"count":15,"href":"https:\/\/stockholmnature.com\/de\/wp-json\/wp\/v2\/pages\/2757\/revisions"}],"predecessor-version":[{"id":10016,"href":"https:\/\/stockholmnature.com\/de\/wp-json\/wp\/v2\/pages\/2757\/revisions\/10016"}],"wp:attachment":[{"href":"https:\/\/stockholmnature.com\/de\/wp-json\/wp\/v2\/media?parent=2757"}],"curies":[{"name":"wp","href":"https:\/\/api.w.org\/{rel}","templated":true}]}}