{"id":2764,"date":"2024-10-13T07:36:35","date_gmt":"2024-10-13T05:36:35","guid":{"rendered":"https:\/\/stockholmnature.com\/?page_id=2764"},"modified":"2026-01-30T10:19:13","modified_gmt":"2026-01-30T08:19:13","slug":"arbeitsplatze","status":"publish","type":"page","link":"https:\/\/stockholmnature.com\/de\/jobs\/","title":{"rendered":"Arbeitspl\u00e4tze"},"content":{"rendered":"<section class=\"bde-section-2764-118 bde-section\">\n  \n  \n\t\n\n\n\n<div class=\"section-container\"><div class=\"bde-div-2764-119 bde-div\">\n  \n  \n\t\n\n\n\n<h1 class=\"bde-heading-2764-120 bde-heading\">\nReiseleiter Jobs in Stockholm | Sommersaison 2026\n<\/h1><div class=\"bde-div-2764-134 bde-div\">\n  \n  \n\t\n\n\n\n<div class=\"bde-rich-text-2764-121 bde-rich-text breakdance-rich-text-styles\">\n<blockquote>\n<div class=\"x_elementToProof\">\n<div class=\"x_elementToProof\" data-olk-copy-source=\"MessageBody\"><a href=\"https:\/\/stockholmnature.com\/de\/uber-uns\/\" data-wplink-edit=\"true\">Stockholm Natur<\/a> f\u00fchrt gef\u00fchrte Kajak-, Wander- und Radtouren in und um Stockholm durch. Wir arbeiten in kleinen Teams und konzentrieren uns darauf, entspannte, gut gef\u00fchrte Outdoor-Erlebnisse f\u00fcr unsere G\u00e4ste zu schaffen. F\u00fcr die Saison 2026 suchen wir nach Guides. Die Rollen k\u00f6nnen je nach Erfahrung und Verf\u00fcgbarkeit kombiniert werden.<br \/><br \/><\/div>\n<div class=\"x_elementToProof\">Was wir bieten<\/div>\n<ul>\n<li>Training f\u00fcr motivierte Menschen, auch ohne vorherige Erfahrung als Guide<\/li>\n<li>Flexible Positionen, einschlie\u00dflich regelm\u00e4\u00dfiger Arbeit und Arbeit auf Abruf<\/li>\n<li>Praktikumsm\u00f6glichkeiten f\u00fcr diejenigen, die F\u00fchrungserfahrung sammeln wollen<\/li>\n<li>Grundlohn pro Stunde, wobei alle Trinkgelder direkt an dich ausgezahlt werden<\/li>\n<li>Kleine Gruppen und ein unterst\u00fctzendes F\u00fchrungsteam<\/li>\n<\/ul>\n<div class=\"x_elementToProof\">Wenn du \u00fcber besondere F\u00e4higkeiten oder einen Outdoor-Hintergrund verf\u00fcgst, freuen wir uns zu h\u00f6ren, wie du in unser Team passen k\u00f6nntest. Bitte sende uns deinen Lebenslauf und ein kurzes Anschreiben.<\/div>\n<\/div>\n<\/blockquote>\n<\/div>\n<\/div>\n<\/div><div class=\"bde-div-2764-147 bde-div\">\n  \n  \n\t\n\n\n\n<div class=\"bde-div-2764-151 bde-div\">\n  \n  \n\t\n\n\n\n<div class=\"bde-div-2764-152 bde-div\">\n  \n  \n\t\n\n\n\n<img decoding=\"async\" class=\"bde-image2-2764-146 bde-image2\" src=\"https:\/\/stockholmnature.com\/wp-content\/uploads\/2026\/01\/Stockholm-Nature-Team.webp\" alt=\"Stockholm Nature Team Foto | Reiseleiter Jobs in Stockholm\" loading=\"lazy\" srcset=\"https:\/\/stockholmnature.com\/wp-content\/uploads\/2026\/01\/Stockholm-Nature-Team.webp 1920w, https:\/\/stockholmnature.com\/wp-content\/uploads\/2026\/01\/Stockholm-Nature-Team-300x127.webp 300w, https:\/\/stockholmnature.com\/wp-content\/uploads\/2026\/01\/Stockholm-Nature-Team-1024x435.webp 1024w, https:\/\/stockholmnature.com\/wp-content\/uploads\/2026\/01\/Stockholm-Nature-Team-768x326.webp 768w, https:\/\/stockholmnature.com\/wp-content\/uploads\/2026\/01\/Stockholm-Nature-Team-1536x652.webp 1536w, https:\/\/stockholmnature.com\/wp-content\/uploads\/2026\/01\/Stockholm-Nature-Team-18x8.webp 18w\" sizes=\"(max-width: 1920px) 100vw, 1920px\" title=\"\">\n<\/div>\n<\/div>\n<\/div><div class=\"bde-div-2764-112 bde-div\">\n  \n  \n\t\n\n\n\n<h4 class=\"bde-heading-2764-113 bde-heading\">\nKajak-F\u00fchrer\n<\/h4><div class=\"bde-rich-text-2764-114 bde-rich-text breakdance-rich-text-styles\">\n<blockquote>\n<div class=\"x_elementToProof\">\n<div class=\"x_elementToProof\">\n<p data-start=\"277\" data-end=\"559\">Als Kajakf\u00fchrer\/in f\u00fchrst du G\u00e4ste durch Stockholms Wasserwege, sowohl in der Stadt als auch in den Sch\u00e4ren. Die Touren reichen von k\u00fcrzeren Stadtpaddeln bis hin zu mehrt\u00e4gigen Kajaktouren mit Camping.<\/p>\n<\/div>\n<div class=\"x_elementToProof\">\n<div class=\"x_elementToProof\">Deine Rolle<\/div>\n<ul>\n<li>Touren selbstst\u00e4ndig leiten und verwalten<\/li>\n<li>Die Sicherheit der G\u00e4ste zu jeder Zeit gew\u00e4hrleisten<\/li>\n<li>Teile lokales Wissen und Geschichten entlang des Weges<\/li>\n<li>Beurteile das Wetter vor und w\u00e4hrend der Touren<\/li>\n<\/ul>\n<div class=\"x_elementToProof\">Wir sind auf der Suche nach<\/div>\n<ul>\n<li>Personen mit vorheriger Kajakerfahrung<\/li>\n<li>Teamplayer, die freundlich und aufgeschlossen sind<\/li>\n<li>Flie\u00dfendes Englisch (weitere Sprachen sind ein Plus)<\/li>\n<li>\n<div class=\"x_elementToProof\" role=\"presentation\">Wohnsitz in Stockholm mit einer schwedischen Personennummer<\/div>\n<\/li>\n<\/ul>\n<\/div>\n<div class=\"x_elementToProof\">\n<div class=\"x_elementToProof\" role=\"presentation\">\n<div class=\"x_elementToProof\" role=\"presentation\">Saison<\/div>\n<ul>\n<li class=\"x_elementToProof\" role=\"presentation\">Mai bis September, mit der M\u00f6glichkeit, l\u00e4nger oder ganzj\u00e4hrig zu arbeiten<\/li>\n<\/ul>\n<\/div>\n<\/div>\n<\/div>\n<\/blockquote>\n<\/div><div class=\"bde-div-2764-140 bde-div\">\n  \n  \n\t\n\n\n\n<div class=\"bde-div-2764-141 bde-div\">\n  \n  \n\t\n\n\n\n<div class=\"bde-button-2764-142 bde-button\">\n        \n    \n    \n    \n    \n            \n                    \n            \n            \n\n    \n    \n    \n    \n    \n    <a class=\"breakdance-link button-atom button-atom--custom bde-button__button\" href=\"https:\/\/stockholmnature.com\/de\/kontaktieren-sie-uns\/\" target=\"_self\" data-type=\"url\"  >\n\n    \n        <span class=\"button-atom__text\">Jetzt bewerben<\/span>\n\n        \n        \n                <\/a>\n\n    \n\n\n<\/div>\n<\/div>\n<\/div><div class=\"autogenerated-blce-ribbon-2764-126 autogenerated-blce-ribbon\">\n <div class=\"ribbon\">\n    OFFEN\n   \n  <\/div>\n\n\n\n\n\n\n<\/div>\n<\/div><div class=\"bde-div-2764-115 bde-div\">\n  \n  \n\t\n\n\n\n<h4 class=\"bde-heading-2764-116 bde-heading\">\nWanderf\u00fchrer\n<\/h4><div class=\"bde-rich-text-2764-117 bde-rich-text breakdance-rich-text-styles\">\n<blockquote>\n<div class=\"x_elementToProof\">\n<div class=\"x_elementToProof\">\n<div class=\"x_elementToProof\">\n<div class=\"x_elementToProof\" data-olk-copy-source=\"MessageBody\">\n<p data-start=\"133\" data-end=\"391\">Als Wanderf\u00fchrer\/in f\u00fchrst du kleine Gruppen auf Naturwanderungen in der N\u00e4he von Stockholm. Der Schwerpunkt der Touren liegt auf einem entspannten Tempo, Zeit im Freien und dem Austausch von Wissen \u00fcber die lokale Umwelt und die schwedische Outdoor-Kultur.<\/p>\n<\/div>\n<div class=\"x_elementToProof\">Deine Rolle<\/div>\n<ul>\n<li>Wandertouren selbstst\u00e4ndig leiten und verwalten<\/li>\n<li>Die Sicherheit der G\u00e4ste gew\u00e4hrleisten<\/li>\n<li>Einblicke in die Natur, Landschaften und das Leben vor Ort teilen<\/li>\n<li>Mahlzeiten am Lagerfeuer direkt in der Natur zubereiten<\/li>\n<li>\u00dcberpr\u00fcfe t\u00e4glich die Wetterbedingungen und Feuerverbote<\/li>\n<\/ul>\n<div class=\"x_elementToProof\">Wir sind auf der Suche nach<\/div>\n<ul>\n<li>Erfahrung mit Wandern oder Outdoor-Aktivit\u00e4ten<\/li>\n<li>Teamplayer, die freundlich und aufgeschlossen sind<\/li>\n<li>Flie\u00dfendes Englisch (weitere Sprachen sind ein Plus)<\/li>\n<li>Wohnsitz in Stockholm mit einer schwedischen Personennummer<\/li>\n<\/ul>\n<div class=\"x_elementToProof\" role=\"presentation\">Saison<\/div>\n<ul>\n<li>M\u00e4rz bis September, mit der M\u00f6glichkeit, l\u00e4nger oder ganzj\u00e4hrig zu arbeiten<\/li>\n<\/ul>\n<\/div>\n<\/div>\n<\/div>\n<\/blockquote>\n<\/div><div class=\"autogenerated-blce-ribbon-2764-125 autogenerated-blce-ribbon\">\n <div class=\"ribbon\">\n    OFFEN\n   \n  <\/div>\n\n\n\n\n\n\n<\/div><div class=\"bde-div-2764-137 bde-div\">\n  \n  \n\t\n\n\n\n<div class=\"bde-div-2764-138 bde-div\">\n  \n  \n\t\n\n\n\n<div class=\"bde-button-2764-139 bde-button\">\n        \n    \n    \n    \n    \n            \n                    \n            \n            \n\n    \n    \n    \n    \n    \n    <a class=\"breakdance-link button-atom button-atom--custom bde-button__button\" href=\"https:\/\/stockholmnature.com\/de\/kontaktieren-sie-uns\/\" target=\"_self\" data-type=\"url\"  >\n\n    \n        <span class=\"button-atom__text\">Jetzt bewerben<\/span>\n\n        \n        \n                <\/a>\n\n    \n\n\n<\/div>\n<\/div>\n<\/div>\n<\/div><div class=\"bde-div-2764-122 bde-div\">\n  \n  \n\t\n\n\n\n<h4 class=\"bde-heading-2764-123 bde-heading\">\nRadreisef\u00fchrer\n<\/h4><div class=\"bde-rich-text-2764-124 bde-rich-text breakdance-rich-text-styles\">\n<blockquote>\n<div class=\"x_elementToProof\">\n<div class=\"x_elementToProof\" data-olk-copy-source=\"MessageBody\">\n<p data-start=\"119\" data-end=\"349\">Als Radwanderf\u00fchrer\/in f\u00fchrst du kleine Gruppen auf Radtouren in und um Stockholm. Bei den Touren liegt der Schwerpunkt auf einem entspannten Tempo, sicherem Fahren und dem Austausch von Informationen \u00fcber die Stadt, die lokale Geschichte und das Alltagsleben entlang der Strecke. Die T\u00e4tigkeit findet haupts\u00e4chlich in den w\u00e4rmeren Monaten statt und kann je nach Erfahrung und Verf\u00fcgbarkeit mit Wandern oder Kajakfahren kombiniert werden.<\/p>\n<\/div>\n<div class=\"x_elementToProof\">Deine Rolle<\/div>\n<ul>\n<li>Radtouren selbstst\u00e4ndig leiten und verwalten<\/li>\n<li>Sorge f\u00fcr die Sicherheit der G\u00e4ste w\u00e4hrend der Tour<\/li>\n<li>Teile lustige Fakten, Geschichten und lokale Einblicke w\u00e4hrend der Tour<\/li>\n<li>Bereite die Fahrr\u00e4der vor jeder Tour vor und \u00fcberpr\u00fcfe sie<\/li>\n<li>\u00dcberwache die Wetterbedingungen und passe die Routen bei Bedarf an<\/li>\n<\/ul>\n<div class=\"x_elementToProof\">Wir sind auf der Suche nach<\/div>\n<ul>\n<li>Gute Radfahrkenntnisse und Selbstvertrauen beim Fahren in st\u00e4dtischen Umgebungen<\/li>\n<li>Interesse an der lokalen Geschichte, Kultur und dem Stadtleben<\/li>\n<li>Eine freundliche, ruhige und verantwortungsbewusste Pers\u00f6nlichkeit<\/li>\n<li>Flie\u00dfendes Englisch (weitere Sprachen sind ein Plus)<\/li>\n<li>Wohnsitz in Stockholm mit einer schwedischen Personennummer<\/li>\n<li>Verf\u00fcgbarkeit auf Teilzeitbasis, flexibel oder auf Abruf<\/li>\n<\/ul>\n<p>Saison<\/p>\n<ul>\n<li>April bis Oktober, mit der M\u00f6glichkeit, im Winter andere F\u00fchrungen zu machen<\/li>\n<\/ul>\n<\/div>\n<\/blockquote>\n<\/div><div class=\"autogenerated-blce-ribbon-2764-127 autogenerated-blce-ribbon\">\n <div class=\"ribbon\">\n    OFFEN\n   \n  <\/div>\n\n\n\n\n\n\n<\/div><div class=\"bde-div-2764-135 bde-div\">\n  \n  \n\t\n\n\n\n<div class=\"bde-div-2764-136 bde-div\">\n  \n  \n\t\n\n\n\n<div class=\"bde-button-2764-128 bde-button\">\n        \n    \n    \n    \n    \n            \n                    \n            \n            \n\n    \n    \n    \n    \n    \n    <a class=\"breakdance-link button-atom button-atom--custom bde-button__button\" href=\"https:\/\/stockholmnature.com\/de\/kontaktieren-sie-uns\/\" target=\"_self\" data-type=\"url\"  >\n\n    \n        <span class=\"button-atom__text\">Jetzt bewerben<\/span>\n\n        \n        \n                <\/a>\n\n    \n\n\n<\/div>\n<\/div>\n<\/div>\n<\/div><\/div>\n<\/section>","protected":false},"excerpt":{"rendered":"<p>Tour Guide Jobs in Stockholm | Summer Season 2026 Stockholm Nature runs guided kayak, hiking, and biking tours in and around Stockholm. We work in small teams and focus on creating relaxed, well run outdoor experiences for our guests. For the 2026 season, we are looking for guides. Roles can be combined depending on experience [&hellip;]<\/p>\n","protected":false},"author":8,"featured_media":0,"parent":0,"menu_order":0,"comment_status":"closed","ping_status":"closed","template":"","meta":{"_acf_changed":false,"_breakdance_hide_in_design_set":false,"_breakdance_tags":"","footnotes":""},"class_list":["post-2764","page","type-page","status-publish","hentry"],"acf":[],"_links":{"self":[{"href":"https:\/\/stockholmnature.com\/de\/wp-json\/wp\/v2\/pages\/2764","targetHints":{"allow":["GET"]}}],"collection":[{"href":"https:\/\/stockholmnature.com\/de\/wp-json\/wp\/v2\/pages"}],"about":[{"href":"https:\/\/stockholmnature.com\/de\/wp-json\/wp\/v2\/types\/page"}],"author":[{"embeddable":true,"href":"https:\/\/stockholmnature.com\/de\/wp-json\/wp\/v2\/users\/8"}],"replies":[{"embeddable":true,"href":"https:\/\/stockholmnature.com\/de\/wp-json\/wp\/v2\/comments?post=2764"}],"version-history":[{"count":40,"href":"https:\/\/stockholmnature.com\/de\/wp-json\/wp\/v2\/pages\/2764\/revisions"}],"predecessor-version":[{"id":10178,"href":"https:\/\/stockholmnature.com\/de\/wp-json\/wp\/v2\/pages\/2764\/revisions\/10178"}],"wp:attachment":[{"href":"https:\/\/stockholmnature.com\/de\/wp-json\/wp\/v2\/media?parent=2764"}],"curies":[{"name":"wp","href":"https:\/\/api.w.org\/{rel}","templated":true}]}}