{"id":3691,"date":"2024-10-26T08:05:30","date_gmt":"2024-10-26T06:05:30","guid":{"rendered":"https:\/\/stockholmnature.com\/?page_id=3691"},"modified":"2026-02-19T09:22:39","modified_gmt":"2026-02-19T07:22:39","slug":"tiefpreisgarantie","status":"publish","type":"page","link":"https:\/\/stockholmnature.com\/de\/lowest-price-guarantee\/","title":{"rendered":"Tiefstpreis-Garantie"},"content":{"rendered":"<section class=\"bde-section-3691-100 bde-section\">\n  \n  \n\t\n\n\n\n<div class=\"section-container\"><div class=\"bde-div-3691-101 bde-div\">\n  \n  \n\t\n\n\n\n<h1 class=\"bde-heading-3691-102 bde-heading\">\nTiefstpreis-Garantie\n<\/h1><div class=\"bde-rich-text-3691-103 bde-rich-text breakdance-rich-text-styles\">\n<p data-start=\"282\" data-end=\"496\">Wir garantieren den niedrigsten Preis f\u00fcr alle unsere Erlebnisse. Als Reiseveranstalter legen wir den Preis auf allen Buchungsplattformen fest. Wenn du direkt bei Stockholm Nature buchst, erh\u00e4ltst du immer den besten verf\u00fcgbaren Preis.<br \/><br \/>Wenn du das gleiche Erlebnis vor Beginn der Aktivit\u00e4t zu einem g\u00fcnstigeren Preis findest, erstatten wir dir die Differenz.<\/p>\n<h5>Wie es funktioniert:<\/h5>\n<p><strong>Reiche deine Forderung ein<\/strong><br \/>Nutze unser <a href=\"https:\/\/stockholmnature.com\/de\/kontaktieren-sie-uns\/\">Kontakt-Formular<\/a> um einen Anspruch geltend zu machen, und f\u00fcge deine Buchungsnummer und den Nachweis \u00fcber den niedrigeren Preis bei.<\/p>\n<p><strong>Wir pr\u00fcfen deine Anfrage<\/strong><br \/>Wir werden nun die eingereichten Informationen pr\u00fcfen und Sie werden so bald wie m\u00f6glich von uns h\u00f6ren.<\/p>\n<p><strong>Erhalte deine R\u00fcckerstattung<\/strong><br \/>Wenn Ihr Anspruch berechtigt ist, erstatten wir Ihnen die Differenz zwischen den beiden Preisen.<\/p>\n<hr \/>\n<h5>Bedingungen und Konditionen<\/h5>\n<ul>\n<li>\n<p>Die Garantie gilt f\u00fcr Buchungen, die direkt auf stockholmnature.com vorgenommen werden<\/p>\n<\/li>\n<li>\n<p>Sie gilt nur f\u00fcr \u00f6ffentliche Standardtarife<\/p>\n<\/li>\n<li>\n<p>Der niedrigere Preis muss f\u00fcr genau dasselbe Erlebnis, Datum und die gleichen Details gelten<\/p>\n<\/li>\n<li>\n<p>Anspr\u00fcche m\u00fcssen vor Beginn der Aktivit\u00e4t eingereicht werden<\/p>\n<\/li>\n<li>Wir behalten uns das Recht vor, den niedrigeren Preis zu \u00fcberpr\u00fcfen und alle Entscheidungen sind endg\u00fcltig<\/li>\n<\/ul>\n<\/div>\n<\/div><\/div>\n<\/section>","protected":false},"excerpt":{"rendered":"<p>Lowest Price Guarantee We guarantee the lowest price for all our experiences. As the tour operator, we set the price across every booking platform. When you book directly with Stockholm Nature, you always receive the best available rate.If you find the exact same experience offered at a lower price before the activity starts, we will [&hellip;]<\/p>\n","protected":false},"author":1,"featured_media":0,"parent":0,"menu_order":0,"comment_status":"closed","ping_status":"closed","template":"","meta":{"_acf_changed":false,"_breakdance_hide_in_design_set":false,"_breakdance_tags":"","footnotes":""},"class_list":["post-3691","page","type-page","status-publish","hentry"],"acf":[],"_links":{"self":[{"href":"https:\/\/stockholmnature.com\/de\/wp-json\/wp\/v2\/pages\/3691","targetHints":{"allow":["GET"]}}],"collection":[{"href":"https:\/\/stockholmnature.com\/de\/wp-json\/wp\/v2\/pages"}],"about":[{"href":"https:\/\/stockholmnature.com\/de\/wp-json\/wp\/v2\/types\/page"}],"author":[{"embeddable":true,"href":"https:\/\/stockholmnature.com\/de\/wp-json\/wp\/v2\/users\/1"}],"replies":[{"embeddable":true,"href":"https:\/\/stockholmnature.com\/de\/wp-json\/wp\/v2\/comments?post=3691"}],"version-history":[{"count":10,"href":"https:\/\/stockholmnature.com\/de\/wp-json\/wp\/v2\/pages\/3691\/revisions"}],"predecessor-version":[{"id":10182,"href":"https:\/\/stockholmnature.com\/de\/wp-json\/wp\/v2\/pages\/3691\/revisions\/10182"}],"wp:attachment":[{"href":"https:\/\/stockholmnature.com\/de\/wp-json\/wp\/v2\/media?parent=3691"}],"curies":[{"name":"wp","href":"https:\/\/api.w.org\/{rel}","templated":true}]}}