{"id":4047,"date":"2024-10-28T06:45:17","date_gmt":"2024-10-28T04:45:17","guid":{"rendered":"https:\/\/stockholmnature.com\/privacy-statement-eu\/"},"modified":"2026-02-19T09:33:09","modified_gmt":"2026-02-19T07:33:09","slug":"datenschutzerklarung-eu","status":"publish","type":"page","link":"https:\/\/stockholmnature.com\/de\/privacy-statement-eu\/","title":{"rendered":"Datenschutzerkl\u00e4rung (EU)"},"content":{"rendered":"<!-- Legal document generated by Complianz | GDPR\/CCPA Cookie Consent https:\/\/wordpress.org\/plugins\/complianz-gdpr -->\n<div id=\"cmplz-document\" class=\"cmplz-document privacy-statement cmplz-document-eu\"><p><i>Diese Datenschutzerkl\u00e4rung wurde zuletzt am 17. Februar 2026 aktualisiert und gilt f\u00fcr B\u00fcrger und Personen mit st\u00e4ndigem Wohnsitz im Europ\u00e4ischen Wirtschaftsraum und der Schweiz.<\/i><br \/><br \/><\/p><p><p>In dieser Datenschutzerkl\u00e4rung erkl\u00e4ren wir, was wir mit den Daten machen, die wir \u00fcber dich erhalten <a href=\"https:\/\/stockholmnature.com\/de\">https:\/\/stockholmnature.com\/de<\/a>. Wir empfehlen dir, diese Erkl\u00e4rung sorgf\u00e4ltig zu lesen. Bei unserer Verarbeitung halten wir uns an die Anforderungen der Datenschutzgesetze. Das bedeutet unter anderem, dass:<\/p><ul>\n                <li>wir die Zwecke, f\u00fcr die wir personenbezogene Daten verarbeiten, klar benennen. Das tun wir mit dieser Datenschutzerkl\u00e4rung;<\/li>\n                <li>wir versuchen, die Erhebung personenbezogener Daten auf die f\u00fcr rechtm\u00e4\u00dfige Zwecke erforderlichen Daten zu beschr\u00e4nken;<\/li>\n                <li>in F\u00e4llen, in denen deine Zustimmung erforderlich ist, bitten wir dich zun\u00e4chst um deine ausdr\u00fcckliche Zustimmung zur Verarbeitung deiner personenbezogenen Daten;<\/li>\n                <li>wir angemessene Sicherheitsma\u00dfnahmen ergreifen, um deine personenbezogenen Daten zu sch\u00fctzen, und dies auch von Parteien verlangen, die personenbezogene Daten in unserem Auftrag verarbeiten;<\/li>\n                <li>wir dein Recht respektieren, auf deine pers\u00f6nlichen Daten zuzugreifen oder sie auf deinen Wunsch hin korrigieren oder l\u00f6schen zu lassen.<\/li>\n            <\/ul><p>Wenn du Fragen hast oder genau wissen willst, welche Daten wir \u00fcber dich speichern, kontaktiere uns bitte.<\/p><\/p><h2>1. Zweck, Daten und Aufbewahrungsfrist<\/h2>Wir k\u00f6nnen personenbezogene Daten f\u00fcr eine Reihe von Zwecken im Zusammenhang mit unserem Gesch\u00e4ftsbetrieb sammeln oder erhalten, darunter die folgenden: (zum Erweitern klicken)<details class=\"cmplz-dropdown dropdown-privacy-statement\"><summary><div><h3>1.1 Um Dienstleistungen oder Produkte zu unterst\u00fctzen, die ein Kunde kaufen m\u00f6chte oder gekauft hat<\/h3><\/div><\/summary><p class=\"cmplz-subtitle\">Zu diesem Zweck verwenden wir die folgenden Daten:<\/p><p><ul><li>Ein Vor- und Nachname<\/li><li>Eine E-Mail Adresse<\/li><li>Geburtsdatum<\/li><\/ul><\/p><p class=\"cmplz-subtitle\">Die Grundlage, auf der wir diese Daten verarbeiten d\u00fcrfen, ist:<\/p><p><a target=\"_blank\" rel=\"noopener noreferrer nofollow\" href=\"https:\/\/cookiedatabase.org\/legal-bases\/#consent\">Nach Erteilung der Zustimmung.<\/a><\/p><p class=\"cmplz-subtitle\">Aufbewahrungsfrist<\/p><p>Wir bewahren diese Daten auf, bis der Dienst beendet wird.<\/p><\/details><details class=\"cmplz-dropdown dropdown-privacy-statement\"><summary><div><h3>1.2 Zusammenstellen und Analysieren von Statistiken zur Verbesserung der Website.<\/h3><\/div><\/summary><p class=\"cmplz-subtitle\">Zu diesem Zweck verwenden wir die folgenden Daten:<\/p><p><ul><li>Informationen \u00fcber Internetaktivit\u00e4ten, einschlie\u00dflich, aber nicht beschr\u00e4nkt auf den Browserverlauf, den Suchverlauf und Informationen \u00fcber die Interaktion eines Verbrauchers mit einer Internet-Website, -Anwendung oder -Werbung<\/li><li>Geolokalisierungsdaten<\/li><\/ul><\/p><p class=\"cmplz-subtitle\">Die Grundlage, auf der wir diese Daten verarbeiten d\u00fcrfen, ist:<\/p><p><a target=\"_blank\" rel=\"noopener noreferrer nofollow\" href=\"https:\/\/cookiedatabase.org\/legal-bases\/#agreement\">Sie ist notwendig f\u00fcr die Ausf\u00fchrung eines Vertrags oder vorbereitender Verfahren im Zusammenhang mit einem Vertrag, an dem die betroffene Person beteiligt ist. <\/a><\/p><p class=\"cmplz-subtitle\">Aufbewahrungsfrist<\/p><p>Wir bewahren diese Daten auf, bis der Dienst beendet wird.<\/p><\/details><h2>2. Austausch mit anderen Parteien<\/h2><p>Wir geben diese Daten nur f\u00fcr die folgenden Zwecke an Auftragsverarbeiter weiter oder stellen sie ihnen zur Verf\u00fcgung:<\/p><h2>3. Cookies<\/h2><p>Unsere Website verwendet Cookies. Weitere Informationen \u00fcber Cookies findest du in unserer <a href=\"https:\/\/stockholmnature.com\/de\/cookie-policy-eu\/\">Cookie-Richtlinie<\/a>.&nbsp;<\/p><h2>4. Offenlegungspraktiken<\/h2><p><p>Wir geben personenbezogene Daten weiter, wenn wir gesetzlich oder durch einen Gerichtsbeschluss dazu verpflichtet sind, als Reaktion auf eine Strafverfolgungsbeh\u00f6rde, soweit dies nach anderen gesetzlichen Bestimmungen zul\u00e4ssig ist, um Informationen bereitzustellen oder f\u00fcr eine Untersuchung in einer Angelegenheit, die die \u00f6ffentliche Sicherheit betrifft.<\/p><p>Wenn unsere Website oder Organisation \u00fcbernommen, verkauft oder in eine Fusion oder \u00dcbernahme verwickelt wird, k\u00f6nnen deine Daten unseren Beratern und potenziellen K\u00e4ufern offengelegt und an die neuen Eigent\u00fcmer weitergegeben werden.<\/p><\/p><p>Wir haben eine Datenverarbeitungsvereinbarung mit Google abgeschlossen.<\/p><p>Die Angabe der vollst\u00e4ndigen IP-Adressen wird von uns blockiert.<\/p><h2>5. Sicherheit<\/h2><p>Wir verpflichten uns zur Sicherheit der personenbezogenen Daten. Wir ergreifen geeignete Sicherheitsma\u00dfnahmen, um den Missbrauch von und den unbefugten Zugriff auf personenbezogene Daten einzuschr\u00e4nken. So stellen wir sicher, dass nur die notwendigen Personen Zugang zu deinen Daten haben, dass der Zugriff auf die Daten gesch\u00fctzt ist und dass unsere Sicherheitsma\u00dfnahmen regelm\u00e4\u00dfig \u00fcberpr\u00fcft werden.<\/p><h2>6. Websites von Dritten<\/h2><p>Diese Datenschutzerkl\u00e4rung gilt nicht f\u00fcr Websites Dritter, die durch Links auf unserer Website verbunden sind. Wir k\u00f6nnen nicht garantieren, dass diese Dritten deine pers\u00f6nlichen Daten auf zuverl\u00e4ssige oder sichere Weise behandeln. Wir empfehlen dir, die Datenschutzerkl\u00e4rungen dieser Websites zu lesen, bevor du diese Websites nutzt.<\/p><h2>7. \u00c4nderungen an dieser Datenschutzerkl\u00e4rung<\/h2><p>Wir behalten uns das Recht vor, \u00c4nderungen an dieser Datenschutzerkl\u00e4rung vorzunehmen. Wir empfehlen dir, diese Datenschutzerkl\u00e4rung regelm\u00e4\u00dfig zu lesen, um \u00fcber alle \u00c4nderungen informiert zu sein. Dar\u00fcber hinaus werden wir dich, wo immer m\u00f6glich, aktiv informieren.<\/p><h2>8. Zugriff auf deine Daten und deren \u00c4nderung<\/h2><p>Wenn du Fragen hast oder wissen m\u00f6chtest, welche pers\u00f6nlichen Daten wir \u00fcber dich haben, kontaktiere uns bitte. Du kannst dich mit uns in Verbindung setzen, indem du die unten stehenden Informationen nutzt. Du hast die folgenden Rechte:<\/p><ul>\n                <li>Du hast das Recht zu erfahren, wozu deine personenbezogenen Daten ben\u00f6tigt werden, was mit ihnen geschieht und wie lange sie gespeichert werden.<\/li>\n                <li>Recht auf Zugang: Du hast das Recht, auf deine pers\u00f6nlichen Daten, die uns bekannt sind, zuzugreifen.<\/li>\n                <li>Recht auf Berichtigung: Du hast das Recht, deine personenbezogenen Daten zu erg\u00e4nzen, zu berichtigen, l\u00f6schen oder sperren zu lassen, wann immer du willst.<\/li>\n                <li>Wenn du uns deine Einwilligung zur Verarbeitung deiner Daten gegeben hast, hast du das Recht, diese Einwilligung zu widerrufen und deine personenbezogenen Daten l\u00f6schen zu lassen.<\/li>\n                <li>Recht auf Daten\u00fcbertragbarkeit: Du hast das Recht, alle deine personenbezogenen Daten von dem f\u00fcr die Verarbeitung Verantwortlichen anzufordern und sie in ihrer Gesamtheit an einen anderen f\u00fcr die Verarbeitung Verantwortlichen zu \u00fcbertragen.<\/li>\n                <li>Recht auf Widerspruch: Du kannst der Verarbeitung deiner Daten widersprechen. Dem kommen wir nach, es sei denn, es liegen berechtigte Gr\u00fcnde f\u00fcr die Verarbeitung vor.<\/li>\n            <\/ul><p>Bitte stelle sicher, dass du immer deutlich angibst, wer du bist, damit wir sicher sein k\u00f6nnen, dass wir keine Daten der falschen Person \u00e4ndern oder l\u00f6schen.<\/p><h2>9. Einreichen einer Beschwerde<\/h2><p>Wenn du mit der Art und Weise, wie wir die Verarbeitung deiner personenbezogenen Daten handhaben, nicht zufrieden bist (eine Beschwerde dar\u00fcber), hast du das Recht, eine Beschwerde bei der Datenschutzbeh\u00f6rde einzureichen.<\/p><h2>10. Kontaktangaben<\/h2><p>Stockholm Nature AB<br \/>\n        Vikstensv\u00e4gen 71, 12 156 Stockholm<br \/>\n        Schweden<br \/>\n        Website: <a href=\"https:\/\/stockholmnature.com\/de\">https:\/\/stockholmnature.com\/de<\/a> <br \/>\n        E-Mail: <span class=\"cmplz-obfuscate\">info@<span class=\"cmplz-fmail-domain\">ex.com<\/span>s&#116;&#111;c&#107;h&#111;l&#109;&#110;&#097;&#116;ur&#101;&#046;co&#109;<\/span> <br \/>\n        Rufnummer: +46 76 621 87 14<\/p><\/div>","protected":false},"excerpt":{"rendered":"","protected":false},"author":1,"featured_media":0,"parent":0,"menu_order":0,"comment_status":"closed","ping_status":"closed","template":"","meta":{"_acf_changed":false,"_breakdance_hide_in_design_set":false,"_breakdance_tags":"","footnotes":""},"class_list":["post-4047","page","type-page","status-publish","hentry"],"acf":[],"_links":{"self":[{"href":"https:\/\/stockholmnature.com\/de\/wp-json\/wp\/v2\/pages\/4047","targetHints":{"allow":["GET"]}}],"collection":[{"href":"https:\/\/stockholmnature.com\/de\/wp-json\/wp\/v2\/pages"}],"about":[{"href":"https:\/\/stockholmnature.com\/de\/wp-json\/wp\/v2\/types\/page"}],"author":[{"embeddable":true,"href":"https:\/\/stockholmnature.com\/de\/wp-json\/wp\/v2\/users\/1"}],"replies":[{"embeddable":true,"href":"https:\/\/stockholmnature.com\/de\/wp-json\/wp\/v2\/comments?post=4047"}],"version-history":[{"count":1,"href":"https:\/\/stockholmnature.com\/de\/wp-json\/wp\/v2\/pages\/4047\/revisions"}],"predecessor-version":[{"id":9579,"href":"https:\/\/stockholmnature.com\/de\/wp-json\/wp\/v2\/pages\/4047\/revisions\/9579"}],"wp:attachment":[{"href":"https:\/\/stockholmnature.com\/de\/wp-json\/wp\/v2\/media?parent=4047"}],"curies":[{"name":"wp","href":"https:\/\/api.w.org\/{rel}","templated":true}]}}