{"id":2615,"date":"2024-10-12T06:46:24","date_gmt":"2024-10-12T04:46:24","guid":{"rendered":"https:\/\/stockholmnature.com\/?page_id=2615"},"modified":"2026-01-31T03:08:16","modified_gmt":"2026-01-31T01:08:16","slug":"acerca-de","status":"publish","type":"page","link":"https:\/\/stockholmnature.com\/es\/about\/","title":{"rendered":"acerca de"},"content":{"rendered":"<section class=\"bde-section-2615-159 bde-section\">\n  \n  \n\t\n\n\n\n<div class=\"section-container\"><div class=\"bde-div-2615-160 bde-div\">\n  \n  \n\t\n\n\n\n<h1 class=\"bde-heading-2615-161 bde-heading\">\nAcerca de Stockholm Nature\n<\/h1><div class=\"bde-rich-text-2615-162 bde-rich-text breakdance-rich-text-styles\">\n<p>Desde 2017, Stockholm Nature ofrece experiencias inolvidables al aire libre, conectando a los viajeros con la belleza de los paisajes de Suecia. A lo largo de los a\u00f1os, hemos tenido el privilegio de guiar a m\u00e1s de 10.000 clientes, obteniendo una puntuaci\u00f3n media de 4,9 estrellas, un testimonio de la calidad y el cuidado que ponemos en cada tour que organizamos.<br \/><br \/>\u00bfQu\u00e9 nos diferencia? Nuestros gu\u00edas. Apasionados, experimentados y con amplios conocimientos, no se limitan a marcar el camino, sino que dan vida a la experiencia. Les encanta compartir sus conocimientos sobre la cultura sueca, las tradiciones locales y la naturaleza de forma que cada excursi\u00f3n resulte personal y enriquecedora. Tanto si es la primera vez que practica kayak como si es un excursionista experimentado, se sentir\u00e1 apoyado, inspirado y bien atendido.<br \/><br \/>Con Stockholm Nature, no se trata s\u00f3lo de estar al aire libre, sino de hacerlo de forma sostenible. Damos prioridad a los grupos peque\u00f1os, lo que garantiza un impacto ambiental m\u00ednimo y una aventura m\u00e1s \u00edntima y significativa para usted. Tambi\u00e9n disfrutar\u00e1 de opciones de comida vegetariana, vegana y sin gluten en nuestras excursiones, y siempre intentamos reducir nuestra huella utilizando el transporte p\u00fablico siempre que sea posible.<br \/><br \/>Cuando se une a una excursi\u00f3n con nosotros, no s\u00f3lo obtiene un gu\u00eda: obtiene una experiencia local, cuidadosamente planificada con respeto por la naturaleza y el modo de vida sueco. Tanto si se trata de una escapada tranquila como de una aventura llena de acci\u00f3n, te llevar\u00e1s recuerdos inolvidables de la belleza salvaje de Suecia.<\/p>\n<\/div><img decoding=\"async\" class=\"bde-image2-2615-163 bde-image2\" src=\"https:\/\/stockholmnature.com\/wp-content\/uploads\/2024\/09\/Stockholm-Nature-Team.webp\" alt=\"Una foto que muestra a todo el equipo de Stockholm Nature | Kayak &amp; Outdoors Tours\" loading=\"lazy\" srcset=\"https:\/\/stockholmnature.com\/wp-content\/uploads\/2024\/09\/Stockholm-Nature-Team.webp 1920w, https:\/\/stockholmnature.com\/wp-content\/uploads\/2024\/09\/Stockholm-Nature-Team-300x127.webp 300w, https:\/\/stockholmnature.com\/wp-content\/uploads\/2024\/09\/Stockholm-Nature-Team-1024x435.webp 1024w, https:\/\/stockholmnature.com\/wp-content\/uploads\/2024\/09\/Stockholm-Nature-Team-768x326.webp 768w, https:\/\/stockholmnature.com\/wp-content\/uploads\/2024\/09\/Stockholm-Nature-Team-1536x652.webp 1536w\" sizes=\"(max-width: 1920px) 100vw, 1920px\" title=\"\">\n<\/div><\/div>\n<\/section>","protected":false},"excerpt":{"rendered":"<p>About Stockholm Nature Since 2017, Stockholm Nature has been delivering unforgettable outdoor experiences, connecting travelers with the beauty of Sweden\u2019s landscapes. Over the years, we\u2019ve had the privilege of guiding more than 10,000 customers, earning an average rating of 4.9 stars \u2013 a testament to the quality and care we put into every tour we [&hellip;]<\/p>\n","protected":false},"author":1,"featured_media":0,"parent":0,"menu_order":0,"comment_status":"closed","ping_status":"closed","template":"","meta":{"_acf_changed":false,"_breakdance_hide_in_design_set":false,"_breakdance_tags":"","footnotes":""},"class_list":["post-2615","page","type-page","status-publish","hentry"],"acf":[],"_links":{"self":[{"href":"https:\/\/stockholmnature.com\/es\/wp-json\/wp\/v2\/pages\/2615","targetHints":{"allow":["GET"]}}],"collection":[{"href":"https:\/\/stockholmnature.com\/es\/wp-json\/wp\/v2\/pages"}],"about":[{"href":"https:\/\/stockholmnature.com\/es\/wp-json\/wp\/v2\/types\/page"}],"author":[{"embeddable":true,"href":"https:\/\/stockholmnature.com\/es\/wp-json\/wp\/v2\/users\/1"}],"replies":[{"embeddable":true,"href":"https:\/\/stockholmnature.com\/es\/wp-json\/wp\/v2\/comments?post=2615"}],"version-history":[{"count":14,"href":"https:\/\/stockholmnature.com\/es\/wp-json\/wp\/v2\/pages\/2615\/revisions"}],"predecessor-version":[{"id":9777,"href":"https:\/\/stockholmnature.com\/es\/wp-json\/wp\/v2\/pages\/2615\/revisions\/9777"}],"wp:attachment":[{"href":"https:\/\/stockholmnature.com\/es\/wp-json\/wp\/v2\/media?parent=2615"}],"curies":[{"name":"wp","href":"https:\/\/api.w.org\/{rel}","templated":true}]}}