{"id":2757,"date":"2024-10-13T07:43:07","date_gmt":"2024-10-13T05:43:07","guid":{"rendered":"https:\/\/stockholmnature.com\/?page_id=2757"},"modified":"2026-03-05T04:17:37","modified_gmt":"2026-03-05T02:17:37","slug":"programa-de-afiliados","status":"publish","type":"page","link":"https:\/\/stockholmnature.com\/es\/affiliate-program\/","title":{"rendered":"programa de afiliaci\u00f3n"},"content":{"rendered":"<section class=\"bde-section-2757-142 bde-section\">\n  \n  \n\t\n\n\n\n<div class=\"section-container\"><div class=\"bde-div-2757-143 bde-div\">\n  \n  \n\t\n\n\n\n<h1 class=\"bde-heading-2757-144 bde-heading\">\n\u00danase al Programa de Afiliaci\u00f3n\n<\/h1><div class=\"bde-rich-text-2757-145 bde-rich-text breakdance-rich-text-styles\">\n<p class=\"font_8 wixui-rich-text__text\"><span class=\"wixui-rich-text__text\"><strong>Para agentes de viajes, blogueros y personas influyentes<\/strong> <br \/><\/span><span class=\"wixui-rich-text__text\">\u00bfEres un agente de viajes, bloguero o influencer con pasi\u00f3n por la naturaleza y talento para compartir tus aventuras con el mundo? Stockholm Nature AB te invita a unirte a nuestro Programa de Afiliados, una plataforma dise\u00f1ada para unir tu pasi\u00f3n por los viajes y la naturaleza con la oportunidad de ganar dinero. Tanto si ayuda a sus clientes a encontrar su pr\u00f3xima aventura como si elabora contenidos atractivos, nuestro programa le ofrece una oportunidad \u00fanica de rentabilizar su influencia y su experiencia en viajes.<\/span><\/p>\n<p class=\"font_8 wixui-rich-text__text\"><span class=\"wixui-rich-text__text\"><strong>\u00bfQu\u00e9 es un programa de afiliaci\u00f3n de viajes?<\/strong><br \/><\/span><span class=\"wixui-rich-text__text\">El Programa de Afiliaci\u00f3n de Stockholm Nature le permite ganar dinero promocionando nuestras exclusivas aventuras al aire libre. Cuando tus recomendaciones se traduzcan en reservas, ganar\u00e1s una comisi\u00f3n.<\/span><\/p>\n<p class=\"font_8 wixui-rich-text__text\"><strong><span class=\"wixui-rich-text__text\">\u00bfCu\u00e1nto puedo ganar con Stockholm Nature?<br \/><\/span><\/strong><span class=\"wixui-rich-text__text\">Stockholm Nature, como operador tur\u00edstico directo, ofrece 10% de comisi\u00f3n por las reservas realizadas a trav\u00e9s de su enlace de recomendaci\u00f3n. Nuestras tarifas superan las de plataformas como Viator o GetYourGuide, lo que le brinda la oportunidad de obtener mayores ingresos.<\/span><\/p>\n<p class=\"font_8 wixui-rich-text__text\"><strong><span class=\"wixui-rich-text__text\">\u00bfNecesito conocimientos t\u00e9cnicos?<br \/><\/span><\/strong><span class=\"wixui-rich-text__text\">Nuestras herramientas de afiliaci\u00f3n est\u00e1n dise\u00f1adas para facilitar su uso, lo que las hace accesibles para todo el mundo. Para los interesados en una integraci\u00f3n m\u00e1s profunda, ofrecemos una API de afiliaci\u00f3n. <\/span><\/p>\n<p class=\"font_8 wixui-rich-text__text\"><strong><span class=\"wixui-rich-text__text\">Reserva directa y cancelaci\u00f3n<br \/><\/span><\/strong><span class=\"wixui-rich-text__text\">Gestione las reservas y cancelaciones a trav\u00e9s de su propio panel de control de Fareharbor. Este control directo agiliza todo el proceso, desde la reserva hasta el seguimiento de las comisiones.<br class=\"wixui-rich-text__text\" \/><br class=\"wixui-rich-text__text\" \/>P\u00f3ngase en contacto con nosotros:<br \/><a class=\"wixui-rich-text__text\" href=\"mailto:info@stockholmnature.com?subject=Affiliate%20Program\" target=\"_self\">info@stockholmnature.com<\/a><\/span><\/p>\n<\/div>\n<\/div><\/div>\n<\/section>","protected":false},"excerpt":{"rendered":"<p>Join Affiliate Program! ForTravel Agents, Bloggers, and Influencers Are you a travel agent, blogger, or influencer with a passion for the great outdoors and a talent for sharing your adventures with the world? Stockholm Nature AB invites you to join our Affiliate Program, a platform designed to bridge your passion for travel and nature with [&hellip;]<\/p>\n","protected":false},"author":1,"featured_media":0,"parent":0,"menu_order":0,"comment_status":"closed","ping_status":"closed","template":"","meta":{"_acf_changed":false,"_breakdance_hide_in_design_set":false,"_breakdance_tags":"","footnotes":""},"class_list":["post-2757","page","type-page","status-publish","hentry"],"acf":[],"_links":{"self":[{"href":"https:\/\/stockholmnature.com\/es\/wp-json\/wp\/v2\/pages\/2757","targetHints":{"allow":["GET"]}}],"collection":[{"href":"https:\/\/stockholmnature.com\/es\/wp-json\/wp\/v2\/pages"}],"about":[{"href":"https:\/\/stockholmnature.com\/es\/wp-json\/wp\/v2\/types\/page"}],"author":[{"embeddable":true,"href":"https:\/\/stockholmnature.com\/es\/wp-json\/wp\/v2\/users\/1"}],"replies":[{"embeddable":true,"href":"https:\/\/stockholmnature.com\/es\/wp-json\/wp\/v2\/comments?post=2757"}],"version-history":[{"count":15,"href":"https:\/\/stockholmnature.com\/es\/wp-json\/wp\/v2\/pages\/2757\/revisions"}],"predecessor-version":[{"id":10016,"href":"https:\/\/stockholmnature.com\/es\/wp-json\/wp\/v2\/pages\/2757\/revisions\/10016"}],"wp:attachment":[{"href":"https:\/\/stockholmnature.com\/es\/wp-json\/wp\/v2\/media?parent=2757"}],"curies":[{"name":"wp","href":"https:\/\/api.w.org\/{rel}","templated":true}]}}