{"id":2764,"date":"2024-10-13T07:36:35","date_gmt":"2024-10-13T05:36:35","guid":{"rendered":"https:\/\/stockholmnature.com\/?page_id=2764"},"modified":"2026-01-30T10:19:13","modified_gmt":"2026-01-30T08:19:13","slug":"puestos-de-trabajo","status":"publish","type":"page","link":"https:\/\/stockholmnature.com\/es\/jobs\/","title":{"rendered":"puestos de trabajo"},"content":{"rendered":"<section class=\"bde-section-2764-118 bde-section\">\n  \n  \n\t\n\n\n\n<div class=\"section-container\"><div class=\"bde-div-2764-119 bde-div\">\n  \n  \n\t\n\n\n\n<h1 class=\"bde-heading-2764-120 bde-heading\">\nTrabajos de Gu\u00eda Tur\u00edstico en Estocolmo | Temporada de Verano 2026\n<\/h1><div class=\"bde-div-2764-134 bde-div\">\n  \n  \n\t\n\n\n\n<div class=\"bde-rich-text-2764-121 bde-rich-text breakdance-rich-text-styles\">\n<blockquote>\n<div class=\"x_elementToProof\">\n<div class=\"x_elementToProof\" data-olk-copy-source=\"MessageBody\"><a href=\"https:\/\/stockholmnature.com\/es\/acerca-de\/\" data-wplink-edit=\"true\">Naturaleza de Estocolmo<\/a> organiza excursiones guiadas en kayak, a pie y en bicicleta por Estocolmo y sus alrededores. Trabajamos en peque\u00f1os equipos y nos centramos en crear experiencias al aire libre relajadas y bien dirigidas para nuestros hu\u00e9spedes. Para la temporada 2026, buscamos gu\u00edas. Las funciones pueden combinarse en funci\u00f3n de la experiencia y la disponibilidad.<br \/><br \/><\/div>\n<div class=\"x_elementToProof\">Qu\u00e9 ofrecemos<\/div>\n<ul>\n<li>Formaci\u00f3n para personas motivadas, incluso sin experiencia previa como gu\u00eda<\/li>\n<li>Puestos flexibles, incluido el trabajo regular y de guardia<\/li>\n<li>Oportunidades de pr\u00e1cticas para quienes deseen adquirir experiencia como gu\u00edas<\/li>\n<li>Salario base por hora, con todas las propinas pagadas directamente a usted.<\/li>\n<li>Grupos reducidos y un equipo de gu\u00edas de apoyo<\/li>\n<\/ul>\n<div class=\"x_elementToProof\">Si tiene alguna habilidad espec\u00edfica o experiencia en actividades al aire libre, estaremos encantados de o\u00edr c\u00f3mo podr\u00eda encajar en nuestro equipo. Env\u00edenos su CV y una breve carta de presentaci\u00f3n.<\/div>\n<\/div>\n<\/blockquote>\n<\/div>\n<\/div>\n<\/div><div class=\"bde-div-2764-147 bde-div\">\n  \n  \n\t\n\n\n\n<div class=\"bde-div-2764-151 bde-div\">\n  \n  \n\t\n\n\n\n<div class=\"bde-div-2764-152 bde-div\">\n  \n  \n\t\n\n\n\n<img decoding=\"async\" class=\"bde-image2-2764-146 bde-image2\" src=\"https:\/\/stockholmnature.com\/wp-content\/uploads\/2026\/01\/Stockholm-Nature-Team.webp\" alt=\"Stockholm Nature team photo | trabajos de gu\u00eda tur\u00edstico en Estocolmo\" loading=\"lazy\" srcset=\"https:\/\/stockholmnature.com\/wp-content\/uploads\/2026\/01\/Stockholm-Nature-Team.webp 1920w, https:\/\/stockholmnature.com\/wp-content\/uploads\/2026\/01\/Stockholm-Nature-Team-300x127.webp 300w, https:\/\/stockholmnature.com\/wp-content\/uploads\/2026\/01\/Stockholm-Nature-Team-1024x435.webp 1024w, https:\/\/stockholmnature.com\/wp-content\/uploads\/2026\/01\/Stockholm-Nature-Team-768x326.webp 768w, https:\/\/stockholmnature.com\/wp-content\/uploads\/2026\/01\/Stockholm-Nature-Team-1536x652.webp 1536w, https:\/\/stockholmnature.com\/wp-content\/uploads\/2026\/01\/Stockholm-Nature-Team-18x8.webp 18w\" sizes=\"(max-width: 1920px) 100vw, 1920px\" title=\"\">\n<\/div>\n<\/div>\n<\/div><div class=\"bde-div-2764-112 bde-div\">\n  \n  \n\t\n\n\n\n<h4 class=\"bde-heading-2764-113 bde-heading\">\nGu\u00eda de kayak\n<\/h4><div class=\"bde-rich-text-2764-114 bde-rich-text breakdance-rich-text-styles\">\n<blockquote>\n<div class=\"x_elementToProof\">\n<div class=\"x_elementToProof\">\n<p data-start=\"277\" data-end=\"559\">Como gu\u00eda de kayak, guiar\u00e1 a los hu\u00e9spedes por las v\u00edas navegables de Estocolmo, tanto en la ciudad como en el archipi\u00e9lago. Los recorridos van desde paseos cortos por la ciudad hasta excursiones de varios d\u00edas en kayak con acampada.<\/p>\n<\/div>\n<div class=\"x_elementToProof\">\n<div class=\"x_elementToProof\">Su papel<\/div>\n<ul>\n<li>Dirigir y gestionar las visitas de forma independiente<\/li>\n<li>Garantizar la seguridad de los hu\u00e9spedes en todo momento<\/li>\n<li>Compartir conocimientos e historias locales por el camino<\/li>\n<li>Evaluar el tiempo antes y durante las visitas<\/li>\n<\/ul>\n<div class=\"x_elementToProof\">Buscamos<\/div>\n<ul>\n<li>Personas con experiencia previa en kayak<\/li>\n<li>Jugadores de equipo amables y extrovertidos<\/li>\n<li>Ingl\u00e9s fluido (se valorar\u00e1n otros idiomas)<\/li>\n<li>\n<div class=\"x_elementToProof\" role=\"presentation\">Residencia en Estocolmo con n\u00famero personal sueco<\/div>\n<\/li>\n<\/ul>\n<\/div>\n<div class=\"x_elementToProof\">\n<div class=\"x_elementToProof\" role=\"presentation\">\n<div class=\"x_elementToProof\" role=\"presentation\">Temporada<\/div>\n<ul>\n<li class=\"x_elementToProof\" role=\"presentation\">De mayo a septiembre, con posibilidad de pr\u00f3rroga o todo el a\u00f1o<\/li>\n<\/ul>\n<\/div>\n<\/div>\n<\/div>\n<\/blockquote>\n<\/div><div class=\"bde-div-2764-140 bde-div\">\n  \n  \n\t\n\n\n\n<div class=\"bde-div-2764-141 bde-div\">\n  \n  \n\t\n\n\n\n<div class=\"bde-button-2764-142 bde-button\">\n    \n                        \n                        \n    \n    \n    \n    \n            \n                    \n            \n            \n\n    \n    \n    \n    \n    \n    <a class=\"breakdance-link button-atom button-atom--custom bde-button__button\" href=\"https:\/\/stockholmnature.com\/es\/contacto\/\" target=\"_self\" data-type=\"url\"  >\n\n    \n        <span class=\"button-atom__text\">Solicitar ahora<\/span>\n\n        \n        \n                <\/a>\n\n    \n\n\n<\/div>\n<\/div>\n<\/div><div class=\"autogenerated-blce-ribbon-2764-126 autogenerated-blce-ribbon\">\n <div class=\"ribbon\">\n    ABIERTO\n   \n  <\/div>\n\n\n\n\n\n\n<\/div>\n<\/div><div class=\"bde-div-2764-115 bde-div\">\n  \n  \n\t\n\n\n\n<h4 class=\"bde-heading-2764-116 bde-heading\">\nGu\u00eda de senderismo\n<\/h4><div class=\"bde-rich-text-2764-117 bde-rich-text breakdance-rich-text-styles\">\n<blockquote>\n<div class=\"x_elementToProof\">\n<div class=\"x_elementToProof\">\n<div class=\"x_elementToProof\">\n<div class=\"x_elementToProof\" data-olk-copy-source=\"MessageBody\">\n<p data-start=\"133\" data-end=\"391\">Como gu\u00eda de senderismo, guiar\u00e1s a peque\u00f1os grupos en excursiones por la naturaleza cerca de Estocolmo. Las excursiones se centran en un ritmo relajado, en pasar tiempo al aire libre y en compartir conocimientos sobre el entorno local y la cultura sueca de actividades al aire libre.<\/p>\n<\/div>\n<div class=\"x_elementToProof\">Su papel<\/div>\n<ul>\n<li>Dirigir y gestionar de forma aut\u00f3noma excursiones de senderismo<\/li>\n<li>Garantizar la seguridad de los hu\u00e9spedes<\/li>\n<li>Compartir impresiones sobre la naturaleza, los paisajes y la vida local<\/li>\n<li>Prepare comidas de campamento directamente en la naturaleza<\/li>\n<li>Compruebe diariamente las condiciones meteorol\u00f3gicas y las restricciones a la prohibici\u00f3n de incendios<\/li>\n<\/ul>\n<div class=\"x_elementToProof\">Buscamos<\/div>\n<ul>\n<li>Experiencia en senderismo o actividades al aire libre<\/li>\n<li>Jugadores de equipo amables y extrovertidos<\/li>\n<li>Ingl\u00e9s fluido (se valorar\u00e1n otros idiomas)<\/li>\n<li>Residencia en Estocolmo con n\u00famero personal sueco<\/li>\n<\/ul>\n<div class=\"x_elementToProof\" role=\"presentation\">Temporada<\/div>\n<ul>\n<li>De marzo a septiembre, con posibilidad de trabajo prolongado o durante todo el a\u00f1o<\/li>\n<\/ul>\n<\/div>\n<\/div>\n<\/div>\n<\/blockquote>\n<\/div><div class=\"autogenerated-blce-ribbon-2764-125 autogenerated-blce-ribbon\">\n <div class=\"ribbon\">\n    ABIERTO\n   \n  <\/div>\n\n\n\n\n\n\n<\/div><div class=\"bde-div-2764-137 bde-div\">\n  \n  \n\t\n\n\n\n<div class=\"bde-div-2764-138 bde-div\">\n  \n  \n\t\n\n\n\n<div class=\"bde-button-2764-139 bde-button\">\n    \n                        \n                        \n    \n    \n    \n    \n            \n                    \n            \n            \n\n    \n    \n    \n    \n    \n    <a class=\"breakdance-link button-atom button-atom--custom bde-button__button\" href=\"https:\/\/stockholmnature.com\/es\/contacto\/\" target=\"_self\" data-type=\"url\"  >\n\n    \n        <span class=\"button-atom__text\">Solicitar ahora<\/span>\n\n        \n        \n                <\/a>\n\n    \n\n\n<\/div>\n<\/div>\n<\/div>\n<\/div><div class=\"bde-div-2764-122 bde-div\">\n  \n  \n\t\n\n\n\n<h4 class=\"bde-heading-2764-123 bde-heading\">\nGu\u00eda de ciclismo\n<\/h4><div class=\"bde-rich-text-2764-124 bde-rich-text breakdance-rich-text-styles\">\n<blockquote>\n<div class=\"x_elementToProof\">\n<div class=\"x_elementToProof\" data-olk-copy-source=\"MessageBody\">\n<p data-start=\"119\" data-end=\"349\">Como gu\u00eda de ciclismo, guiar\u00e1s a peque\u00f1os grupos en excursiones en bicicleta por Estocolmo y sus alrededores. Los recorridos se centran en un ritmo relajado, una conducci\u00f3n segura y el intercambio de informaci\u00f3n sobre la ciudad, la historia local y la vida cotidiana a lo largo de la ruta. Esta funci\u00f3n se realiza principalmente durante los meses m\u00e1s c\u00e1lidos y puede combinarse con senderismo o kayak, dependiendo de la experiencia y la disponibilidad.<\/p>\n<\/div>\n<div class=\"x_elementToProof\">Su papel<\/div>\n<ul>\n<li>Dirigir y gestionar excursiones en bicicleta de forma independiente<\/li>\n<li>Garantizar la seguridad de los invitados durante todo el recorrido<\/li>\n<li>Compartir datos curiosos, historias y puntos de vista locales durante el recorrido<\/li>\n<li>Preparar y revisar las bicicletas antes de cada recorrido<\/li>\n<li>Vigilar las condiciones meteorol\u00f3gicas y adaptar las rutas cuando sea necesario<\/li>\n<\/ul>\n<div class=\"x_elementToProof\">Buscamos<\/div>\n<ul>\n<li>Buenos conocimientos de ciclismo y confianza para circular en entornos urbanos<\/li>\n<li>Inter\u00e9s por la historia local, la cultura y la vida de la ciudad<\/li>\n<li>Personalidad amable, tranquila y responsable<\/li>\n<li>Ingl\u00e9s fluido (se valorar\u00e1n otros idiomas)<\/li>\n<li>Residencia en Estocolmo con n\u00famero personal sueco<\/li>\n<li>Disponibilidad a tiempo parcial, flexible o de guardia<\/li>\n<\/ul>\n<p>Temporada<\/p>\n<ul>\n<li>De abril a octubre, con posibilidad de otros trabajos de gu\u00eda durante el invierno.<\/li>\n<\/ul>\n<\/div>\n<\/blockquote>\n<\/div><div class=\"autogenerated-blce-ribbon-2764-127 autogenerated-blce-ribbon\">\n <div class=\"ribbon\">\n    ABIERTO\n   \n  <\/div>\n\n\n\n\n\n\n<\/div><div class=\"bde-div-2764-135 bde-div\">\n  \n  \n\t\n\n\n\n<div class=\"bde-div-2764-136 bde-div\">\n  \n  \n\t\n\n\n\n<div class=\"bde-button-2764-128 bde-button\">\n    \n                        \n                        \n    \n    \n    \n    \n            \n                    \n            \n            \n\n    \n    \n    \n    \n    \n    <a class=\"breakdance-link button-atom button-atom--custom bde-button__button\" href=\"https:\/\/stockholmnature.com\/es\/contacto\/\" target=\"_self\" data-type=\"url\"  >\n\n    \n        <span class=\"button-atom__text\">Solicitar ahora<\/span>\n\n        \n        \n                <\/a>\n\n    \n\n\n<\/div>\n<\/div>\n<\/div>\n<\/div><\/div>\n<\/section>","protected":false},"excerpt":{"rendered":"<p>Tour Guide Jobs in Stockholm | Summer Season 2026 Stockholm Nature runs guided kayak, hiking, and biking tours in and around Stockholm. We work in small teams and focus on creating relaxed, well run outdoor experiences for our guests. For the 2026 season, we are looking for guides. Roles can be combined depending on experience [&hellip;]<\/p>\n","protected":false},"author":8,"featured_media":0,"parent":0,"menu_order":0,"comment_status":"closed","ping_status":"closed","template":"","meta":{"_acf_changed":false,"_breakdance_hide_in_design_set":false,"_breakdance_tags":"","footnotes":""},"class_list":["post-2764","page","type-page","status-publish","hentry"],"acf":[],"_links":{"self":[{"href":"https:\/\/stockholmnature.com\/es\/wp-json\/wp\/v2\/pages\/2764","targetHints":{"allow":["GET"]}}],"collection":[{"href":"https:\/\/stockholmnature.com\/es\/wp-json\/wp\/v2\/pages"}],"about":[{"href":"https:\/\/stockholmnature.com\/es\/wp-json\/wp\/v2\/types\/page"}],"author":[{"embeddable":true,"href":"https:\/\/stockholmnature.com\/es\/wp-json\/wp\/v2\/users\/8"}],"replies":[{"embeddable":true,"href":"https:\/\/stockholmnature.com\/es\/wp-json\/wp\/v2\/comments?post=2764"}],"version-history":[{"count":40,"href":"https:\/\/stockholmnature.com\/es\/wp-json\/wp\/v2\/pages\/2764\/revisions"}],"predecessor-version":[{"id":10178,"href":"https:\/\/stockholmnature.com\/es\/wp-json\/wp\/v2\/pages\/2764\/revisions\/10178"}],"wp:attachment":[{"href":"https:\/\/stockholmnature.com\/es\/wp-json\/wp\/v2\/media?parent=2764"}],"curies":[{"name":"wp","href":"https:\/\/api.w.org\/{rel}","templated":true}]}}