{"id":3423,"date":"2024-10-22T09:23:19","date_gmt":"2024-10-22T07:23:19","guid":{"rendered":"https:\/\/stockholmnature.com\/?page_id=3423"},"modified":"2025-10-13T10:45:48","modified_gmt":"2025-10-13T08:45:48","slug":"visitas-privadas-en-estocolmo","status":"publish","type":"page","link":"https:\/\/stockholmnature.com\/es\/private-tours-in-stockholm\/","title":{"rendered":"visitas privadas en estocolmo"},"content":{"rendered":"<section class=\"bde-section-3423-246 bde-section\">\n  \n  \n\t\n\n\n\n<div class=\"section-container\"><div class=\"bde-div-3423-251 bde-div\">\n  \n  \n\t\n\n\n\n<img decoding=\"async\" class=\"bde-image2-3423-256 bde-image2\" src=\"https:\/\/stockholmnature.com\/wp-content\/uploads\/2024\/10\/private-tours-in-stockholm-header.webp\" alt=\"Visitas privadas en Estocolmo y eventos en cooperaci\u00f3n\" srcset=\"https:\/\/stockholmnature.com\/wp-content\/uploads\/2024\/10\/private-tours-in-stockholm-header.webp 1920w, https:\/\/stockholmnature.com\/wp-content\/uploads\/2024\/10\/private-tours-in-stockholm-header-300x169.webp 300w, https:\/\/stockholmnature.com\/wp-content\/uploads\/2024\/10\/private-tours-in-stockholm-header-1024x576.webp 1024w, https:\/\/stockholmnature.com\/wp-content\/uploads\/2024\/10\/private-tours-in-stockholm-header-768x432.webp 768w, https:\/\/stockholmnature.com\/wp-content\/uploads\/2024\/10\/private-tours-in-stockholm-header-1536x864.webp 1536w, https:\/\/stockholmnature.com\/wp-content\/uploads\/2024\/10\/private-tours-in-stockholm-header-18x10.webp 18w\" sizes=\"(max-width: 1920px) 100vw, 1920px\" title=\"\"><div class=\"bde-div-3423-252 bde-div\">\n              \n  \n  \n\t\n\n  <div class=\"section-background-overlay\"><\/div>\n\n\n\n<\/div><div class=\"bde-div-3423-253 bde-div\">\n  \n  \n\t\n\n\n\n<h1 class=\"bde-heading-3423-448 bde-heading\">\nVisitas guiadas privadas en Estocolmo\n<\/h1><a class=\"bde-container-link-3423-262 bde-container-link breakdance-link\" href=\"https:\/\/stockholmnature.com\/es\/contacto\/\" target=\"_self\" data-type=\"url\">\n  \n  \n\t\n\n\n\n<div class=\"bde-div-3423-263 bde-div\">\n  \n  \n\t\n\n\n\n<div class=\"bde-columns-3423-264 bde-columns\"><div class=\"bde-column-3423-265 bde-column\">\n  \n  \n\t\n\n\n\n<div class=\"bde-text-3423-266 bde-text\">\nTouroperador oficial\n<\/div><div class=\"bde-icon-3423-267 bde-icon\">\n\n    \n            <div class=\"bde-icon-icon breakdance-icon-atom\" >\n    \n                    <svg xmlns=\"https:\/\/www.w3.org\/2000\/svg\" viewbox=\"0 0 512 512\"><!--! Font Awesome Free 6.5.1 by @fontawesome - https:\/\/fontawesome.com License - https:\/\/fontawesome.com\/license\/free (Icons: CC BY 4.0, Fonts: SIL OFL 1.1, Code: MIT License) Copyright 2023 Fonticons, Inc. --><path d=\"M256 512A256 256 0 1 0 256 0a256 256 0 1 0 0 512zM369 209L241 337c-9.4 9.4-24.6 9.4-33.9 0l-64-64c-9.4-9.4-9.4-24.6 0-33.9s24.6-9.4 33.9 0l47 47L335 175c9.4-9.4 24.6-9.4 33.9 0s9.4 24.6 0 33.9z\"\/><\/svg>\n        \n        \n        \n            <\/div>\n    \n\n\n<\/div>\n<\/div><\/div>\n<\/div>\n\n<\/a>\n<\/div>\n<\/div><\/div>\n<\/section><section class=\"bde-section-3423-279 bde-section\">\n  \n  \n\t\n\n\n\n<div class=\"section-container\"><div class=\"bde-columns-3423-280 bde-columns\"><div class=\"bde-column-3423-281 bde-column\">\n  \n  \n\t\n\n\n\n<h2 class=\"bde-dual-heading-3423-282 bde-dual-heading\">\n\n\n            <span data-style=\"secondary\" class=\"dual-heading--secondary  js-annotate\">TOP Visitas Privadas Estocolmo<\/span>\n\n\n\n<\/h2><div class=\"bde-div-3423-283 bde-div\">\n  \n  \n\t\n\n\n\n<div class=\"bde-code-block-3423-284 bde-code-block\">\n\n  <script defer async src='https:\/\/cdn.trustindex.io\/loader.js?a5e5a7a434a34216cb262cd1a98'><\/script>\n\n\n<\/div>\n<\/div>\n<\/div><\/div><div class=\"bde-rich-text-3423-285 bde-rich-text breakdance-rich-text-styles\">\n<p style=\"text-align: left;\">Explore Estocolmo de una forma \u00fanica, con nuestras visitas guiadas privadas. Tanto si desea explorar los lugares emblem\u00e1ticos de la ciudad, remar por el archipi\u00e9lago o aventurarse en la naturaleza sueca. Estamos especializados en adaptar cada aventura a las preferencias de su grupo, lo que le permitir\u00e1 disfrutar de una aventura al aire libre tan relajada o desafiante como desee. Desde grupos peque\u00f1os hasta grandes grupos, nuestras excursiones privadas a medida ofrecen flexibilidad y personalizaci\u00f3n.<\/p>\n<\/div><\/div>\n<\/section><section class=\"bde-section-3423-107 bde-section\">\n  \n  \n\t\n\n\n\n<div class=\"section-container\"><div class=\"bde-columns-3423-110 bde-columns\"><div class=\"bde-column-3423-119 bde-column\">\n  \n  \n\t\n\n\n\n<div class=\"bde-div-3423-120 bde-div\">\n  \n  \n\t\n\n\n\n<div class=\"bde-image-3423-121 bde-image\">\n<figure class=\"breakdance-image breakdance-image--3471\">\n\t<div class=\"breakdance-image-container\">\n\t\t<div class=\"breakdance-image-clip\"><img loading=\"lazy\" decoding=\"async\" class=\"breakdance-image-object\" src=\"https:\/\/stockholmnature.com\/wp-content\/uploads\/2024\/10\/Company-Events-in-Stockholm.webp\" width=\"1200\" height=\"902\" srcset=\"https:\/\/stockholmnature.com\/wp-content\/uploads\/2024\/10\/Company-Events-in-Stockholm.webp 1200w, https:\/\/stockholmnature.com\/wp-content\/uploads\/2024\/10\/Company-Events-in-Stockholm-300x226.webp 300w, https:\/\/stockholmnature.com\/wp-content\/uploads\/2024\/10\/Company-Events-in-Stockholm-1024x770.webp 1024w, https:\/\/stockholmnature.com\/wp-content\/uploads\/2024\/10\/Company-Events-in-Stockholm-768x577.webp 768w, https:\/\/stockholmnature.com\/wp-content\/uploads\/2024\/10\/Company-Events-in-Stockholm-16x12.webp 16w\" sizes=\"auto, (max-width: 1200px) 100vw, 1200px\" alt=\"Grupo de kayakistas en eventos de empresa en Estocolmo\" title=\"\"><\/div>\n\t<\/div><\/figure>\n\n<\/div>\n<\/div><div class=\"bde-div-3423-122 bde-div\">\n  \n  \n\t\n\n\n\n<h4 class=\"bde-heading-3423-123 bde-heading\">\nEventos de empresa\n<\/h4><div class=\"bde-text-3423-124 bde-text\">\n\u00bfBusca una forma \u00fanica de impresionar a sus clientes o recompensar a sus empleados? Nuestros viajes de empresa ofrecen una gran mezcla de relajaci\u00f3n y aventura. Ya se trate de kayak, senderismo o una excursi\u00f3n a una isla, su equipo disfrutar\u00e1 de un tiempo juntos en un bello entorno, lejos de la habitual sala de conferencias. Adaptaremos la excursi\u00f3n a sus horarios y necesidades, convirti\u00e9ndola en un d\u00eda memorable para todos los participantes.\n<\/div><div class=\"bde-div-3423-385 bde-div\">\n  \n  \n\t\n\n\n\n<div class=\"bde-text-3423-386 bde-text\">\nPor ejemplo:\n<\/div><h4 class=\"bde-heading-3423-387 bde-heading\">\nEn kayak por Estocolmo\n<\/h4><div class=\"bde-div-3423-388 bde-div\">\n  \n  \n\t\n\n\n\n<div class=\"bde-div-3423-389 bde-div\">\n  \n  \n\t\n\n\n\n<div class=\"bde-icon-3423-390 bde-icon\">\n\n    \n            <div class=\"bde-icon-icon breakdance-icon-atom\" >\n    \n                    <svg xmlns=\"http:\/\/www.w3.org\/2000\/svg\" viewbox=\"0 0 512 512\"><!--! Font Awesome Free 6.5.1 by @fontawesome - https:\/\/fontawesome.com License - https:\/\/fontawesome.com\/license\/free (Icons: CC BY 4.0, Fonts: SIL OFL 1.1, Code: MIT License) Copyright 2023 Fonticons, Inc. --><path d=\"M464 256A208 208 0 1 1 48 256a208 208 0 1 1 416 0zM0 256a256 256 0 1 0 512 0A256 256 0 1 0 0 256zM232 120V256c0 8 4 15.5 10.7 20l96 64c11 7.4 25.9 4.4 33.3-6.7s4.4-25.9-6.7-33.3L280 243.2V120c0-13.3-10.7-24-24-24s-24 10.7-24 24z\"\/><\/svg>\n        \n        \n        \n            <\/div>\n    \n\n\n<\/div><div class=\"bde-div-3423-391 bde-div\">\n  \n  \n\t\n\n\n\n<div class=\"bde-div-3423-392 bde-div\">\n  \n  \n\t\n\n\n\n<div class=\"bde-text-3423-393 bde-text\">\n2 horas\n<\/div>\n<\/div>\n<\/div>\n<\/div><div class=\"bde-div-3423-394 bde-div\">\n  \n  \n\t\n\n\n\n<div class=\"bde-icon-3423-395 bde-icon\">\n\n    \n            <div class=\"bde-icon-icon breakdance-icon-atom\" >\n    \n                    <svg xmlns=\"http:\/\/www.w3.org\/2000\/svg\" viewbox=\"0 0 576 512\"><!--! Font Awesome Free 6.5.1 by @fontawesome - https:\/\/fontawesome.com License - https:\/\/fontawesome.com\/license\/free (Icons: CC BY 4.0, Fonts: SIL OFL 1.1, Code: MIT License) Copyright 2023 Fonticons, Inc. --><path d=\"M112 48a48 48 0 1 1 96 0 48 48 0 1 1 -96 0zm40 304V480c0 17.7-14.3 32-32 32s-32-14.3-32-32V256.9L59.4 304.5c-9.1 15.1-28.8 20-43.9 10.9s-20-28.8-10.9-43.9l58.3-97c17.4-28.9 48.6-46.6 82.3-46.6h29.7c33.7 0 64.9 17.7 82.3 46.6l44.9 74.7c-16.1 17.6-28.6 38.5-36.6 61.5c-1.9-1.8-3.5-3.9-4.9-6.3L232 256.9V480c0 17.7-14.3 32-32 32s-32-14.3-32-32V352H152zM432 224a144 144 0 1 1 0 288 144 144 0 1 1 0-288zm0 240a24 24 0 1 0 0-48 24 24 0 1 0 0 48zm0-192c-8.8 0-16 7.2-16 16v80c0 8.8 7.2 16 16 16s16-7.2 16-16V288c0-8.8-7.2-16-16-16z\"\/><\/svg>\n        \n        \n        \n            <\/div>\n    \n\n\n<\/div><div class=\"bde-div-3423-396 bde-div\">\n  \n  \n\t\n\n\n\n<div class=\"bde-div-3423-397 bde-div\">\n  \n  \n\t\n\n\n\n<div class=\"bde-text-3423-398 bde-text\">\n12 - 40 personas\n<\/div>\n<\/div>\n<\/div>\n<\/div><div class=\"bde-div-3423-399 bde-div\">\n  \n  \n\t\n\n\n\n<div class=\"bde-text-3423-400 bde-text\">\nEn\n<\/div><div class=\"bde-div-3423-401 bde-div\">\n  \n  \n\t\n\n\n\n<div class=\"bde-text-3423-402 bde-text\">\nSEK\n<\/div><div class=\"bde-text-3423-403 bde-text\">\n600\n<\/div>\n<\/div>\n<\/div>\n<\/div>\n<\/div><div class=\"bde-div-3423-125 bde-div\">\n  \n  \n\t\n\n\n\n<div class=\"bde-button-3423-186 bde-button\">\n        \n    \n    \n    \n    \n            \n                    \n            \n            \n\n    \n    \n    \n    \n    \n    <a class=\"breakdance-link button-atom button-atom--custom bde-button__button\" href=\"https:\/\/stockholmnature.com\/es\/contacto\/\" target=\"_blank\" data-type=\"url\"  >\n\n    \n        <span class=\"button-atom__text\">P\u00f3ngase en contacto con nosotros<\/span>\n\n        \n        \n                <\/a>\n\n    \n\n\n<\/div>\n<\/div>\n<\/div>\n<\/div><div class=\"bde-column-3423-153 bde-column\">\n  \n  \n\t\n\n\n\n<div class=\"bde-div-3423-154 bde-div\">\n  \n  \n\t\n\n\n\n<div class=\"bde-image-3423-155 bde-image\">\n<figure class=\"breakdance-image breakdance-image--3468\">\n\t<div class=\"breakdance-image-container\">\n\t\t<div class=\"breakdance-image-clip\"><img loading=\"lazy\" decoding=\"async\" class=\"breakdance-image-object\" src=\"https:\/\/stockholmnature.com\/wp-content\/uploads\/2024\/10\/Team-Building-Events-Stockholm.webp\" width=\"1920\" height=\"1280\" srcset=\"https:\/\/stockholmnature.com\/wp-content\/uploads\/2024\/10\/Team-Building-Events-Stockholm.webp 1920w, https:\/\/stockholmnature.com\/wp-content\/uploads\/2024\/10\/Team-Building-Events-Stockholm-300x200.webp 300w, https:\/\/stockholmnature.com\/wp-content\/uploads\/2024\/10\/Team-Building-Events-Stockholm-1024x683.webp 1024w, https:\/\/stockholmnature.com\/wp-content\/uploads\/2024\/10\/Team-Building-Events-Stockholm-768x512.webp 768w, https:\/\/stockholmnature.com\/wp-content\/uploads\/2024\/10\/Team-Building-Events-Stockholm-1536x1024.webp 1536w, https:\/\/stockholmnature.com\/wp-content\/uploads\/2024\/10\/Team-Building-Events-Stockholm-18x12.webp 18w\" sizes=\"auto, (max-width: 1920px) 100vw, 1920px\" alt=\"Grupo de Participantes en un Evento de Team Building en Estocolmo\" title=\"\"><\/div>\n\t<\/div><\/figure>\n\n<\/div>\n<\/div><div class=\"bde-div-3423-156 bde-div\">\n  \n  \n\t\n\n\n\n<h4 class=\"bde-heading-3423-157 bde-heading\">\nEventos de creaci\u00f3n de equipos\n<\/h4><div class=\"bde-text-3423-158 bde-text\">\nFortalezca su equipo con una aventura al aire libre. Nuestros eventos de creaci\u00f3n de equipos fomentan la comunicaci\u00f3n y el esp\u00edritu de equipo. Ya sea navegando por las v\u00edas fluviales de Estocolmo o haciendo senderismo por paisajes pintorescos, su equipo estrechar\u00e1 lazos a trav\u00e9s de retos y experiencias compartidos. Podemos personalizar la experiencia para adaptarla a sus objetivos, asegur\u00e1ndonos de que el d\u00eda sea divertido, gratificante e impactante.\n<\/div><div class=\"bde-div-3423-427 bde-div\">\n  \n  \n\t\n\n\n\n<div class=\"bde-text-3423-428 bde-text\">\nPor ejemplo:\n<\/div><h4 class=\"bde-heading-3423-429 bde-heading\">\nEn bicicleta por Estocolmo\n<\/h4><div class=\"bde-div-3423-430 bde-div\">\n  \n  \n\t\n\n\n\n<div class=\"bde-div-3423-431 bde-div\">\n  \n  \n\t\n\n\n\n<div class=\"bde-icon-3423-432 bde-icon\">\n\n    \n            <div class=\"bde-icon-icon breakdance-icon-atom\" >\n    \n                    <svg xmlns=\"http:\/\/www.w3.org\/2000\/svg\" viewbox=\"0 0 512 512\"><!--! Font Awesome Free 6.5.1 by @fontawesome - https:\/\/fontawesome.com License - https:\/\/fontawesome.com\/license\/free (Icons: CC BY 4.0, Fonts: SIL OFL 1.1, Code: MIT License) Copyright 2023 Fonticons, Inc. --><path d=\"M464 256A208 208 0 1 1 48 256a208 208 0 1 1 416 0zM0 256a256 256 0 1 0 512 0A256 256 0 1 0 0 256zM232 120V256c0 8 4 15.5 10.7 20l96 64c11 7.4 25.9 4.4 33.3-6.7s4.4-25.9-6.7-33.3L280 243.2V120c0-13.3-10.7-24-24-24s-24 10.7-24 24z\"\/><\/svg>\n        \n        \n        \n            <\/div>\n    \n\n\n<\/div><div class=\"bde-div-3423-433 bde-div\">\n  \n  \n\t\n\n\n\n<div class=\"bde-div-3423-434 bde-div\">\n  \n  \n\t\n\n\n\n<div class=\"bde-text-3423-435 bde-text\">\n3 horas\n<\/div>\n<\/div>\n<\/div>\n<\/div><div class=\"bde-div-3423-436 bde-div\">\n  \n  \n\t\n\n\n\n<div class=\"bde-icon-3423-437 bde-icon\">\n\n    \n            <div class=\"bde-icon-icon breakdance-icon-atom\" >\n    \n                    <svg xmlns=\"http:\/\/www.w3.org\/2000\/svg\" viewbox=\"0 0 576 512\"><!--! Font Awesome Free 6.5.1 by @fontawesome - https:\/\/fontawesome.com License - https:\/\/fontawesome.com\/license\/free (Icons: CC BY 4.0, Fonts: SIL OFL 1.1, Code: MIT License) Copyright 2023 Fonticons, Inc. --><path d=\"M112 48a48 48 0 1 1 96 0 48 48 0 1 1 -96 0zm40 304V480c0 17.7-14.3 32-32 32s-32-14.3-32-32V256.9L59.4 304.5c-9.1 15.1-28.8 20-43.9 10.9s-20-28.8-10.9-43.9l58.3-97c17.4-28.9 48.6-46.6 82.3-46.6h29.7c33.7 0 64.9 17.7 82.3 46.6l44.9 74.7c-16.1 17.6-28.6 38.5-36.6 61.5c-1.9-1.8-3.5-3.9-4.9-6.3L232 256.9V480c0 17.7-14.3 32-32 32s-32-14.3-32-32V352H152zM432 224a144 144 0 1 1 0 288 144 144 0 1 1 0-288zm0 240a24 24 0 1 0 0-48 24 24 0 1 0 0 48zm0-192c-8.8 0-16 7.2-16 16v80c0 8.8 7.2 16 16 16s16-7.2 16-16V288c0-8.8-7.2-16-16-16z\"\/><\/svg>\n        \n        \n        \n            <\/div>\n    \n\n\n<\/div><div class=\"bde-div-3423-438 bde-div\">\n  \n  \n\t\n\n\n\n<div class=\"bde-div-3423-439 bde-div\">\n  \n  \n\t\n\n\n\n<div class=\"bde-text-3423-440 bde-text\">\n12 - 40 personas\n<\/div>\n<\/div>\n<\/div>\n<\/div><div class=\"bde-div-3423-441 bde-div\">\n  \n  \n\t\n\n\n\n<div class=\"bde-text-3423-442 bde-text\">\nEn\n<\/div><div class=\"bde-div-3423-443 bde-div\">\n  \n  \n\t\n\n\n\n<div class=\"bde-text-3423-444 bde-text\">\nSEK\n<\/div><div class=\"bde-text-3423-445 bde-text\">\n550\n<\/div>\n<\/div>\n<\/div>\n<\/div>\n<\/div><div class=\"bde-div-3423-159 bde-div\">\n  \n  \n\t\n\n\n\n<div class=\"bde-button-3423-269 bde-button\">\n        \n    \n    \n    \n    \n            \n                    \n            \n            \n\n    \n    \n    \n    \n    \n    <a class=\"breakdance-link button-atom button-atom--custom bde-button__button\" href=\"https:\/\/stockholmnature.com\/es\/contacto\/\" target=\"_blank\" data-type=\"url\"  >\n\n    \n        <span class=\"button-atom__text\">P\u00f3ngase en contacto con nosotros<\/span>\n\n        \n        \n                <\/a>\n\n    \n\n\n<\/div>\n<\/div>\n<\/div>\n<\/div><div class=\"bde-column-3423-111 bde-column\">\n  \n  \n\t\n\n\n\n<div class=\"bde-div-3423-112 bde-div\">\n  \n  \n\t\n\n\n\n<div class=\"bde-image-3423-113 bde-image\">\n<figure class=\"breakdance-image breakdance-image--3469\">\n\t<div class=\"breakdance-image-container\">\n\t\t<div class=\"breakdance-image-clip\"><img loading=\"lazy\" decoding=\"async\" class=\"breakdance-image-object\" src=\"https:\/\/stockholmnature.com\/wp-content\/uploads\/2024\/10\/school-events-stockholm.webp\" width=\"1920\" height=\"1329\" srcset=\"https:\/\/stockholmnature.com\/wp-content\/uploads\/2024\/10\/school-events-stockholm.webp 1920w, https:\/\/stockholmnature.com\/wp-content\/uploads\/2024\/10\/school-events-stockholm-300x208.webp 300w, https:\/\/stockholmnature.com\/wp-content\/uploads\/2024\/10\/school-events-stockholm-1024x709.webp 1024w, https:\/\/stockholmnature.com\/wp-content\/uploads\/2024\/10\/school-events-stockholm-768x532.webp 768w, https:\/\/stockholmnature.com\/wp-content\/uploads\/2024\/10\/school-events-stockholm-1536x1063.webp 1536w, https:\/\/stockholmnature.com\/wp-content\/uploads\/2024\/10\/school-events-stockholm-18x12.webp 18w\" sizes=\"auto, (max-width: 1920px) 100vw, 1920px\" alt=\"Un grupo de ni\u00f1os en actos escolares en Estocolmo\" title=\"\"><\/div>\n\t<\/div><\/figure>\n\n<\/div>\n<\/div><div class=\"bde-div-3423-114 bde-div\">\n  \n  \n\t\n\n\n\n<h4 class=\"bde-heading-3423-115 bde-heading\">\nGrupos escolares\n<\/h4><div class=\"bde-text-3423-116 bde-text\">\nNuestras excursiones privadas para grupos escolares est\u00e1n dise\u00f1adas para ser divertidas y educativas a la vez. Tanto si se trata de una excursi\u00f3n en kayak por el centro de Estocolmo como de una excursi\u00f3n por la naturaleza, sus alumnos se involucrar\u00e1n con el mundo natural, aprendiendo sobre el medio ambiente, la fauna y la cultura locales. Adaptamos cada excursi\u00f3n al grupo de edad y a los intereses de los alumnos, garantizando una aventura segura y atractiva.\n<\/div><div class=\"bde-div-3423-406 bde-div\">\n  \n  \n\t\n\n\n\n<div class=\"bde-text-3423-407 bde-text\">\nPor ejemplo:\n<\/div><h4 class=\"bde-heading-3423-408 bde-heading\">\nSenderismo en la naturaleza sueca\n<\/h4><div class=\"bde-div-3423-409 bde-div\">\n  \n  \n\t\n\n\n\n<div class=\"bde-div-3423-410 bde-div\">\n  \n  \n\t\n\n\n\n<div class=\"bde-icon-3423-411 bde-icon\">\n\n    \n            <div class=\"bde-icon-icon breakdance-icon-atom\" >\n    \n                    <svg xmlns=\"http:\/\/www.w3.org\/2000\/svg\" viewbox=\"0 0 512 512\"><!--! Font Awesome Free 6.5.1 by @fontawesome - https:\/\/fontawesome.com License - https:\/\/fontawesome.com\/license\/free (Icons: CC BY 4.0, Fonts: SIL OFL 1.1, Code: MIT License) Copyright 2023 Fonticons, Inc. --><path d=\"M464 256A208 208 0 1 1 48 256a208 208 0 1 1 416 0zM0 256a256 256 0 1 0 512 0A256 256 0 1 0 0 256zM232 120V256c0 8 4 15.5 10.7 20l96 64c11 7.4 25.9 4.4 33.3-6.7s4.4-25.9-6.7-33.3L280 243.2V120c0-13.3-10.7-24-24-24s-24 10.7-24 24z\"\/><\/svg>\n        \n        \n        \n            <\/div>\n    \n\n\n<\/div><div class=\"bde-div-3423-412 bde-div\">\n  \n  \n\t\n\n\n\n<div class=\"bde-div-3423-413 bde-div\">\n  \n  \n\t\n\n\n\n<div class=\"bde-text-3423-414 bde-text\">\n4 horas\n<\/div>\n<\/div>\n<\/div>\n<\/div><div class=\"bde-div-3423-415 bde-div\">\n  \n  \n\t\n\n\n\n<div class=\"bde-icon-3423-416 bde-icon\">\n\n    \n            <div class=\"bde-icon-icon breakdance-icon-atom\" >\n    \n                    <svg xmlns=\"http:\/\/www.w3.org\/2000\/svg\" viewbox=\"0 0 576 512\"><!--! Font Awesome Free 6.5.1 by @fontawesome - https:\/\/fontawesome.com License - https:\/\/fontawesome.com\/license\/free (Icons: CC BY 4.0, Fonts: SIL OFL 1.1, Code: MIT License) Copyright 2023 Fonticons, Inc. --><path d=\"M112 48a48 48 0 1 1 96 0 48 48 0 1 1 -96 0zm40 304V480c0 17.7-14.3 32-32 32s-32-14.3-32-32V256.9L59.4 304.5c-9.1 15.1-28.8 20-43.9 10.9s-20-28.8-10.9-43.9l58.3-97c17.4-28.9 48.6-46.6 82.3-46.6h29.7c33.7 0 64.9 17.7 82.3 46.6l44.9 74.7c-16.1 17.6-28.6 38.5-36.6 61.5c-1.9-1.8-3.5-3.9-4.9-6.3L232 256.9V480c0 17.7-14.3 32-32 32s-32-14.3-32-32V352H152zM432 224a144 144 0 1 1 0 288 144 144 0 1 1 0-288zm0 240a24 24 0 1 0 0-48 24 24 0 1 0 0 48zm0-192c-8.8 0-16 7.2-16 16v80c0 8.8 7.2 16 16 16s16-7.2 16-16V288c0-8.8-7.2-16-16-16z\"\/><\/svg>\n        \n        \n        \n            <\/div>\n    \n\n\n<\/div><div class=\"bde-div-3423-417 bde-div\">\n  \n  \n\t\n\n\n\n<div class=\"bde-div-3423-418 bde-div\">\n  \n  \n\t\n\n\n\n<div class=\"bde-text-3423-419 bde-text\">\n12 - 40 personas\n<\/div>\n<\/div>\n<\/div>\n<\/div><div class=\"bde-div-3423-420 bde-div\">\n  \n  \n\t\n\n\n\n<div class=\"bde-text-3423-421 bde-text\">\nEn\n<\/div><div class=\"bde-div-3423-422 bde-div\">\n  \n  \n\t\n\n\n\n<div class=\"bde-text-3423-423 bde-text\">\nSEK\n<\/div><div class=\"bde-text-3423-424 bde-text\">\n750\n<\/div>\n<\/div>\n<\/div>\n<\/div>\n<\/div><div class=\"bde-div-3423-117 bde-div\">\n  \n  \n\t\n\n\n\n<div class=\"bde-button-3423-268 bde-button\">\n        \n    \n    \n    \n    \n            \n                    \n            \n            \n\n    \n    \n    \n    \n    \n    <a class=\"breakdance-link button-atom button-atom--custom bde-button__button\" href=\"https:\/\/stockholmnature.com\/es\/contacto\/\" target=\"_blank\" data-type=\"url\"  >\n\n    \n        <span class=\"button-atom__text\">P\u00f3ngase en contacto con nosotros<\/span>\n\n        \n        \n                <\/a>\n\n    \n\n\n<\/div>\n<\/div>\n<\/div>\n<\/div><\/div><div class=\"bde-columns-3423-152 bde-columns\"><div class=\"bde-column-3423-286 bde-column\">\n  \n  \n\t\n\n\n\n<div class=\"bde-div-3423-289 bde-div\">\n  \n  \n\t\n\n\n\n<h4 class=\"bde-heading-3423-290 bde-heading\">\nExpertos en aventuras al aire libre\n<\/h4><div class=\"bde-text-3423-291 bde-text\">\nPlanificar una aventura en grupo debe ser divertido y agradable. Tanto si est\u00e1 organizando un evento de empresa, un viaje escolar o una escapada de fin de semana con amigos, nosotros nos encargamos de todos los detalles para que usted pueda centrarse en la experiencia. Desde el transporte y las comidas hasta itinerarios personalizados y horarios flexibles, nuestro equipo se encarga de todo. Simplemente d\u00edganos lo que tiene en mente y crearemos un viaje privado que se adapte perfectamente a las necesidades e intereses de su grupo.\n<\/div><div class=\"bde-div-3423-292 bde-div\">\n  \n  \n\t\n\n\n\n<div class=\"bde-button-3423-293 bde-button\">\n        \n    \n    \n    \n    \n            \n                    \n            \n            \n\n    \n    \n    \n    \n    \n    <a class=\"breakdance-link button-atom button-atom--custom bde-button__button\" href=\"https:\/\/stockholmnature.com\/es\/contacto\/\" target=\"_blank\" data-type=\"url\"  >\n\n    \n        <span class=\"button-atom__text\">P\u00f3ngase en contacto con nosotros<\/span>\n\n        \n        \n                <\/a>\n\n    \n\n\n<\/div>\n<\/div>\n<\/div>\n<\/div><\/div><\/div>\n<\/section><section class=\"bde-section-3423-274 bde-section\">\n  \n  \n\t\n\n\n\n<div class=\"section-container\"><div class=\"bde-div-3423-275 bde-div\">\n  \n  \n\t\n\n\n\n<h2 class=\"bde-dual-heading-3423-276 bde-dual-heading\">\n\n\n            <span data-style=\"secondary\" class=\"dual-heading--secondary  js-annotate\">Revisiones certificadas<\/span>\n\n\n\n<\/h2><div class=\"bde-div-3423-277 bde-div\">\n  \n  \n\t\n\n\n\n<div class=\"bde-code-block-3423-278 bde-code-block\">\n\n  <script defer async src='https:\/\/cdn.trustindex.io\/loader.js?68fdbd1357735702f436069bf62'><\/script>\n\n\n<\/div>\n<\/div>\n<\/div><\/div>\n<\/section><section class=\"bde-section-3423-187 bde-section\">\n  \n  \n\t\n\n\n\n<div class=\"section-container\"><div class=\"bde-div-3423-271 bde-div\">\n  \n  \n\t\n\n\n\n<h3 class=\"bde-heading-3423-272 bde-heading\">\nVisitas privadas en Estocolmo\n<\/h3><div class=\"bde-rich-text-3423-273 bde-rich-text breakdance-rich-text-styles\">\n<p data-start=\"74\" data-end=\"479\">\u00bfEst\u00e1 planeando una excursi\u00f3n escolar, una salida de empresa o un d\u00eda de trabajo en equipo? Nosotros nos encargamos. En Stockholm Nature ofrecemos visitas guiadas privadas por Estocolmo y sus alrededores. Puede reservar cualquiera de nuestras excursiones regulares s\u00f3lo para su equipo, ya sea en kayak por la ciudad, remando en el archipi\u00e9lago, haciendo senderismo por la hermosa naturaleza de Suecia o embarc\u00e1ndose en una aventura de varios d\u00edas.<\/p>\n<p data-start=\"481\" data-end=\"784\">Nos encanta crear experiencias que unan a la gente. Estaremos encantados de ayudarte a planificar el itinerario para que se ajuste exactamente a lo que est\u00e1s buscando. Se trata de disfrutar al aire libre, compartir momentos y descubrir juntos la belleza de Suecia.<\/p>\n<p data-start=\"786\" data-end=\"1023\">Si desea a\u00f1adir comidas, transporte o algo extra para que el d\u00eda sea especial, s\u00f3lo tiene que dec\u00edrnoslo. Tanto si su objetivo es relajarse, explorar la naturaleza o fomentar el esp\u00edritu de equipo, nuestras excursiones privadas facilitan la creaci\u00f3n de algo realmente memorable. La mayor\u00eda de las veces, tambi\u00e9n podemos proporcionar gu\u00edas biling\u00fces que hablen ingl\u00e9s, alem\u00e1n, espa\u00f1ol, franc\u00e9s o sueco. P\u00f3ngase en contacto con nosotros y comprobaremos lo que es posible para sus fechas.<\/p>\n<\/div>\n<\/div><\/div>\n<\/section>","protected":false},"excerpt":{"rendered":"<p>Guided Private Tours in Stockholm Official Tour Operator TOP Private Tours Stockholm Explore Stockholm in a unique way, with our private guided tours. Whether you\u2019re looking to explore the city\u2019s landmarks, paddle through the Archipelago, or venture into Sweden\u2019s nature. We specialize in tailoring each adventure to suit the preferences of your group, allowing to [&hellip;]<\/p>\n","protected":false},"author":1,"featured_media":0,"parent":0,"menu_order":0,"comment_status":"closed","ping_status":"closed","template":"","meta":{"_acf_changed":false,"_breakdance_hide_in_design_set":false,"_breakdance_tags":"","footnotes":""},"class_list":["post-3423","page","type-page","status-publish","hentry"],"acf":[],"_links":{"self":[{"href":"https:\/\/stockholmnature.com\/es\/wp-json\/wp\/v2\/pages\/3423","targetHints":{"allow":["GET"]}}],"collection":[{"href":"https:\/\/stockholmnature.com\/es\/wp-json\/wp\/v2\/pages"}],"about":[{"href":"https:\/\/stockholmnature.com\/es\/wp-json\/wp\/v2\/types\/page"}],"author":[{"embeddable":true,"href":"https:\/\/stockholmnature.com\/es\/wp-json\/wp\/v2\/users\/1"}],"replies":[{"embeddable":true,"href":"https:\/\/stockholmnature.com\/es\/wp-json\/wp\/v2\/comments?post=3423"}],"version-history":[{"count":51,"href":"https:\/\/stockholmnature.com\/es\/wp-json\/wp\/v2\/pages\/3423\/revisions"}],"predecessor-version":[{"id":8829,"href":"https:\/\/stockholmnature.com\/es\/wp-json\/wp\/v2\/pages\/3423\/revisions\/8829"}],"wp:attachment":[{"href":"https:\/\/stockholmnature.com\/es\/wp-json\/wp\/v2\/media?parent=3423"}],"curies":[{"name":"wp","href":"https:\/\/api.w.org\/{rel}","templated":true}]}}