{"id":3691,"date":"2024-10-26T08:05:30","date_gmt":"2024-10-26T06:05:30","guid":{"rendered":"https:\/\/stockholmnature.com\/?page_id=3691"},"modified":"2026-02-19T09:22:39","modified_gmt":"2026-02-19T07:22:39","slug":"precio-minimo-garantizado","status":"publish","type":"page","link":"https:\/\/stockholmnature.com\/es\/lowest-price-guarantee\/","title":{"rendered":"Precio m\u00ednimo garantizado"},"content":{"rendered":"<section class=\"bde-section-3691-100 bde-section\">\n  \n  \n\t\n\n\n\n<div class=\"section-container\"><div class=\"bde-div-3691-101 bde-div\">\n  \n  \n\t\n\n\n\n<h1 class=\"bde-heading-3691-102 bde-heading\">\nPrecio m\u00ednimo garantizado\n<\/h1><div class=\"bde-rich-text-3691-103 bde-rich-text breakdance-rich-text-styles\">\n<p data-start=\"282\" data-end=\"496\">Garantizamos el precio m\u00e1s bajo para todas nuestras experiencias. Como operador tur\u00edstico, fijamos el precio en todas las plataformas de reserva. Cuando reservas directamente con Stockholm Nature, siempre recibes la mejor tarifa disponible.<br \/><br \/>Si encuentra exactamente la misma experiencia a un precio inferior antes de que comience la actividad, le devolveremos la diferencia.<\/p>\n<h5>C\u00f3mo funciona:<\/h5>\n<p><strong>Presente su solicitud<\/strong><br \/>Utilice nuestro <a href=\"https:\/\/stockholmnature.com\/es\/contacto\/\">formulario de contacto<\/a> para presentar una reclamaci\u00f3n e incluya su n\u00famero de reserva y la prueba del precio m\u00e1s bajo.<\/p>\n<p><strong>Revisamos su solicitud<\/strong><br \/>Ahora vamos a comprobar la informaci\u00f3n enviada y le responderemos lo antes posible.<\/p>\n<p><strong>Recibir el reembolso<\/strong><br \/>Si su reclamaci\u00f3n es v\u00e1lida, le devolveremos la diferencia entre los dos precios.<\/p>\n<hr \/>\n<h5>Condiciones generales<\/h5>\n<ul>\n<li>\n<p>La garant\u00eda se aplica a las reservas efectuadas directamente en stockholmnature.com<\/p>\n<\/li>\n<li>\n<p>S\u00f3lo se aplica a las tarifas p\u00fablicas normales<\/p>\n<\/li>\n<li>\n<p>El precio m\u00e1s bajo debe corresponder exactamente a la misma experiencia, fecha y detalles.<\/p>\n<\/li>\n<li>\n<p>Las solicitudes deben presentarse antes del inicio de la actividad<\/p>\n<\/li>\n<li>Nos reservamos el derecho de verificar el precio m\u00e1s bajo y todas las decisiones son definitivas.<\/li>\n<\/ul>\n<\/div>\n<\/div><\/div>\n<\/section>","protected":false},"excerpt":{"rendered":"<p>Lowest Price Guarantee We guarantee the lowest price for all our experiences. As the tour operator, we set the price across every booking platform. When you book directly with Stockholm Nature, you always receive the best available rate.If you find the exact same experience offered at a lower price before the activity starts, we will [&hellip;]<\/p>\n","protected":false},"author":1,"featured_media":0,"parent":0,"menu_order":0,"comment_status":"closed","ping_status":"closed","template":"","meta":{"_acf_changed":false,"_breakdance_hide_in_design_set":false,"_breakdance_tags":"","footnotes":""},"class_list":["post-3691","page","type-page","status-publish","hentry"],"acf":[],"_links":{"self":[{"href":"https:\/\/stockholmnature.com\/es\/wp-json\/wp\/v2\/pages\/3691","targetHints":{"allow":["GET"]}}],"collection":[{"href":"https:\/\/stockholmnature.com\/es\/wp-json\/wp\/v2\/pages"}],"about":[{"href":"https:\/\/stockholmnature.com\/es\/wp-json\/wp\/v2\/types\/page"}],"author":[{"embeddable":true,"href":"https:\/\/stockholmnature.com\/es\/wp-json\/wp\/v2\/users\/1"}],"replies":[{"embeddable":true,"href":"https:\/\/stockholmnature.com\/es\/wp-json\/wp\/v2\/comments?post=3691"}],"version-history":[{"count":10,"href":"https:\/\/stockholmnature.com\/es\/wp-json\/wp\/v2\/pages\/3691\/revisions"}],"predecessor-version":[{"id":10182,"href":"https:\/\/stockholmnature.com\/es\/wp-json\/wp\/v2\/pages\/3691\/revisions\/10182"}],"wp:attachment":[{"href":"https:\/\/stockholmnature.com\/es\/wp-json\/wp\/v2\/media?parent=3691"}],"curies":[{"name":"wp","href":"https:\/\/api.w.org\/{rel}","templated":true}]}}