{"id":4047,"date":"2024-10-28T06:45:17","date_gmt":"2024-10-28T04:45:17","guid":{"rendered":"https:\/\/stockholmnature.com\/privacy-statement-eu\/"},"modified":"2026-02-19T09:33:09","modified_gmt":"2026-02-19T07:33:09","slug":"declaracion-de-privacidad-eu","status":"publish","type":"page","link":"https:\/\/stockholmnature.com\/es\/privacy-statement-eu\/","title":{"rendered":"Declaraci\u00f3n de confidencialidad (UE)"},"content":{"rendered":"<!-- Legal document generated by Complianz | GDPR\/CCPA Cookie Consent https:\/\/wordpress.org\/plugins\/complianz-gdpr -->\n<div id=\"cmplz-document\" class=\"cmplz-document privacy-statement cmplz-document-eu\"><p><i>Esta declaraci\u00f3n de privacidad se actualiz\u00f3 por \u00faltima vez el 17 de febrero de 2026 y se aplica a los ciudadanos y residentes legales permanentes del Espacio Econ\u00f3mico Europeo y Suiza.<\/i><br \/><br \/><\/p><p><p>En esta declaraci\u00f3n de privacidad, explicamos lo que hacemos con los datos que obtenemos sobre usted a trav\u00e9s de <a href=\"https:\/\/stockholmnature.com\/es\">https:\/\/stockholmnature.com\/es<\/a>. Le recomendamos que lea atentamente esta declaraci\u00f3n. En nuestro tratamiento cumplimos los requisitos de la legislaci\u00f3n sobre privacidad. Esto significa, entre otras cosas, que:<\/p><ul>\n                <li>indicamos claramente los fines para los que tratamos los datos personales. Lo hacemos mediante esta declaraci\u00f3n de privacidad;<\/li>\n                <li>nuestro objetivo es limitar nuestra recopilaci\u00f3n de datos personales a los datos personales necesarios para fines leg\u00edtimos;<\/li>\n                <li>primero solicitamos su consentimiento expl\u00edcito para procesar sus datos personales en los casos que requieran su consentimiento;<\/li>\n                <li>tomamos las medidas de seguridad adecuadas para proteger sus datos personales y tambi\u00e9n se lo exigimos a las partes que procesan datos personales en nuestro nombre;<\/li>\n                <li>respetamos su derecho a acceder a sus datos personales o a rectificarlos o suprimirlos, si as\u00ed lo solicita.<\/li>\n            <\/ul><p>Si tiene alguna pregunta o desea saber exactamente qu\u00e9 datos guardamos de usted, p\u00f3ngase en contacto con nosotros.<\/p><\/p><h2>1. Finalidad, datos y per\u00edodo de conservaci\u00f3n<\/h2>Podemos recopilar o recibir informaci\u00f3n personal para una serie de fines relacionados con nuestras operaciones comerciales, entre los que se incluyen los siguientes: (haga clic para ampliar)<details class=\"cmplz-dropdown dropdown-privacy-statement\"><summary><div><h3>1.1 Dar soporte a servicios o productos que un cliente quiere comprar o ha comprado<\/h3><\/div><\/summary><p class=\"cmplz-subtitle\">Para ello utilizamos los siguientes datos:<\/p><p><ul><li>Un nombre y un apellido<\/li><li>Una direcci\u00f3n de correo electr\u00f3nico<\/li><li>Fecha de nacimiento<\/li><\/ul><\/p><p class=\"cmplz-subtitle\">La base sobre la que podemos procesar estos datos es:<\/p><p><a target=\"_blank\" rel=\"noopener noreferrer nofollow\" href=\"https:\/\/cookiedatabase.org\/legal-bases\/#consent\">Previo consentimiento.<\/a><\/p><p class=\"cmplz-subtitle\">Per\u00edodo de conservaci\u00f3n<\/p><p>Conservamos estos datos hasta que finaliza el servicio.<\/p><\/details><details class=\"cmplz-dropdown dropdown-privacy-statement\"><summary><div><h3>1.2 Recopilaci\u00f3n y an\u00e1lisis de estad\u00edsticas para mejorar el sitio web.<\/h3><\/div><\/summary><p class=\"cmplz-subtitle\">Para ello utilizamos los siguientes datos:<\/p><p><ul><li>Informaci\u00f3n sobre la actividad en Internet, incluidos, entre otros, el historial de navegaci\u00f3n, el historial de b\u00fasqueda y la informaci\u00f3n relativa a la interacci\u00f3n de un consumidor con un sitio web, una aplicaci\u00f3n o un anuncio en Internet.<\/li><li>Datos de geolocalizaci\u00f3n<\/li><\/ul><\/p><p class=\"cmplz-subtitle\">La base sobre la que podemos procesar estos datos es:<\/p><p><a target=\"_blank\" rel=\"noopener noreferrer nofollow\" href=\"https:\/\/cookiedatabase.org\/legal-bases\/#agreement\">Es necesario para la ejecuci\u00f3n de un contrato o de procedimientos preliminares relacionados con un contrato en el que el interesado es parte. <\/a><\/p><p class=\"cmplz-subtitle\">Per\u00edodo de conservaci\u00f3n<\/p><p>Conservamos estos datos hasta que finaliza el servicio.<\/p><\/details><h2>2. Compartir con otras partes<\/h2><p>S\u00f3lo compartimos o revelamos estos datos a procesadores para los siguientes fines:<\/p><h2>3. Cookies<\/h2><p>Nuestro sitio web utiliza cookies. Para obtener m\u00e1s informaci\u00f3n sobre las cookies, consulte nuestro <a href=\"https:\/\/stockholmnature.com\/es\/cookie-policy-eu\/\">Pol\u00edtica de cookies<\/a>.&nbsp;<\/p><h2>4. Pr\u00e1cticas de divulgaci\u00f3n<\/h2><p><p>Divulgamos informaci\u00f3n personal si nos lo exige la ley o una orden judicial, en respuesta a un organismo encargado de hacer cumplir la ley, en la medida en que lo permitan otras disposiciones legales, para proporcionar informaci\u00f3n o para una investigaci\u00f3n sobre un asunto relacionado con la seguridad p\u00fablica.<\/p><p>Si nuestro sitio web o nuestra organizaci\u00f3n son adquiridos, vendidos o participan en una fusi\u00f3n o adquisici\u00f3n, sus datos podr\u00e1n ser revelados a nuestros asesores y a los posibles compradores y ser\u00e1n transmitidos a los nuevos propietarios.<\/p><\/p><p>Hemos suscrito un Acuerdo de Tratamiento de Datos con Google.<\/p><p>Bloqueamos la inclusi\u00f3n de direcciones IP completas.<\/p><h2>5. Seguridad<\/h2><p>Estamos comprometidos con la seguridad de los datos personales. Tomamos las medidas de seguridad adecuadas para limitar el abuso y el acceso no autorizado a los datos personales. Esto garantiza que s\u00f3lo las personas necesarias tengan acceso a sus datos, que el acceso a los datos est\u00e9 protegido y que nuestras medidas de seguridad se revisen peri\u00f3dicamente.<\/p><h2>6. Sitios web de terceros<\/h2><p>Esta declaraci\u00f3n de privacidad no se aplica a los sitios web de terceros conectados mediante enlaces en nuestro sitio web. No podemos garantizar que estos terceros traten sus datos personales de forma fiable o segura. Le recomendamos que lea las declaraciones de privacidad de estos sitios web antes de utilizarlos.<\/p><h2>7. Modificaciones de la presente declaraci\u00f3n de confidencialidad<\/h2><p>Nos reservamos el derecho a modificar esta declaraci\u00f3n de privacidad. Le recomendamos que consulte esta declaraci\u00f3n de privacidad con regularidad para estar al tanto de cualquier cambio. Adem\u00e1s, le informaremos activamente siempre que sea posible.<\/p><h2>8. Acceso y modificaci\u00f3n de sus datos<\/h2><p>Si tiene alguna pregunta o desea saber qu\u00e9 datos personales tenemos sobre usted, p\u00f3ngase en contacto con nosotros. Puede ponerse en contacto con nosotros utilizando la informaci\u00f3n que figura a continuaci\u00f3n. Usted tiene los siguientes derechos:<\/p><ul>\n                <li>Tiene derecho a saber por qu\u00e9 se necesitan sus datos personales, qu\u00e9 ocurrir\u00e1 con ellos y durante cu\u00e1nto tiempo se conservar\u00e1n.<\/li>\n                <li>Derecho de acceso: Tiene derecho a acceder a sus datos personales que conozcamos.<\/li>\n                <li>Derecho de rectificaci\u00f3n: tiene derecho a completar, rectificar, suprimir o bloquear sus datos personales siempre que lo desee.<\/li>\n                <li>Si nos da su consentimiento para tratar sus datos, tiene derecho a revocarlo y a que se supriman sus datos personales.<\/li>\n                <li>Derecho a transferir sus datos: tiene derecho a solicitar todos sus datos personales al responsable del tratamiento y transferirlos en su totalidad a otro responsable.<\/li>\n                <li>Derecho de oposici\u00f3n: puede oponerse al tratamiento de sus datos. La cumplimos, salvo que existan motivos justificados para el tratamiento.<\/li>\n            <\/ul><p>Por favor, aseg\u00farese de indicar siempre con claridad qui\u00e9n es usted, para que podamos estar seguros de no modificar o borrar datos de la persona equivocada.<\/p><h2>9. Presentar una denuncia<\/h2><p>Si no est\u00e1 satisfecho con la forma en que gestionamos (una queja sobre) el tratamiento de sus datos personales, tiene derecho a presentar una queja ante la Autoridad de Protecci\u00f3n de Datos.<\/p><h2>10. Datos de contacto<\/h2><p>Stockholm Nature AB<br \/>\n        Vikstensv\u00e4gen 71, 12 156 Estocolmo<br \/>\n        Suecia<br \/>\n        P\u00e1gina web: <a href=\"https:\/\/stockholmnature.com\/es\">https:\/\/stockholmnature.com\/es<\/a> <br \/>\n        Correo electr\u00f3nico: <span class=\"cmplz-obfuscate\">info@<span class=\"cmplz-fmail-domain\">ex.com<\/span>s&#116;ock&#104;&#111;&#108;mna&#116;ure&#046;&#099;o&#109;<\/span> <br \/>\n        N\u00famero de tel\u00e9fono +46 76 621 87 14<\/p><\/div>","protected":false},"excerpt":{"rendered":"","protected":false},"author":1,"featured_media":0,"parent":0,"menu_order":0,"comment_status":"closed","ping_status":"closed","template":"","meta":{"_acf_changed":false,"_breakdance_hide_in_design_set":false,"_breakdance_tags":"","footnotes":""},"class_list":["post-4047","page","type-page","status-publish","hentry"],"acf":[],"_links":{"self":[{"href":"https:\/\/stockholmnature.com\/es\/wp-json\/wp\/v2\/pages\/4047","targetHints":{"allow":["GET"]}}],"collection":[{"href":"https:\/\/stockholmnature.com\/es\/wp-json\/wp\/v2\/pages"}],"about":[{"href":"https:\/\/stockholmnature.com\/es\/wp-json\/wp\/v2\/types\/page"}],"author":[{"embeddable":true,"href":"https:\/\/stockholmnature.com\/es\/wp-json\/wp\/v2\/users\/1"}],"replies":[{"embeddable":true,"href":"https:\/\/stockholmnature.com\/es\/wp-json\/wp\/v2\/comments?post=4047"}],"version-history":[{"count":1,"href":"https:\/\/stockholmnature.com\/es\/wp-json\/wp\/v2\/pages\/4047\/revisions"}],"predecessor-version":[{"id":9579,"href":"https:\/\/stockholmnature.com\/es\/wp-json\/wp\/v2\/pages\/4047\/revisions\/9579"}],"wp:attachment":[{"href":"https:\/\/stockholmnature.com\/es\/wp-json\/wp\/v2\/media?parent=4047"}],"curies":[{"name":"wp","href":"https:\/\/api.w.org\/{rel}","templated":true}]}}