{"id":2615,"date":"2024-10-12T06:46:24","date_gmt":"2024-10-12T04:46:24","guid":{"rendered":"https:\/\/stockholmnature.com\/?page_id=2615"},"modified":"2026-01-31T03:08:16","modified_gmt":"2026-01-31T01:08:16","slug":"a-propos-de","status":"publish","type":"page","link":"https:\/\/stockholmnature.com\/fr\/about\/","title":{"rendered":"\u00e0 propos de"},"content":{"rendered":"<section class=\"bde-section-2615-159 bde-section\">\n  \n  \n\t\n\n\n\n<div class=\"section-container\"><div class=\"bde-div-2615-160 bde-div\">\n  \n  \n\t\n\n\n\n<h1 class=\"bde-heading-2615-161 bde-heading\">\n\u00c0 propos de Stockholm Nature\n<\/h1><div class=\"bde-rich-text-2615-162 bde-rich-text breakdance-rich-text-styles\">\n<p>Depuis 2017, Stockholm Nature propose des exp\u00e9riences de plein air inoubliables, connectant les voyageurs \u00e0 la beaut\u00e9 des paysages su\u00e9dois. Au fil des ans, nous avons eu le privil\u00e8ge de guider plus de 10 000 clients, obtenant une note moyenne de 4,9 \u00e9toiles - ce qui t\u00e9moigne de la qualit\u00e9 et du soin que nous apportons \u00e0 chaque excursion que nous organisons.<br \/><br \/>Qu'est-ce qui nous distingue ? Nos guides. Passionn\u00e9s, exp\u00e9riment\u00e9s et tr\u00e8s comp\u00e9tents, ils ne se contentent pas de montrer la voie, ils donnent vie \u00e0 l'exp\u00e9rience. Ils aiment partager leurs connaissances sur la culture su\u00e9doise, les traditions locales et la nature d'une mani\u00e8re qui rend chaque excursion personnelle et enrichissante. Que vous soyez un kayakiste d\u00e9butant ou un randonneur exp\u00e9riment\u00e9, vous vous sentirez soutenu, inspir\u00e9 et bien encadr\u00e9.<br \/><br \/>Avec Stockholm Nature, il ne s'agit pas seulement d'\u00eatre dehors, mais de le faire de mani\u00e8re durable. Nous privil\u00e9gions les petits groupes, ce qui permet de minimiser l'impact sur l'environnement et de vous offrir une aventure plus intime et plus significative. Vous b\u00e9n\u00e9ficierez \u00e9galement d'options de repas v\u00e9g\u00e9tariens, v\u00e9g\u00e9taliens et sans gluten lors de nos excursions, et nous nous effor\u00e7ons toujours de r\u00e9duire notre empreinte en utilisant les transports publics dans la mesure du possible.<br \/><br \/>Lorsque vous participez \u00e0 un circuit avec nous, vous ne b\u00e9n\u00e9ficiez pas seulement d'un guide, mais aussi d'une exp\u00e9rience locale, soigneusement planifi\u00e9e dans le respect de la nature et du mode de vie su\u00e9dois. Qu'il s'agisse d'une escapade paisible ou d'une aventure pleine d'action, vous repartirez avec des souvenirs inoubliables de la beaut\u00e9 sauvage de la Su\u00e8de.<\/p>\n<\/div><img decoding=\"async\" class=\"bde-image2-2615-163 bde-image2\" src=\"https:\/\/stockholmnature.com\/wp-content\/uploads\/2024\/09\/Stockholm-Nature-Team.webp\" alt=\"Une photo qui montre toute l&#039;\u00e9quipe de Stockholm Nature | Kayak &amp; Outdoors Tours\" loading=\"lazy\" srcset=\"https:\/\/stockholmnature.com\/wp-content\/uploads\/2024\/09\/Stockholm-Nature-Team.webp 1920w, https:\/\/stockholmnature.com\/wp-content\/uploads\/2024\/09\/Stockholm-Nature-Team-300x127.webp 300w, https:\/\/stockholmnature.com\/wp-content\/uploads\/2024\/09\/Stockholm-Nature-Team-1024x435.webp 1024w, https:\/\/stockholmnature.com\/wp-content\/uploads\/2024\/09\/Stockholm-Nature-Team-768x326.webp 768w, https:\/\/stockholmnature.com\/wp-content\/uploads\/2024\/09\/Stockholm-Nature-Team-1536x652.webp 1536w\" sizes=\"(max-width: 1920px) 100vw, 1920px\" title=\"\">\n<\/div><\/div>\n<\/section>","protected":false},"excerpt":{"rendered":"<p>About Stockholm Nature Since 2017, Stockholm Nature has been delivering unforgettable outdoor experiences, connecting travelers with the beauty of Sweden\u2019s landscapes. Over the years, we\u2019ve had the privilege of guiding more than 10,000 customers, earning an average rating of 4.9 stars \u2013 a testament to the quality and care we put into every tour we [&hellip;]<\/p>\n","protected":false},"author":1,"featured_media":0,"parent":0,"menu_order":0,"comment_status":"closed","ping_status":"closed","template":"","meta":{"_acf_changed":false,"_breakdance_hide_in_design_set":false,"_breakdance_tags":"","footnotes":""},"class_list":["post-2615","page","type-page","status-publish","hentry"],"acf":[],"_links":{"self":[{"href":"https:\/\/stockholmnature.com\/fr\/wp-json\/wp\/v2\/pages\/2615","targetHints":{"allow":["GET"]}}],"collection":[{"href":"https:\/\/stockholmnature.com\/fr\/wp-json\/wp\/v2\/pages"}],"about":[{"href":"https:\/\/stockholmnature.com\/fr\/wp-json\/wp\/v2\/types\/page"}],"author":[{"embeddable":true,"href":"https:\/\/stockholmnature.com\/fr\/wp-json\/wp\/v2\/users\/1"}],"replies":[{"embeddable":true,"href":"https:\/\/stockholmnature.com\/fr\/wp-json\/wp\/v2\/comments?post=2615"}],"version-history":[{"count":14,"href":"https:\/\/stockholmnature.com\/fr\/wp-json\/wp\/v2\/pages\/2615\/revisions"}],"predecessor-version":[{"id":9777,"href":"https:\/\/stockholmnature.com\/fr\/wp-json\/wp\/v2\/pages\/2615\/revisions\/9777"}],"wp:attachment":[{"href":"https:\/\/stockholmnature.com\/fr\/wp-json\/wp\/v2\/media?parent=2615"}],"curies":[{"name":"wp","href":"https:\/\/api.w.org\/{rel}","templated":true}]}}