{"id":2757,"date":"2024-10-13T07:43:07","date_gmt":"2024-10-13T05:43:07","guid":{"rendered":"https:\/\/stockholmnature.com\/?page_id=2757"},"modified":"2026-03-05T04:17:37","modified_gmt":"2026-03-05T02:17:37","slug":"programme-daffiliation","status":"publish","type":"page","link":"https:\/\/stockholmnature.com\/fr\/affiliate-program\/","title":{"rendered":"programme d'affiliation"},"content":{"rendered":"<section class=\"bde-section-2757-142 bde-section\">\n  \n  \n\t\n\n\n\n<div class=\"section-container\"><div class=\"bde-div-2757-143 bde-div\">\n  \n  \n\t\n\n\n\n<h1 class=\"bde-heading-2757-144 bde-heading\">\nRejoignez le programme d'affiliation !\n<\/h1><div class=\"bde-rich-text-2757-145 bde-rich-text breakdance-rich-text-styles\">\n<p class=\"font_8 wixui-rich-text__text\"><span class=\"wixui-rich-text__text\"><strong>Pour les agents de voyage, les blogueurs et les influenceurs<\/strong> <br \/><\/span><span class=\"wixui-rich-text__text\">Vous \u00eates un agent de voyage, un blogueur ou un influenceur passionn\u00e9 par les grands espaces et dou\u00e9 pour partager vos aventures avec le monde entier ? Stockholm Nature AB vous invite \u00e0 rejoindre notre programme d'affiliation, une plateforme con\u00e7ue pour faire le lien entre votre passion pour les voyages et la nature et la possibilit\u00e9 de gagner de l'argent. Que vous aidiez vos clients \u00e0 trouver leur prochaine aventure ou que vous \u00e9laboriez du contenu attrayant, notre programme vous offre une chance unique de mon\u00e9tiser votre influence et votre expertise en mati\u00e8re de voyage.<\/span><\/p>\n<p class=\"font_8 wixui-rich-text__text\"><span class=\"wixui-rich-text__text\"><strong>Qu'est-ce qu'un programme d'affiliation de voyage ?<\/strong><br \/><\/span><span class=\"wixui-rich-text__text\">Le programme d'affiliation de Stockholm Nature vous permet de gagner de l'argent en promouvant nos aventures uniques en plein air. Lorsque vos recommandations aboutissent \u00e0 des r\u00e9servations, vous touchez une commission.<\/span><\/p>\n<p class=\"font_8 wixui-rich-text__text\"><strong><span class=\"wixui-rich-text__text\">Combien puis-je gagner avec Stockholm Nature ?<br \/><\/span><\/strong><span class=\"wixui-rich-text__text\">Stockholm Nature, en tant que tour op\u00e9rateur direct, offre une commission de 10% pour les r\u00e9servations effectu\u00e9es par le biais de votre lien de r\u00e9f\u00e9rence. Nos taux sont sup\u00e9rieurs \u00e0 ceux de plateformes telles que Viator ou GetYourGuide, ce qui vous permet d'obtenir des revenus plus \u00e9lev\u00e9s.<\/span><\/p>\n<p class=\"font_8 wixui-rich-text__text\"><strong><span class=\"wixui-rich-text__text\">Ai-je besoin de comp\u00e9tences techniques ?<br \/><\/span><\/strong><span class=\"wixui-rich-text__text\">Nos outils d'affiliation sont con\u00e7us pour \u00eatre faciles \u00e0 utiliser, ce qui les rend accessibles \u00e0 tous. Pour ceux qui souhaitent une int\u00e9gration plus pouss\u00e9e, nous proposons une API d'affiliation. <\/span><\/p>\n<p class=\"font_8 wixui-rich-text__text\"><strong><span class=\"wixui-rich-text__text\">R\u00e9servation et annulation directes<br \/><\/span><\/strong><span class=\"wixui-rich-text__text\">G\u00e9rez les r\u00e9servations et les annulations \u00e0 partir de votre propre tableau de bord Fareharbor. Ce contr\u00f4le direct rationalise l'ensemble du processus, de la r\u00e9servation au suivi des commissions.<br class=\"wixui-rich-text__text\" \/><br class=\"wixui-rich-text__text\" \/>Nous contacter :<br \/><a class=\"wixui-rich-text__text\" href=\"mailto:info@stockholmnature.com?subject=Affiliate%20Program\" target=\"_self\">info@stockholmnature.com<\/a><\/span><\/p>\n<\/div>\n<\/div><\/div>\n<\/section>","protected":false},"excerpt":{"rendered":"<p>Join Affiliate Program! ForTravel Agents, Bloggers, and Influencers Are you a travel agent, blogger, or influencer with a passion for the great outdoors and a talent for sharing your adventures with the world? Stockholm Nature AB invites you to join our Affiliate Program, a platform designed to bridge your passion for travel and nature with [&hellip;]<\/p>\n","protected":false},"author":1,"featured_media":0,"parent":0,"menu_order":0,"comment_status":"closed","ping_status":"closed","template":"","meta":{"_acf_changed":false,"_breakdance_hide_in_design_set":false,"_breakdance_tags":"","footnotes":""},"class_list":["post-2757","page","type-page","status-publish","hentry"],"acf":[],"_links":{"self":[{"href":"https:\/\/stockholmnature.com\/fr\/wp-json\/wp\/v2\/pages\/2757","targetHints":{"allow":["GET"]}}],"collection":[{"href":"https:\/\/stockholmnature.com\/fr\/wp-json\/wp\/v2\/pages"}],"about":[{"href":"https:\/\/stockholmnature.com\/fr\/wp-json\/wp\/v2\/types\/page"}],"author":[{"embeddable":true,"href":"https:\/\/stockholmnature.com\/fr\/wp-json\/wp\/v2\/users\/1"}],"replies":[{"embeddable":true,"href":"https:\/\/stockholmnature.com\/fr\/wp-json\/wp\/v2\/comments?post=2757"}],"version-history":[{"count":15,"href":"https:\/\/stockholmnature.com\/fr\/wp-json\/wp\/v2\/pages\/2757\/revisions"}],"predecessor-version":[{"id":10016,"href":"https:\/\/stockholmnature.com\/fr\/wp-json\/wp\/v2\/pages\/2757\/revisions\/10016"}],"wp:attachment":[{"href":"https:\/\/stockholmnature.com\/fr\/wp-json\/wp\/v2\/media?parent=2757"}],"curies":[{"name":"wp","href":"https:\/\/api.w.org\/{rel}","templated":true}]}}