{"id":2764,"date":"2024-10-13T07:36:35","date_gmt":"2024-10-13T05:36:35","guid":{"rendered":"https:\/\/stockholmnature.com\/?page_id=2764"},"modified":"2026-01-30T10:19:13","modified_gmt":"2026-01-30T08:19:13","slug":"emplois","status":"publish","type":"page","link":"https:\/\/stockholmnature.com\/fr\/jobs\/","title":{"rendered":"emplois"},"content":{"rendered":"<section class=\"bde-section-2764-118 bde-section\">\n  \n  \n\t\n\n\n\n<div class=\"section-container\"><div class=\"bde-div-2764-119 bde-div\">\n  \n  \n\t\n\n\n\n<h1 class=\"bde-heading-2764-120 bde-heading\">\nEmploi de guide touristique \u00e0 Stockholm | Saison d'\u00e9t\u00e9 2026\n<\/h1><div class=\"bde-div-2764-134 bde-div\">\n  \n  \n\t\n\n\n\n<div class=\"bde-rich-text-2764-121 bde-rich-text breakdance-rich-text-styles\">\n<blockquote>\n<div class=\"x_elementToProof\">\n<div class=\"x_elementToProof\" data-olk-copy-source=\"MessageBody\"><a href=\"https:\/\/stockholmnature.com\/fr\/a-propos-de\/\" data-wplink-edit=\"true\">Stockholm Nature<\/a> organise des excursions guid\u00e9es en kayak, en randonn\u00e9e et en v\u00e9lo \u00e0 Stockholm et dans ses environs. Nous travaillons en petites \u00e9quipes et nous nous concentrons sur la cr\u00e9ation d'exp\u00e9riences de plein air d\u00e9tendues et bien g\u00e9r\u00e9es pour nos clients. Pour la saison 2026, nous recherchons des guides. Les r\u00f4les peuvent \u00eatre combin\u00e9s en fonction de l'exp\u00e9rience et de la disponibilit\u00e9.<br \/><br \/><\/div>\n<div class=\"x_elementToProof\">Ce que nous proposons<\/div>\n<ul>\n<li>Formation pour les personnes motiv\u00e9es, m\u00eame sans exp\u00e9rience pr\u00e9alable de guidage<\/li>\n<li>Postes flexibles, y compris travail r\u00e9gulier et sur appel<\/li>\n<li>Possibilit\u00e9s de stage pour ceux qui souhaitent acqu\u00e9rir de l'exp\u00e9rience en mati\u00e8re de guidage<\/li>\n<li>R\u00e9mun\u00e9ration horaire de base, tous les pourboires \u00e9tant vers\u00e9s directement \u00e0 l'employ\u00e9.<\/li>\n<li>Des petits groupes et une \u00e9quipe de guides compr\u00e9hensifs<\/li>\n<\/ul>\n<div class=\"x_elementToProof\">Si vous disposez d'un ensemble de comp\u00e9tences sp\u00e9cifiques ou d'une exp\u00e9rience dans le domaine des activit\u00e9s de plein air, nous serions heureux de savoir comment elles pourraient s'int\u00e9grer dans notre \u00e9quipe. Veuillez nous envoyer votre CV et une courte lettre de motivation.<\/div>\n<\/div>\n<\/blockquote>\n<\/div>\n<\/div>\n<\/div><div class=\"bde-div-2764-147 bde-div\">\n  \n  \n\t\n\n\n\n<div class=\"bde-div-2764-151 bde-div\">\n  \n  \n\t\n\n\n\n<div class=\"bde-div-2764-152 bde-div\">\n  \n  \n\t\n\n\n\n<img decoding=\"async\" class=\"bde-image2-2764-146 bde-image2\" src=\"https:\/\/stockholmnature.com\/wp-content\/uploads\/2026\/01\/Stockholm-Nature-Team.webp\" alt=\"Stockholm Nature team photo | emplois de guides touristiques \u00e0 Stockholm\" loading=\"lazy\" srcset=\"https:\/\/stockholmnature.com\/wp-content\/uploads\/2026\/01\/Stockholm-Nature-Team.webp 1920w, https:\/\/stockholmnature.com\/wp-content\/uploads\/2026\/01\/Stockholm-Nature-Team-300x127.webp 300w, https:\/\/stockholmnature.com\/wp-content\/uploads\/2026\/01\/Stockholm-Nature-Team-1024x435.webp 1024w, https:\/\/stockholmnature.com\/wp-content\/uploads\/2026\/01\/Stockholm-Nature-Team-768x326.webp 768w, https:\/\/stockholmnature.com\/wp-content\/uploads\/2026\/01\/Stockholm-Nature-Team-1536x652.webp 1536w, https:\/\/stockholmnature.com\/wp-content\/uploads\/2026\/01\/Stockholm-Nature-Team-18x8.webp 18w\" sizes=\"(max-width: 1920px) 100vw, 1920px\" title=\"\">\n<\/div>\n<\/div>\n<\/div><div class=\"bde-div-2764-112 bde-div\">\n  \n  \n\t\n\n\n\n<h4 class=\"bde-heading-2764-113 bde-heading\">\nGuide du kayak\n<\/h4><div class=\"bde-rich-text-2764-114 bde-rich-text breakdance-rich-text-styles\">\n<blockquote>\n<div class=\"x_elementToProof\">\n<div class=\"x_elementToProof\">\n<p data-start=\"277\" data-end=\"559\">En tant que guide de kayak, vous guiderez vos clients sur les voies navigables de Stockholm, tant dans la ville que dans l'archipel. Les excursions vont de la petite balade en ville \u00e0 la randonn\u00e9e en kayak de plusieurs jours avec camping.<\/p>\n<\/div>\n<div class=\"x_elementToProof\">\n<div class=\"x_elementToProof\">Votre r\u00f4le<\/div>\n<ul>\n<li>Diriger et g\u00e9rer les tourn\u00e9es de mani\u00e8re autonome<\/li>\n<li>Assurer la s\u00e9curit\u00e9 des clients \u00e0 tout moment<\/li>\n<li>Partager les connaissances et les histoires locales en cours de route<\/li>\n<li>\u00c9valuer les conditions m\u00e9t\u00e9orologiques avant et pendant les visites<\/li>\n<\/ul>\n<div class=\"x_elementToProof\">Nous recherchons<\/div>\n<ul>\n<li>Personnes ayant une exp\u00e9rience pr\u00e9alable du kayak<\/li>\n<li>Les membres de l'\u00e9quipe sont amicaux et extravertis.<\/li>\n<li>Anglais courant (d'autres langues sont un atout)<\/li>\n<li>\n<div class=\"x_elementToProof\" role=\"presentation\">R\u00e9sidence \u00e0 Stockholm avec un num\u00e9ro personnel su\u00e9dois<\/div>\n<\/li>\n<\/ul>\n<\/div>\n<div class=\"x_elementToProof\">\n<div class=\"x_elementToProof\" role=\"presentation\">\n<div class=\"x_elementToProof\" role=\"presentation\">Saison<\/div>\n<ul>\n<li class=\"x_elementToProof\" role=\"presentation\">De mai \u00e0 septembre, avec la possibilit\u00e9 d'un travail prolong\u00e9 ou tout au long de l'ann\u00e9e<\/li>\n<\/ul>\n<\/div>\n<\/div>\n<\/div>\n<\/blockquote>\n<\/div><div class=\"bde-div-2764-140 bde-div\">\n  \n  \n\t\n\n\n\n<div class=\"bde-div-2764-141 bde-div\">\n  \n  \n\t\n\n\n\n<div class=\"bde-button-2764-142 bde-button\">\n        \n    \n    \n    \n    \n            \n                    \n            \n            \n\n    \n    \n    \n    \n    \n    <a class=\"breakdance-link button-atom button-atom--custom bde-button__button\" href=\"https:\/\/stockholmnature.com\/fr\/nous-contacter\/\" target=\"_self\" data-type=\"url\"  >\n\n    \n        <span class=\"button-atom__text\">Postuler<\/span>\n\n        \n        \n                <\/a>\n\n    \n\n\n<\/div>\n<\/div>\n<\/div><div class=\"autogenerated-blce-ribbon-2764-126 autogenerated-blce-ribbon\">\n <div class=\"ribbon\">\n    OUVERTURE\n   \n  <\/div>\n\n\n\n\n\n\n<\/div>\n<\/div><div class=\"bde-div-2764-115 bde-div\">\n  \n  \n\t\n\n\n\n<h4 class=\"bde-heading-2764-116 bde-heading\">\nGuide de randonn\u00e9e\n<\/h4><div class=\"bde-rich-text-2764-117 bde-rich-text breakdance-rich-text-styles\">\n<blockquote>\n<div class=\"x_elementToProof\">\n<div class=\"x_elementToProof\">\n<div class=\"x_elementToProof\">\n<div class=\"x_elementToProof\" data-olk-copy-source=\"MessageBody\">\n<p data-start=\"133\" data-end=\"391\">En tant que guide de randonn\u00e9e, vous dirigez de petits groupes lors de randonn\u00e9es dans la nature pr\u00e8s de Stockholm. Les visites sont ax\u00e9es sur un rythme d\u00e9tendu, le temps pass\u00e9 en plein air et le partage de connaissances sur l'environnement local et la culture su\u00e9doise des activit\u00e9s de plein air.<\/p>\n<\/div>\n<div class=\"x_elementToProof\">Votre r\u00f4le<\/div>\n<ul>\n<li>Diriger et g\u00e9rer des randonn\u00e9es de mani\u00e8re ind\u00e9pendante<\/li>\n<li>Assurer la s\u00e9curit\u00e9 des clients<\/li>\n<li>Partager des id\u00e9es sur la nature, les paysages et la vie locale<\/li>\n<li>Pr\u00e9parer des repas au feu de camp directement dans la nature<\/li>\n<li>V\u00e9rifier quotidiennement les conditions m\u00e9t\u00e9orologiques et les interdictions d'incendies.<\/li>\n<\/ul>\n<div class=\"x_elementToProof\">Nous recherchons<\/div>\n<ul>\n<li>Exp\u00e9rience de la randonn\u00e9e ou des activit\u00e9s de plein air<\/li>\n<li>Les membres de l'\u00e9quipe sont amicaux et extravertis.<\/li>\n<li>Anglais courant (d'autres langues sont un atout)<\/li>\n<li>R\u00e9sidence \u00e0 Stockholm avec un num\u00e9ro personnel su\u00e9dois<\/li>\n<\/ul>\n<div class=\"x_elementToProof\" role=\"presentation\">Saison<\/div>\n<ul>\n<li>De mars \u00e0 septembre, avec la possibilit\u00e9 d'un travail prolong\u00e9 ou tout au long de l'ann\u00e9e.<\/li>\n<\/ul>\n<\/div>\n<\/div>\n<\/div>\n<\/blockquote>\n<\/div><div class=\"autogenerated-blce-ribbon-2764-125 autogenerated-blce-ribbon\">\n <div class=\"ribbon\">\n    OUVERTURE\n   \n  <\/div>\n\n\n\n\n\n\n<\/div><div class=\"bde-div-2764-137 bde-div\">\n  \n  \n\t\n\n\n\n<div class=\"bde-div-2764-138 bde-div\">\n  \n  \n\t\n\n\n\n<div class=\"bde-button-2764-139 bde-button\">\n        \n    \n    \n    \n    \n            \n                    \n            \n            \n\n    \n    \n    \n    \n    \n    <a class=\"breakdance-link button-atom button-atom--custom bde-button__button\" href=\"https:\/\/stockholmnature.com\/fr\/nous-contacter\/\" target=\"_self\" data-type=\"url\"  >\n\n    \n        <span class=\"button-atom__text\">Postuler<\/span>\n\n        \n        \n                <\/a>\n\n    \n\n\n<\/div>\n<\/div>\n<\/div>\n<\/div><div class=\"bde-div-2764-122 bde-div\">\n  \n  \n\t\n\n\n\n<h4 class=\"bde-heading-2764-123 bde-heading\">\nGuide du v\u00e9lo\n<\/h4><div class=\"bde-rich-text-2764-124 bde-rich-text breakdance-rich-text-styles\">\n<blockquote>\n<div class=\"x_elementToProof\">\n<div class=\"x_elementToProof\" data-olk-copy-source=\"MessageBody\">\n<p data-start=\"119\" data-end=\"349\">En tant que guide cycliste, vous dirigez de petits groupes lors d'excursions \u00e0 v\u00e9lo \u00e0 Stockholm et dans ses environs. Les visites sont ax\u00e9es sur un rythme d\u00e9tendu, une conduite s\u00fbre et le partage d'informations sur la ville, l'histoire locale et la vie quotidienne le long de l'itin\u00e9raire. Ce r\u00f4le s'exerce principalement pendant les mois les plus chauds et peut \u00eatre combin\u00e9 avec des randonn\u00e9es ou du kayak en fonction de l'exp\u00e9rience et de la disponibilit\u00e9.<\/p>\n<\/div>\n<div class=\"x_elementToProof\">Votre r\u00f4le<\/div>\n<ul>\n<li>Diriger et g\u00e9rer des excursions \u00e0 v\u00e9lo de mani\u00e8re ind\u00e9pendante<\/li>\n<li>Assurer la s\u00e9curit\u00e9 des invit\u00e9s tout au long de la visite<\/li>\n<li>Partager des faits amusants, des histoires et des informations locales au cours de la visite.<\/li>\n<li>Pr\u00e9parer et v\u00e9rifier les v\u00e9los avant chaque tour<\/li>\n<li>Surveiller les conditions m\u00e9t\u00e9orologiques et adapter les itin\u00e9raires si n\u00e9cessaire<\/li>\n<\/ul>\n<div class=\"x_elementToProof\">Nous recherchons<\/div>\n<ul>\n<li>Bonnes comp\u00e9tences en cyclisme et confiance en la conduite en milieu urbain<\/li>\n<li>Int\u00e9r\u00eat pour l'histoire locale, la culture et la vie urbaine<\/li>\n<li>Personnalit\u00e9 amicale, calme et responsable<\/li>\n<li>Anglais courant (d'autres langues sont un atout)<\/li>\n<li>R\u00e9sidence \u00e0 Stockholm avec un num\u00e9ro personnel su\u00e9dois<\/li>\n<li>Disponibilit\u00e9 \u00e0 temps partiel, flexible ou sur appel.<\/li>\n<\/ul>\n<p>Saison<\/p>\n<ul>\n<li>D'avril \u00e0 octobre, avec la possibilit\u00e9 d'effectuer d'autres travaux de guidage pendant l'hiver.<\/li>\n<\/ul>\n<\/div>\n<\/blockquote>\n<\/div><div class=\"autogenerated-blce-ribbon-2764-127 autogenerated-blce-ribbon\">\n <div class=\"ribbon\">\n    OUVERTURE\n   \n  <\/div>\n\n\n\n\n\n\n<\/div><div class=\"bde-div-2764-135 bde-div\">\n  \n  \n\t\n\n\n\n<div class=\"bde-div-2764-136 bde-div\">\n  \n  \n\t\n\n\n\n<div class=\"bde-button-2764-128 bde-button\">\n        \n    \n    \n    \n    \n            \n                    \n            \n            \n\n    \n    \n    \n    \n    \n    <a class=\"breakdance-link button-atom button-atom--custom bde-button__button\" href=\"https:\/\/stockholmnature.com\/fr\/nous-contacter\/\" target=\"_self\" data-type=\"url\"  >\n\n    \n        <span class=\"button-atom__text\">Postuler<\/span>\n\n        \n        \n                <\/a>\n\n    \n\n\n<\/div>\n<\/div>\n<\/div>\n<\/div><\/div>\n<\/section>","protected":false},"excerpt":{"rendered":"<p>Tour Guide Jobs in Stockholm | Summer Season 2026 Stockholm Nature runs guided kayak, hiking, and biking tours in and around Stockholm. We work in small teams and focus on creating relaxed, well run outdoor experiences for our guests. For the 2026 season, we are looking for guides. Roles can be combined depending on experience [&hellip;]<\/p>\n","protected":false},"author":8,"featured_media":0,"parent":0,"menu_order":0,"comment_status":"closed","ping_status":"closed","template":"","meta":{"_acf_changed":false,"_breakdance_hide_in_design_set":false,"_breakdance_tags":"","footnotes":""},"class_list":["post-2764","page","type-page","status-publish","hentry"],"acf":[],"_links":{"self":[{"href":"https:\/\/stockholmnature.com\/fr\/wp-json\/wp\/v2\/pages\/2764","targetHints":{"allow":["GET"]}}],"collection":[{"href":"https:\/\/stockholmnature.com\/fr\/wp-json\/wp\/v2\/pages"}],"about":[{"href":"https:\/\/stockholmnature.com\/fr\/wp-json\/wp\/v2\/types\/page"}],"author":[{"embeddable":true,"href":"https:\/\/stockholmnature.com\/fr\/wp-json\/wp\/v2\/users\/8"}],"replies":[{"embeddable":true,"href":"https:\/\/stockholmnature.com\/fr\/wp-json\/wp\/v2\/comments?post=2764"}],"version-history":[{"count":40,"href":"https:\/\/stockholmnature.com\/fr\/wp-json\/wp\/v2\/pages\/2764\/revisions"}],"predecessor-version":[{"id":10178,"href":"https:\/\/stockholmnature.com\/fr\/wp-json\/wp\/v2\/pages\/2764\/revisions\/10178"}],"wp:attachment":[{"href":"https:\/\/stockholmnature.com\/fr\/wp-json\/wp\/v2\/media?parent=2764"}],"curies":[{"name":"wp","href":"https:\/\/api.w.org\/{rel}","templated":true}]}}