{"id":3423,"date":"2024-10-22T09:23:19","date_gmt":"2024-10-22T07:23:19","guid":{"rendered":"https:\/\/stockholmnature.com\/?page_id=3423"},"modified":"2025-10-13T10:45:48","modified_gmt":"2025-10-13T08:45:48","slug":"visites-privees-a-stockholm","status":"publish","type":"page","link":"https:\/\/stockholmnature.com\/fr\/private-tours-in-stockholm\/","title":{"rendered":"visites priv\u00e9es \u00e0 stockholm"},"content":{"rendered":"<section class=\"bde-section-3423-246 bde-section\">\n  \n  \n\t\n\n\n\n<div class=\"section-container\"><div class=\"bde-div-3423-251 bde-div\">\n  \n  \n\t\n\n\n\n<img decoding=\"async\" class=\"bde-image2-3423-256 bde-image2\" src=\"https:\/\/stockholmnature.com\/wp-content\/uploads\/2024\/10\/private-tours-in-stockholm-header.webp\" alt=\"Visites priv\u00e9es \u00e0 Stockholm et \u00e9v\u00e9nements en coop\u00e9ration\" srcset=\"https:\/\/stockholmnature.com\/wp-content\/uploads\/2024\/10\/private-tours-in-stockholm-header.webp 1920w, https:\/\/stockholmnature.com\/wp-content\/uploads\/2024\/10\/private-tours-in-stockholm-header-300x169.webp 300w, https:\/\/stockholmnature.com\/wp-content\/uploads\/2024\/10\/private-tours-in-stockholm-header-1024x576.webp 1024w, https:\/\/stockholmnature.com\/wp-content\/uploads\/2024\/10\/private-tours-in-stockholm-header-768x432.webp 768w, https:\/\/stockholmnature.com\/wp-content\/uploads\/2024\/10\/private-tours-in-stockholm-header-1536x864.webp 1536w, https:\/\/stockholmnature.com\/wp-content\/uploads\/2024\/10\/private-tours-in-stockholm-header-18x10.webp 18w\" sizes=\"(max-width: 1920px) 100vw, 1920px\" title=\"\"><div class=\"bde-div-3423-252 bde-div\">\n              \n  \n  \n\t\n\n  <div class=\"section-background-overlay\"><\/div>\n\n\n\n<\/div><div class=\"bde-div-3423-253 bde-div\">\n  \n  \n\t\n\n\n\n<h1 class=\"bde-heading-3423-448 bde-heading\">\nVisites guid\u00e9es priv\u00e9es \u00e0 Stockholm\n<\/h1><a class=\"bde-container-link-3423-262 bde-container-link breakdance-link\" href=\"https:\/\/stockholmnature.com\/fr\/nous-contacter\/\" target=\"_self\" data-type=\"url\">\n  \n  \n\t\n\n\n\n<div class=\"bde-div-3423-263 bde-div\">\n  \n  \n\t\n\n\n\n<div class=\"bde-columns-3423-264 bde-columns\"><div class=\"bde-column-3423-265 bde-column\">\n  \n  \n\t\n\n\n\n<div class=\"bde-text-3423-266 bde-text\">\nTour op\u00e9rateur officiel\n<\/div><div class=\"bde-icon-3423-267 bde-icon\">\n\n    \n            <div class=\"bde-icon-icon breakdance-icon-atom\" >\n    \n                    <svg xmlns=\"https:\/\/www.w3.org\/2000\/svg\" viewbox=\"0 0 512 512\"><!--! Font Awesome Free 6.5.1 by @fontawesome - https:\/\/fontawesome.com License - https:\/\/fontawesome.com\/license\/free (Icons: CC BY 4.0, Fonts: SIL OFL 1.1, Code: MIT License) Copyright 2023 Fonticons, Inc. --><path d=\"M256 512A256 256 0 1 0 256 0a256 256 0 1 0 0 512zM369 209L241 337c-9.4 9.4-24.6 9.4-33.9 0l-64-64c-9.4-9.4-9.4-24.6 0-33.9s24.6-9.4 33.9 0l47 47L335 175c9.4-9.4 24.6-9.4 33.9 0s9.4 24.6 0 33.9z\"\/><\/svg>\n        \n        \n        \n            <\/div>\n    \n\n\n<\/div>\n<\/div><\/div>\n<\/div>\n\n<\/a>\n<\/div>\n<\/div><\/div>\n<\/section><section class=\"bde-section-3423-279 bde-section\">\n  \n  \n\t\n\n\n\n<div class=\"section-container\"><div class=\"bde-columns-3423-280 bde-columns\"><div class=\"bde-column-3423-281 bde-column\">\n  \n  \n\t\n\n\n\n<h2 class=\"bde-dual-heading-3423-282 bde-dual-heading\">\n\n\n            <span data-style=\"secondary\" class=\"dual-heading--secondary  js-annotate\">TOP Private Tours Stockholm<\/span>\n\n\n\n<\/h2><div class=\"bde-div-3423-283 bde-div\">\n  \n  \n\t\n\n\n\n<div class=\"bde-code-block-3423-284 bde-code-block\">\n\n  <script defer async src='https:\/\/cdn.trustindex.io\/loader.js?a5e5a7a434a34216cb262cd1a98'><\/script>\n\n\n<\/div>\n<\/div>\n<\/div><\/div><div class=\"bde-rich-text-3423-285 bde-rich-text breakdance-rich-text-styles\">\n<p style=\"text-align: left;\">Explorez Stockholm d'une mani\u00e8re unique gr\u00e2ce \u00e0 nos visites guid\u00e9es priv\u00e9es. Que vous souhaitiez d\u00e9couvrir les monuments de la ville, pagayer dans l'archipel ou vous aventurer dans la nature su\u00e9doise, nous sommes sp\u00e9cialis\u00e9s dans l'adaptation de chaque aventure aux pr\u00e9f\u00e9rences de votre groupe. Nous sommes sp\u00e9cialis\u00e9s dans l'adaptation de chaque aventure aux pr\u00e9f\u00e9rences de votre groupe, ce qui vous permet de profiter d'une aventure en plein air aussi d\u00e9tendue ou stimulante que vous le souhaitez. Qu'il s'agisse d'un petit groupe ou d'une grande f\u00eate, nos circuits priv\u00e9s sur mesure offrent flexibilit\u00e9 et personnalisation.<\/p>\n<\/div><\/div>\n<\/section><section class=\"bde-section-3423-107 bde-section\">\n  \n  \n\t\n\n\n\n<div class=\"section-container\"><div class=\"bde-columns-3423-110 bde-columns\"><div class=\"bde-column-3423-119 bde-column\">\n  \n  \n\t\n\n\n\n<div class=\"bde-div-3423-120 bde-div\">\n  \n  \n\t\n\n\n\n<div class=\"bde-image-3423-121 bde-image\">\n<figure class=\"breakdance-image breakdance-image--3471\">\n\t<div class=\"breakdance-image-container\">\n\t\t<div class=\"breakdance-image-clip\"><img loading=\"lazy\" decoding=\"async\" class=\"breakdance-image-object\" src=\"https:\/\/stockholmnature.com\/wp-content\/uploads\/2024\/10\/Company-Events-in-Stockholm.webp\" width=\"1200\" height=\"902\" srcset=\"https:\/\/stockholmnature.com\/wp-content\/uploads\/2024\/10\/Company-Events-in-Stockholm.webp 1200w, https:\/\/stockholmnature.com\/wp-content\/uploads\/2024\/10\/Company-Events-in-Stockholm-300x226.webp 300w, https:\/\/stockholmnature.com\/wp-content\/uploads\/2024\/10\/Company-Events-in-Stockholm-1024x770.webp 1024w, https:\/\/stockholmnature.com\/wp-content\/uploads\/2024\/10\/Company-Events-in-Stockholm-768x577.webp 768w, https:\/\/stockholmnature.com\/wp-content\/uploads\/2024\/10\/Company-Events-in-Stockholm-16x12.webp 16w\" sizes=\"auto, (max-width: 1200px) 100vw, 1200px\" alt=\"Groupe de kayakistes lors d&#039;un \u00e9v\u00e9nement d&#039;entreprise \u00e0 Stockholm\" title=\"\"><\/div>\n\t<\/div><\/figure>\n\n<\/div>\n<\/div><div class=\"bde-div-3423-122 bde-div\">\n  \n  \n\t\n\n\n\n<h4 class=\"bde-heading-3423-123 bde-heading\">\n\u00c9v\u00e9nements d'entreprise\n<\/h4><div class=\"bde-text-3423-124 bde-text\">\nVous cherchez un moyen unique d'impressionner vos clients ou de r\u00e9compenser vos employ\u00e9s ? Nos voyages d'entreprise offrent un m\u00e9lange id\u00e9al de d\u00e9tente et d'aventure. Qu'il s'agisse de kayak, de randonn\u00e9e ou d'une excursion sur une \u00eele, votre \u00e9quipe passera un moment agr\u00e9able dans un cadre magnifique, loin de la salle de conf\u00e9rence habituelle. Nous adapterons l'excursion \u00e0 votre emploi du temps et \u00e0 vos besoins, afin de faire de cette journ\u00e9e un moment inoubliable pour tous les participants.\n<\/div><div class=\"bde-div-3423-385 bde-div\">\n  \n  \n\t\n\n\n\n<div class=\"bde-text-3423-386 bde-text\">\nExemple :\n<\/div><h4 class=\"bde-heading-3423-387 bde-heading\">\nKayak autour de Stockholm\n<\/h4><div class=\"bde-div-3423-388 bde-div\">\n  \n  \n\t\n\n\n\n<div class=\"bde-div-3423-389 bde-div\">\n  \n  \n\t\n\n\n\n<div class=\"bde-icon-3423-390 bde-icon\">\n\n    \n            <div class=\"bde-icon-icon breakdance-icon-atom\" >\n    \n                    <svg xmlns=\"http:\/\/www.w3.org\/2000\/svg\" viewbox=\"0 0 512 512\"><!--! Font Awesome Free 6.5.1 by @fontawesome - https:\/\/fontawesome.com License - https:\/\/fontawesome.com\/license\/free (Icons: CC BY 4.0, Fonts: SIL OFL 1.1, Code: MIT License) Copyright 2023 Fonticons, Inc. --><path d=\"M464 256A208 208 0 1 1 48 256a208 208 0 1 1 416 0zM0 256a256 256 0 1 0 512 0A256 256 0 1 0 0 256zM232 120V256c0 8 4 15.5 10.7 20l96 64c11 7.4 25.9 4.4 33.3-6.7s4.4-25.9-6.7-33.3L280 243.2V120c0-13.3-10.7-24-24-24s-24 10.7-24 24z\"\/><\/svg>\n        \n        \n        \n            <\/div>\n    \n\n\n<\/div><div class=\"bde-div-3423-391 bde-div\">\n  \n  \n\t\n\n\n\n<div class=\"bde-div-3423-392 bde-div\">\n  \n  \n\t\n\n\n\n<div class=\"bde-text-3423-393 bde-text\">\n2 heures\n<\/div>\n<\/div>\n<\/div>\n<\/div><div class=\"bde-div-3423-394 bde-div\">\n  \n  \n\t\n\n\n\n<div class=\"bde-icon-3423-395 bde-icon\">\n\n    \n            <div class=\"bde-icon-icon breakdance-icon-atom\" >\n    \n                    <svg xmlns=\"http:\/\/www.w3.org\/2000\/svg\" viewbox=\"0 0 576 512\"><!--! Font Awesome Free 6.5.1 by @fontawesome - https:\/\/fontawesome.com License - https:\/\/fontawesome.com\/license\/free (Icons: CC BY 4.0, Fonts: SIL OFL 1.1, Code: MIT License) Copyright 2023 Fonticons, Inc. --><path d=\"M112 48a48 48 0 1 1 96 0 48 48 0 1 1 -96 0zm40 304V480c0 17.7-14.3 32-32 32s-32-14.3-32-32V256.9L59.4 304.5c-9.1 15.1-28.8 20-43.9 10.9s-20-28.8-10.9-43.9l58.3-97c17.4-28.9 48.6-46.6 82.3-46.6h29.7c33.7 0 64.9 17.7 82.3 46.6l44.9 74.7c-16.1 17.6-28.6 38.5-36.6 61.5c-1.9-1.8-3.5-3.9-4.9-6.3L232 256.9V480c0 17.7-14.3 32-32 32s-32-14.3-32-32V352H152zM432 224a144 144 0 1 1 0 288 144 144 0 1 1 0-288zm0 240a24 24 0 1 0 0-48 24 24 0 1 0 0 48zm0-192c-8.8 0-16 7.2-16 16v80c0 8.8 7.2 16 16 16s16-7.2 16-16V288c0-8.8-7.2-16-16-16z\"\/><\/svg>\n        \n        \n        \n            <\/div>\n    \n\n\n<\/div><div class=\"bde-div-3423-396 bde-div\">\n  \n  \n\t\n\n\n\n<div class=\"bde-div-3423-397 bde-div\">\n  \n  \n\t\n\n\n\n<div class=\"bde-text-3423-398 bde-text\">\n12 - 40 personnes\n<\/div>\n<\/div>\n<\/div>\n<\/div><div class=\"bde-div-3423-399 bde-div\">\n  \n  \n\t\n\n\n\n<div class=\"bde-text-3423-400 bde-text\">\nDe\n<\/div><div class=\"bde-div-3423-401 bde-div\">\n  \n  \n\t\n\n\n\n<div class=\"bde-text-3423-402 bde-text\">\nSEK\n<\/div><div class=\"bde-text-3423-403 bde-text\">\n600\n<\/div>\n<\/div>\n<\/div>\n<\/div>\n<\/div><div class=\"bde-div-3423-125 bde-div\">\n  \n  \n\t\n\n\n\n<div class=\"bde-button-3423-186 bde-button\">\n        \n    \n    \n    \n    \n            \n                    \n            \n            \n\n    \n    \n    \n    \n    \n    <a class=\"breakdance-link button-atom button-atom--custom bde-button__button\" href=\"https:\/\/stockholmnature.com\/fr\/nous-contacter\/\" target=\"_blank\" data-type=\"url\"  >\n\n    \n        <span class=\"button-atom__text\">Contactez nous<\/span>\n\n        \n        \n                <\/a>\n\n    \n\n\n<\/div>\n<\/div>\n<\/div>\n<\/div><div class=\"bde-column-3423-153 bde-column\">\n  \n  \n\t\n\n\n\n<div class=\"bde-div-3423-154 bde-div\">\n  \n  \n\t\n\n\n\n<div class=\"bde-image-3423-155 bde-image\">\n<figure class=\"breakdance-image breakdance-image--3468\">\n\t<div class=\"breakdance-image-container\">\n\t\t<div class=\"breakdance-image-clip\"><img loading=\"lazy\" decoding=\"async\" class=\"breakdance-image-object\" src=\"https:\/\/stockholmnature.com\/wp-content\/uploads\/2024\/10\/Team-Building-Events-Stockholm.webp\" width=\"1920\" height=\"1280\" srcset=\"https:\/\/stockholmnature.com\/wp-content\/uploads\/2024\/10\/Team-Building-Events-Stockholm.webp 1920w, https:\/\/stockholmnature.com\/wp-content\/uploads\/2024\/10\/Team-Building-Events-Stockholm-300x200.webp 300w, https:\/\/stockholmnature.com\/wp-content\/uploads\/2024\/10\/Team-Building-Events-Stockholm-1024x683.webp 1024w, https:\/\/stockholmnature.com\/wp-content\/uploads\/2024\/10\/Team-Building-Events-Stockholm-768x512.webp 768w, https:\/\/stockholmnature.com\/wp-content\/uploads\/2024\/10\/Team-Building-Events-Stockholm-1536x1024.webp 1536w, https:\/\/stockholmnature.com\/wp-content\/uploads\/2024\/10\/Team-Building-Events-Stockholm-18x12.webp 18w\" sizes=\"auto, (max-width: 1920px) 100vw, 1920px\" alt=\"Groupe de participants \u00e0 un \u00e9v\u00e9nement de team building \u00e0 Stockholm\" title=\"\"><\/div>\n\t<\/div><\/figure>\n\n<\/div>\n<\/div><div class=\"bde-div-3423-156 bde-div\">\n  \n  \n\t\n\n\n\n<h4 class=\"bde-heading-3423-157 bde-heading\">\n\u00c9v\u00e9nements de renforcement de l'esprit d'\u00e9quipe\n<\/h4><div class=\"bde-text-3423-158 bde-text\">\nRenforcez votre \u00e9quipe gr\u00e2ce \u00e0 une aventure en plein air. Nos activit\u00e9s de renforcement de l'esprit d'\u00e9quipe favorisent la communication et l'esprit d'\u00e9quipe. Qu'il s'agisse de naviguer sur les voies navigables de Stockholm ou de randonner dans des paysages pittoresques, votre \u00e9quipe nouera des liens en partageant des d\u00e9fis et des exp\u00e9riences. Nous pouvons personnaliser l'exp\u00e9rience en fonction de vos objectifs, afin que la journ\u00e9e soit amusante, enrichissante et marquante.\n<\/div><div class=\"bde-div-3423-427 bde-div\">\n  \n  \n\t\n\n\n\n<div class=\"bde-text-3423-428 bde-text\">\nExemple :\n<\/div><h4 class=\"bde-heading-3423-429 bde-heading\">\nFaire du v\u00e9lo dans la ville de Stockholm\n<\/h4><div class=\"bde-div-3423-430 bde-div\">\n  \n  \n\t\n\n\n\n<div class=\"bde-div-3423-431 bde-div\">\n  \n  \n\t\n\n\n\n<div class=\"bde-icon-3423-432 bde-icon\">\n\n    \n            <div class=\"bde-icon-icon breakdance-icon-atom\" >\n    \n                    <svg xmlns=\"http:\/\/www.w3.org\/2000\/svg\" viewbox=\"0 0 512 512\"><!--! Font Awesome Free 6.5.1 by @fontawesome - https:\/\/fontawesome.com License - https:\/\/fontawesome.com\/license\/free (Icons: CC BY 4.0, Fonts: SIL OFL 1.1, Code: MIT License) Copyright 2023 Fonticons, Inc. --><path d=\"M464 256A208 208 0 1 1 48 256a208 208 0 1 1 416 0zM0 256a256 256 0 1 0 512 0A256 256 0 1 0 0 256zM232 120V256c0 8 4 15.5 10.7 20l96 64c11 7.4 25.9 4.4 33.3-6.7s4.4-25.9-6.7-33.3L280 243.2V120c0-13.3-10.7-24-24-24s-24 10.7-24 24z\"\/><\/svg>\n        \n        \n        \n            <\/div>\n    \n\n\n<\/div><div class=\"bde-div-3423-433 bde-div\">\n  \n  \n\t\n\n\n\n<div class=\"bde-div-3423-434 bde-div\">\n  \n  \n\t\n\n\n\n<div class=\"bde-text-3423-435 bde-text\">\n3 heures\n<\/div>\n<\/div>\n<\/div>\n<\/div><div class=\"bde-div-3423-436 bde-div\">\n  \n  \n\t\n\n\n\n<div class=\"bde-icon-3423-437 bde-icon\">\n\n    \n            <div class=\"bde-icon-icon breakdance-icon-atom\" >\n    \n                    <svg xmlns=\"http:\/\/www.w3.org\/2000\/svg\" viewbox=\"0 0 576 512\"><!--! Font Awesome Free 6.5.1 by @fontawesome - https:\/\/fontawesome.com License - https:\/\/fontawesome.com\/license\/free (Icons: CC BY 4.0, Fonts: SIL OFL 1.1, Code: MIT License) Copyright 2023 Fonticons, Inc. --><path d=\"M112 48a48 48 0 1 1 96 0 48 48 0 1 1 -96 0zm40 304V480c0 17.7-14.3 32-32 32s-32-14.3-32-32V256.9L59.4 304.5c-9.1 15.1-28.8 20-43.9 10.9s-20-28.8-10.9-43.9l58.3-97c17.4-28.9 48.6-46.6 82.3-46.6h29.7c33.7 0 64.9 17.7 82.3 46.6l44.9 74.7c-16.1 17.6-28.6 38.5-36.6 61.5c-1.9-1.8-3.5-3.9-4.9-6.3L232 256.9V480c0 17.7-14.3 32-32 32s-32-14.3-32-32V352H152zM432 224a144 144 0 1 1 0 288 144 144 0 1 1 0-288zm0 240a24 24 0 1 0 0-48 24 24 0 1 0 0 48zm0-192c-8.8 0-16 7.2-16 16v80c0 8.8 7.2 16 16 16s16-7.2 16-16V288c0-8.8-7.2-16-16-16z\"\/><\/svg>\n        \n        \n        \n            <\/div>\n    \n\n\n<\/div><div class=\"bde-div-3423-438 bde-div\">\n  \n  \n\t\n\n\n\n<div class=\"bde-div-3423-439 bde-div\">\n  \n  \n\t\n\n\n\n<div class=\"bde-text-3423-440 bde-text\">\n12 - 40 personnes\n<\/div>\n<\/div>\n<\/div>\n<\/div><div class=\"bde-div-3423-441 bde-div\">\n  \n  \n\t\n\n\n\n<div class=\"bde-text-3423-442 bde-text\">\nDe\n<\/div><div class=\"bde-div-3423-443 bde-div\">\n  \n  \n\t\n\n\n\n<div class=\"bde-text-3423-444 bde-text\">\nSEK\n<\/div><div class=\"bde-text-3423-445 bde-text\">\n550\n<\/div>\n<\/div>\n<\/div>\n<\/div>\n<\/div><div class=\"bde-div-3423-159 bde-div\">\n  \n  \n\t\n\n\n\n<div class=\"bde-button-3423-269 bde-button\">\n        \n    \n    \n    \n    \n            \n                    \n            \n            \n\n    \n    \n    \n    \n    \n    <a class=\"breakdance-link button-atom button-atom--custom bde-button__button\" href=\"https:\/\/stockholmnature.com\/fr\/nous-contacter\/\" target=\"_blank\" data-type=\"url\"  >\n\n    \n        <span class=\"button-atom__text\">Contactez nous<\/span>\n\n        \n        \n                <\/a>\n\n    \n\n\n<\/div>\n<\/div>\n<\/div>\n<\/div><div class=\"bde-column-3423-111 bde-column\">\n  \n  \n\t\n\n\n\n<div class=\"bde-div-3423-112 bde-div\">\n  \n  \n\t\n\n\n\n<div class=\"bde-image-3423-113 bde-image\">\n<figure class=\"breakdance-image breakdance-image--3469\">\n\t<div class=\"breakdance-image-container\">\n\t\t<div class=\"breakdance-image-clip\"><img loading=\"lazy\" decoding=\"async\" class=\"breakdance-image-object\" src=\"https:\/\/stockholmnature.com\/wp-content\/uploads\/2024\/10\/school-events-stockholm.webp\" width=\"1920\" height=\"1329\" srcset=\"https:\/\/stockholmnature.com\/wp-content\/uploads\/2024\/10\/school-events-stockholm.webp 1920w, https:\/\/stockholmnature.com\/wp-content\/uploads\/2024\/10\/school-events-stockholm-300x208.webp 300w, https:\/\/stockholmnature.com\/wp-content\/uploads\/2024\/10\/school-events-stockholm-1024x709.webp 1024w, https:\/\/stockholmnature.com\/wp-content\/uploads\/2024\/10\/school-events-stockholm-768x532.webp 768w, https:\/\/stockholmnature.com\/wp-content\/uploads\/2024\/10\/school-events-stockholm-1536x1063.webp 1536w, https:\/\/stockholmnature.com\/wp-content\/uploads\/2024\/10\/school-events-stockholm-18x12.webp 18w\" sizes=\"auto, (max-width: 1920px) 100vw, 1920px\" alt=\"Un groupe d&#039;enfants lors d&#039;activit\u00e9s scolaires \u00e0 Stockholm\" title=\"\"><\/div>\n\t<\/div><\/figure>\n\n<\/div>\n<\/div><div class=\"bde-div-3423-114 bde-div\">\n  \n  \n\t\n\n\n\n<h4 class=\"bde-heading-3423-115 bde-heading\">\nGroupes scolaires\n<\/h4><div class=\"bde-text-3423-116 bde-text\">\nNos excursions priv\u00e9es pour les groupes scolaires sont con\u00e7ues pour \u00eatre \u00e0 la fois amusantes et \u00e9ducatives. Qu'il s'agisse d'une excursion en kayak dans le centre de Stockholm ou d'une randonn\u00e9e dans la nature, vos \u00e9l\u00e8ves seront en contact avec le monde naturel et apprendront \u00e0 conna\u00eetre l'environnement, la faune et la culture de la r\u00e9gion. Nous adaptons chaque excursion en fonction de la tranche d'\u00e2ge et des centres d'int\u00e9r\u00eat des \u00e9l\u00e8ves, afin de garantir une aventure s\u00fbre et passionnante.\n<\/div><div class=\"bde-div-3423-406 bde-div\">\n  \n  \n\t\n\n\n\n<div class=\"bde-text-3423-407 bde-text\">\nExemple :\n<\/div><h4 class=\"bde-heading-3423-408 bde-heading\">\nRandonn\u00e9e dans la nature su\u00e9doise\n<\/h4><div class=\"bde-div-3423-409 bde-div\">\n  \n  \n\t\n\n\n\n<div class=\"bde-div-3423-410 bde-div\">\n  \n  \n\t\n\n\n\n<div class=\"bde-icon-3423-411 bde-icon\">\n\n    \n            <div class=\"bde-icon-icon breakdance-icon-atom\" >\n    \n                    <svg xmlns=\"http:\/\/www.w3.org\/2000\/svg\" viewbox=\"0 0 512 512\"><!--! Font Awesome Free 6.5.1 by @fontawesome - https:\/\/fontawesome.com License - https:\/\/fontawesome.com\/license\/free (Icons: CC BY 4.0, Fonts: SIL OFL 1.1, Code: MIT License) Copyright 2023 Fonticons, Inc. --><path d=\"M464 256A208 208 0 1 1 48 256a208 208 0 1 1 416 0zM0 256a256 256 0 1 0 512 0A256 256 0 1 0 0 256zM232 120V256c0 8 4 15.5 10.7 20l96 64c11 7.4 25.9 4.4 33.3-6.7s4.4-25.9-6.7-33.3L280 243.2V120c0-13.3-10.7-24-24-24s-24 10.7-24 24z\"\/><\/svg>\n        \n        \n        \n            <\/div>\n    \n\n\n<\/div><div class=\"bde-div-3423-412 bde-div\">\n  \n  \n\t\n\n\n\n<div class=\"bde-div-3423-413 bde-div\">\n  \n  \n\t\n\n\n\n<div class=\"bde-text-3423-414 bde-text\">\n4 heures\n<\/div>\n<\/div>\n<\/div>\n<\/div><div class=\"bde-div-3423-415 bde-div\">\n  \n  \n\t\n\n\n\n<div class=\"bde-icon-3423-416 bde-icon\">\n\n    \n            <div class=\"bde-icon-icon breakdance-icon-atom\" >\n    \n                    <svg xmlns=\"http:\/\/www.w3.org\/2000\/svg\" viewbox=\"0 0 576 512\"><!--! Font Awesome Free 6.5.1 by @fontawesome - https:\/\/fontawesome.com License - https:\/\/fontawesome.com\/license\/free (Icons: CC BY 4.0, Fonts: SIL OFL 1.1, Code: MIT License) Copyright 2023 Fonticons, Inc. --><path d=\"M112 48a48 48 0 1 1 96 0 48 48 0 1 1 -96 0zm40 304V480c0 17.7-14.3 32-32 32s-32-14.3-32-32V256.9L59.4 304.5c-9.1 15.1-28.8 20-43.9 10.9s-20-28.8-10.9-43.9l58.3-97c17.4-28.9 48.6-46.6 82.3-46.6h29.7c33.7 0 64.9 17.7 82.3 46.6l44.9 74.7c-16.1 17.6-28.6 38.5-36.6 61.5c-1.9-1.8-3.5-3.9-4.9-6.3L232 256.9V480c0 17.7-14.3 32-32 32s-32-14.3-32-32V352H152zM432 224a144 144 0 1 1 0 288 144 144 0 1 1 0-288zm0 240a24 24 0 1 0 0-48 24 24 0 1 0 0 48zm0-192c-8.8 0-16 7.2-16 16v80c0 8.8 7.2 16 16 16s16-7.2 16-16V288c0-8.8-7.2-16-16-16z\"\/><\/svg>\n        \n        \n        \n            <\/div>\n    \n\n\n<\/div><div class=\"bde-div-3423-417 bde-div\">\n  \n  \n\t\n\n\n\n<div class=\"bde-div-3423-418 bde-div\">\n  \n  \n\t\n\n\n\n<div class=\"bde-text-3423-419 bde-text\">\n12 - 40 personnes\n<\/div>\n<\/div>\n<\/div>\n<\/div><div class=\"bde-div-3423-420 bde-div\">\n  \n  \n\t\n\n\n\n<div class=\"bde-text-3423-421 bde-text\">\nDe\n<\/div><div class=\"bde-div-3423-422 bde-div\">\n  \n  \n\t\n\n\n\n<div class=\"bde-text-3423-423 bde-text\">\nSEK\n<\/div><div class=\"bde-text-3423-424 bde-text\">\n750\n<\/div>\n<\/div>\n<\/div>\n<\/div>\n<\/div><div class=\"bde-div-3423-117 bde-div\">\n  \n  \n\t\n\n\n\n<div class=\"bde-button-3423-268 bde-button\">\n        \n    \n    \n    \n    \n            \n                    \n            \n            \n\n    \n    \n    \n    \n    \n    <a class=\"breakdance-link button-atom button-atom--custom bde-button__button\" href=\"https:\/\/stockholmnature.com\/fr\/nous-contacter\/\" target=\"_blank\" data-type=\"url\"  >\n\n    \n        <span class=\"button-atom__text\">Contactez nous<\/span>\n\n        \n        \n                <\/a>\n\n    \n\n\n<\/div>\n<\/div>\n<\/div>\n<\/div><\/div><div class=\"bde-columns-3423-152 bde-columns\"><div class=\"bde-column-3423-286 bde-column\">\n  \n  \n\t\n\n\n\n<div class=\"bde-div-3423-289 bde-div\">\n  \n  \n\t\n\n\n\n<h4 class=\"bde-heading-3423-290 bde-heading\">\nExperts en aventures de plein air\n<\/h4><div class=\"bde-text-3423-291 bde-text\">\nL'organisation d'une aventure en groupe doit \u00eatre amusante et plaisante. Que vous organisiez un \u00e9v\u00e9nement d'entreprise, un voyage scolaire ou un week-end entre amis, nous nous occupons de tous les d\u00e9tails pour que vous puissiez vous concentrer sur l'exp\u00e9rience. Du transport aux repas, en passant par les itin\u00e9raires personnalis\u00e9s et les horaires flexibles, notre \u00e9quipe s'occupe de tout. Dites-nous simplement ce que vous avez en t\u00eate, et nous cr\u00e9erons un circuit priv\u00e9 qui r\u00e9pondra parfaitement aux besoins et aux int\u00e9r\u00eats de votre groupe.\n<\/div><div class=\"bde-div-3423-292 bde-div\">\n  \n  \n\t\n\n\n\n<div class=\"bde-button-3423-293 bde-button\">\n        \n    \n    \n    \n    \n            \n                    \n            \n            \n\n    \n    \n    \n    \n    \n    <a class=\"breakdance-link button-atom button-atom--custom bde-button__button\" href=\"https:\/\/stockholmnature.com\/fr\/nous-contacter\/\" target=\"_blank\" data-type=\"url\"  >\n\n    \n        <span class=\"button-atom__text\">Contactez nous<\/span>\n\n        \n        \n                <\/a>\n\n    \n\n\n<\/div>\n<\/div>\n<\/div>\n<\/div><\/div><\/div>\n<\/section><section class=\"bde-section-3423-274 bde-section\">\n  \n  \n\t\n\n\n\n<div class=\"section-container\"><div class=\"bde-div-3423-275 bde-div\">\n  \n  \n\t\n\n\n\n<h2 class=\"bde-dual-heading-3423-276 bde-dual-heading\">\n\n\n            <span data-style=\"secondary\" class=\"dual-heading--secondary  js-annotate\">Avis certifi\u00e9s<\/span>\n\n\n\n<\/h2><div class=\"bde-div-3423-277 bde-div\">\n  \n  \n\t\n\n\n\n<div class=\"bde-code-block-3423-278 bde-code-block\">\n\n  <script defer async src='https:\/\/cdn.trustindex.io\/loader.js?68fdbd1357735702f436069bf62'><\/script>\n\n\n<\/div>\n<\/div>\n<\/div><\/div>\n<\/section><section class=\"bde-section-3423-187 bde-section\">\n  \n  \n\t\n\n\n\n<div class=\"section-container\"><div class=\"bde-div-3423-271 bde-div\">\n  \n  \n\t\n\n\n\n<h3 class=\"bde-heading-3423-272 bde-heading\">\nVisites priv\u00e9es \u00e0 Stockholm\n<\/h3><div class=\"bde-rich-text-3423-273 bde-rich-text breakdance-rich-text-styles\">\n<p data-start=\"74\" data-end=\"479\">Vous pr\u00e9voyez un voyage scolaire, une sortie d'entreprise ou une journ\u00e9e de coh\u00e9sion d'\u00e9quipe ? Nous avons ce qu'il vous faut. \u00c0 Stockholm Nature, nous proposons des visites guid\u00e9es priv\u00e9es \u00e0 Stockholm et dans ses environs. Vous pouvez r\u00e9server l'un de nos circuits r\u00e9guliers pour votre \u00e9quipe, qu'il s'agisse de faire du kayak dans la ville, de pagayer dans l'archipel, de faire de la randonn\u00e9e dans la magnifique nature su\u00e9doise ou de partir pour une aventure de plusieurs jours.<\/p>\n<p data-start=\"481\" data-end=\"784\">Nous aimons cr\u00e9er des exp\u00e9riences qui rassemblent les gens. Nous sommes heureux de vous aider \u00e0 planifier l'itin\u00e9raire pour qu'il corresponde exactement \u00e0 ce que vous recherchez. Il s'agit de profiter du plein air, de partager des moments et de d\u00e9couvrir ensemble la beaut\u00e9 de la Su\u00e8de.<\/p>\n<p data-start=\"786\" data-end=\"1023\">Si vous souhaitez ajouter des repas, un transport ou quelque chose d'autre pour rendre la journ\u00e9e sp\u00e9ciale, il vous suffit de nous le faire savoir. Que votre objectif soit de vous d\u00e9tendre, d'explorer la nature ou de renforcer l'esprit d'\u00e9quipe, nos circuits priv\u00e9s vous permettent de cr\u00e9er facilement un \u00e9v\u00e9nement vraiment m\u00e9morable. La plupart du temps, nous pouvons \u00e9galement fournir des guides bilingues parlant anglais, allemand, espagnol, fran\u00e7ais ou su\u00e9dois. N'h\u00e9sitez pas \u00e0 nous contacter et nous v\u00e9rifierons ce qui est possible pour vos dates.<\/p>\n<\/div>\n<\/div><\/div>\n<\/section>","protected":false},"excerpt":{"rendered":"<p>Guided Private Tours in Stockholm Official Tour Operator TOP Private Tours Stockholm Explore Stockholm in a unique way, with our private guided tours. Whether you\u2019re looking to explore the city\u2019s landmarks, paddle through the Archipelago, or venture into Sweden\u2019s nature. We specialize in tailoring each adventure to suit the preferences of your group, allowing to [&hellip;]<\/p>\n","protected":false},"author":1,"featured_media":0,"parent":0,"menu_order":0,"comment_status":"closed","ping_status":"closed","template":"","meta":{"_acf_changed":false,"_breakdance_hide_in_design_set":false,"_breakdance_tags":"","footnotes":""},"class_list":["post-3423","page","type-page","status-publish","hentry"],"acf":[],"_links":{"self":[{"href":"https:\/\/stockholmnature.com\/fr\/wp-json\/wp\/v2\/pages\/3423","targetHints":{"allow":["GET"]}}],"collection":[{"href":"https:\/\/stockholmnature.com\/fr\/wp-json\/wp\/v2\/pages"}],"about":[{"href":"https:\/\/stockholmnature.com\/fr\/wp-json\/wp\/v2\/types\/page"}],"author":[{"embeddable":true,"href":"https:\/\/stockholmnature.com\/fr\/wp-json\/wp\/v2\/users\/1"}],"replies":[{"embeddable":true,"href":"https:\/\/stockholmnature.com\/fr\/wp-json\/wp\/v2\/comments?post=3423"}],"version-history":[{"count":51,"href":"https:\/\/stockholmnature.com\/fr\/wp-json\/wp\/v2\/pages\/3423\/revisions"}],"predecessor-version":[{"id":8829,"href":"https:\/\/stockholmnature.com\/fr\/wp-json\/wp\/v2\/pages\/3423\/revisions\/8829"}],"wp:attachment":[{"href":"https:\/\/stockholmnature.com\/fr\/wp-json\/wp\/v2\/media?parent=3423"}],"curies":[{"name":"wp","href":"https:\/\/api.w.org\/{rel}","templated":true}]}}