{"id":3691,"date":"2024-10-26T08:05:30","date_gmt":"2024-10-26T06:05:30","guid":{"rendered":"https:\/\/stockholmnature.com\/?page_id=3691"},"modified":"2026-02-19T09:22:39","modified_gmt":"2026-02-19T07:22:39","slug":"garantie-du-prix-le-plus-bas","status":"publish","type":"page","link":"https:\/\/stockholmnature.com\/fr\/lowest-price-guarantee\/","title":{"rendered":"Garantie du prix le plus bas"},"content":{"rendered":"<section class=\"bde-section-3691-100 bde-section\">\n  \n  \n\t\n\n\n\n<div class=\"section-container\"><div class=\"bde-div-3691-101 bde-div\">\n  \n  \n\t\n\n\n\n<h1 class=\"bde-heading-3691-102 bde-heading\">\nGarantie du prix le plus bas\n<\/h1><div class=\"bde-rich-text-3691-103 bde-rich-text breakdance-rich-text-styles\">\n<p data-start=\"282\" data-end=\"496\">Nous garantissons le prix le plus bas pour toutes nos exp\u00e9riences. En tant que voyagiste, nous fixons les prix sur toutes les plateformes de r\u00e9servation. Lorsque vous r\u00e9servez directement aupr\u00e8s de Stockholm Nature, vous b\u00e9n\u00e9ficiez toujours du meilleur tarif disponible.<br \/><br \/>Si vous trouvez la m\u00eame exp\u00e9rience \u00e0 un prix inf\u00e9rieur avant le d\u00e9but de l'activit\u00e9, nous vous rembourserons la diff\u00e9rence.<\/p>\n<h5>Comment cela fonctionne-t-il ?<\/h5>\n<p><strong>Soumettre votre demande<\/strong><br \/>Utilisez notre <a href=\"https:\/\/stockholmnature.com\/fr\/nous-contacter\/\">formulaire de contact<\/a> pour faire une r\u00e9clamation et inclure votre num\u00e9ro de r\u00e9servation et la preuve du prix le plus bas.<\/p>\n<p><strong>Nous examinons votre demande<\/strong><br \/>Nous allons maintenant v\u00e9rifier les informations soumises et vous recevrez une r\u00e9ponse de notre part d\u00e8s que possible.<\/p>\n<p><strong>Recevoir le remboursement<\/strong><br \/>Si votre demande est valable, nous vous rembourserons la diff\u00e9rence entre les deux prix.<\/p>\n<hr \/>\n<h5>Conditions g\u00e9n\u00e9rales d'utilisation<\/h5>\n<ul>\n<li>\n<p>La garantie s'applique aux r\u00e9servations effectu\u00e9es directement sur stockholmnature.com.<\/p>\n<\/li>\n<li>\n<p>Il ne s'applique qu'aux tarifs publics standard<\/p>\n<\/li>\n<li>\n<p>Le prix inf\u00e9rieur doit correspondre exactement \u00e0 la m\u00eame exp\u00e9rience, \u00e0 la m\u00eame date et aux m\u00eames d\u00e9tails.<\/p>\n<\/li>\n<li>\n<p>Les demandes doivent \u00eatre soumises avant le d\u00e9but de l'activit\u00e9<\/p>\n<\/li>\n<li>Nous nous r\u00e9servons le droit de v\u00e9rifier le prix le plus bas et toutes les d\u00e9cisions sont d\u00e9finitives.<\/li>\n<\/ul>\n<\/div>\n<\/div><\/div>\n<\/section>","protected":false},"excerpt":{"rendered":"<p>Lowest Price Guarantee We guarantee the lowest price for all our experiences. As the tour operator, we set the price across every booking platform. When you book directly with Stockholm Nature, you always receive the best available rate.If you find the exact same experience offered at a lower price before the activity starts, we will [&hellip;]<\/p>\n","protected":false},"author":1,"featured_media":0,"parent":0,"menu_order":0,"comment_status":"closed","ping_status":"closed","template":"","meta":{"_acf_changed":false,"_breakdance_hide_in_design_set":false,"_breakdance_tags":"","footnotes":""},"class_list":["post-3691","page","type-page","status-publish","hentry"],"acf":[],"_links":{"self":[{"href":"https:\/\/stockholmnature.com\/fr\/wp-json\/wp\/v2\/pages\/3691","targetHints":{"allow":["GET"]}}],"collection":[{"href":"https:\/\/stockholmnature.com\/fr\/wp-json\/wp\/v2\/pages"}],"about":[{"href":"https:\/\/stockholmnature.com\/fr\/wp-json\/wp\/v2\/types\/page"}],"author":[{"embeddable":true,"href":"https:\/\/stockholmnature.com\/fr\/wp-json\/wp\/v2\/users\/1"}],"replies":[{"embeddable":true,"href":"https:\/\/stockholmnature.com\/fr\/wp-json\/wp\/v2\/comments?post=3691"}],"version-history":[{"count":10,"href":"https:\/\/stockholmnature.com\/fr\/wp-json\/wp\/v2\/pages\/3691\/revisions"}],"predecessor-version":[{"id":10182,"href":"https:\/\/stockholmnature.com\/fr\/wp-json\/wp\/v2\/pages\/3691\/revisions\/10182"}],"wp:attachment":[{"href":"https:\/\/stockholmnature.com\/fr\/wp-json\/wp\/v2\/media?parent=3691"}],"curies":[{"name":"wp","href":"https:\/\/api.w.org\/{rel}","templated":true}]}}