{"id":2764,"date":"2024-10-13T07:36:35","date_gmt":"2024-10-13T05:36:35","guid":{"rendered":"https:\/\/stockholmnature.com\/?page_id=2764"},"modified":"2026-01-30T10:19:13","modified_gmt":"2026-01-30T08:19:13","slug":"lavori","status":"publish","type":"page","link":"https:\/\/stockholmnature.com\/it\/jobs\/","title":{"rendered":"lavori"},"content":{"rendered":"<section class=\"bde-section-2764-118 bde-section\">\n  \n  \n\t\n\n\n\n<div class=\"section-container\"><div class=\"bde-div-2764-119 bde-div\">\n  \n  \n\t\n\n\n\n<h1 class=\"bde-heading-2764-120 bde-heading\">\nLavoro di guida turistica a Stoccolma | Stagione estiva 2026\n<\/h1><div class=\"bde-div-2764-134 bde-div\">\n  \n  \n\t\n\n\n\n<div class=\"bde-rich-text-2764-121 bde-rich-text breakdance-rich-text-styles\">\n<blockquote>\n<div class=\"x_elementToProof\">\n<div class=\"x_elementToProof\" data-olk-copy-source=\"MessageBody\"><a href=\"https:\/\/stockholmnature.com\/it\/circa\/\" data-wplink-edit=\"true\">Stoccolma Natura<\/a> organizza escursioni guidate in kayak, a piedi e in bicicletta a Stoccolma e dintorni. Lavoriamo in piccoli gruppi e ci concentriamo sulla creazione di esperienze all'aperto rilassate e ben gestite per i nostri ospiti. Per la stagione 2026 siamo alla ricerca di guide. I ruoli possono essere combinati a seconda dell'esperienza e della disponibilit\u00e0.<br \/><br \/><\/div>\n<div class=\"x_elementToProof\">Cosa offriamo<\/div>\n<ul>\n<li>Formazione per persone motivate, anche senza esperienza di guida precedente<\/li>\n<li>Posizioni flessibili, compreso il lavoro regolare e su chiamata<\/li>\n<li>Opportunit\u00e0 di stage per coloro che desiderano acquisire esperienza di guida<\/li>\n<li>Retribuzione oraria di base, con tutte le mance pagate direttamente al dipendente<\/li>\n<li>Piccoli gruppi e un team di supporto alla guida<\/li>\n<\/ul>\n<div class=\"x_elementToProof\">Se disponete di una competenza specifica o di un background outdoor, saremo lieti di sentire come potrebbe inserirsi nel nostro team. Inviateci il vostro CV e una breve lettera di presentazione.<\/div>\n<\/div>\n<\/blockquote>\n<\/div>\n<\/div>\n<\/div><div class=\"bde-div-2764-147 bde-div\">\n  \n  \n\t\n\n\n\n<div class=\"bde-div-2764-151 bde-div\">\n  \n  \n\t\n\n\n\n<div class=\"bde-div-2764-152 bde-div\">\n  \n  \n\t\n\n\n\n<img decoding=\"async\" class=\"bde-image2-2764-146 bde-image2\" src=\"https:\/\/stockholmnature.com\/wp-content\/uploads\/2026\/01\/Stockholm-Nature-Team.webp\" alt=\"Foto del team Natura di Stoccolma | Lavoro di guida turistica a Stoccolma\" loading=\"lazy\" srcset=\"https:\/\/stockholmnature.com\/wp-content\/uploads\/2026\/01\/Stockholm-Nature-Team.webp 1920w, https:\/\/stockholmnature.com\/wp-content\/uploads\/2026\/01\/Stockholm-Nature-Team-300x127.webp 300w, https:\/\/stockholmnature.com\/wp-content\/uploads\/2026\/01\/Stockholm-Nature-Team-1024x435.webp 1024w, https:\/\/stockholmnature.com\/wp-content\/uploads\/2026\/01\/Stockholm-Nature-Team-768x326.webp 768w, https:\/\/stockholmnature.com\/wp-content\/uploads\/2026\/01\/Stockholm-Nature-Team-1536x652.webp 1536w, https:\/\/stockholmnature.com\/wp-content\/uploads\/2026\/01\/Stockholm-Nature-Team-18x8.webp 18w\" sizes=\"(max-width: 1920px) 100vw, 1920px\" title=\"\">\n<\/div>\n<\/div>\n<\/div><div class=\"bde-div-2764-112 bde-div\">\n  \n  \n\t\n\n\n\n<h4 class=\"bde-heading-2764-113 bde-heading\">\nGuida ai kayak\n<\/h4><div class=\"bde-rich-text-2764-114 bde-rich-text breakdance-rich-text-styles\">\n<blockquote>\n<div class=\"x_elementToProof\">\n<div class=\"x_elementToProof\">\n<p data-start=\"277\" data-end=\"559\">In qualit\u00e0 di guida di kayak, conducete gli ospiti attraverso le vie d'acqua di Stoccolma, sia in citt\u00e0 che nell'arcipelago. I tour variano da brevi pagaiate in citt\u00e0 a gite in kayak di pi\u00f9 giorni con campeggio.<\/p>\n<\/div>\n<div class=\"x_elementToProof\">\n<div class=\"x_elementToProof\">Il vostro ruolo<\/div>\n<ul>\n<li>Condurre e gestire i tour in modo indipendente<\/li>\n<li>Garantire la sicurezza degli ospiti in ogni momento<\/li>\n<li>Condividere conoscenze e storie locali lungo il percorso<\/li>\n<li>Valutare le condizioni meteorologiche prima e durante le visite<\/li>\n<\/ul>\n<div class=\"x_elementToProof\">Siamo alla ricerca di<\/div>\n<ul>\n<li>Persone con precedenti esperienze di kayak<\/li>\n<li>Giocatori di squadra amichevoli ed estroversi<\/li>\n<li>Inglese fluente (altre lingue sono un plus)<\/li>\n<li>\n<div class=\"x_elementToProof\" role=\"presentation\">Residenza a Stoccolma con numero personale svedese<\/div>\n<\/li>\n<\/ul>\n<\/div>\n<div class=\"x_elementToProof\">\n<div class=\"x_elementToProof\" role=\"presentation\">\n<div class=\"x_elementToProof\" role=\"presentation\">Stagione<\/div>\n<ul>\n<li class=\"x_elementToProof\" role=\"presentation\">Da maggio a settembre, con possibilit\u00e0 di lavoro prolungato o tutto l'anno.<\/li>\n<\/ul>\n<\/div>\n<\/div>\n<\/div>\n<\/blockquote>\n<\/div><div class=\"bde-div-2764-140 bde-div\">\n  \n  \n\t\n\n\n\n<div class=\"bde-div-2764-141 bde-div\">\n  \n  \n\t\n\n\n\n<div class=\"bde-button-2764-142 bde-button\">\n        \n    \n    \n    \n    \n            \n                    \n            \n            \n\n    \n    \n    \n    \n    \n    <a class=\"breakdance-link button-atom button-atom--custom bde-button__button\" href=\"https:\/\/stockholmnature.com\/it\/contattateci\/\" target=\"_self\" data-type=\"url\"  >\n\n    \n        <span class=\"button-atom__text\">Candidarsi ora<\/span>\n\n        \n        \n                <\/a>\n\n    \n\n\n<\/div>\n<\/div>\n<\/div><div class=\"autogenerated-blce-ribbon-2764-126 autogenerated-blce-ribbon\">\n <div class=\"ribbon\">\n    APERTO\n   \n  <\/div>\n\n\n\n\n\n\n<\/div>\n<\/div><div class=\"bde-div-2764-115 bde-div\">\n  \n  \n\t\n\n\n\n<h4 class=\"bde-heading-2764-116 bde-heading\">\nGuida all'escursionismo\n<\/h4><div class=\"bde-rich-text-2764-117 bde-rich-text breakdance-rich-text-styles\">\n<blockquote>\n<div class=\"x_elementToProof\">\n<div class=\"x_elementToProof\">\n<div class=\"x_elementToProof\">\n<div class=\"x_elementToProof\" data-olk-copy-source=\"MessageBody\">\n<p data-start=\"133\" data-end=\"391\">In qualit\u00e0 di guida escursionistica, conducete piccoli gruppi in escursioni nella natura vicino a Stoccolma. I tour si concentrano su ritmi rilassati, tempo all'aria aperta e condivisione di conoscenze sull'ambiente locale e sulla cultura svedese dell'outdoor.<\/p>\n<\/div>\n<div class=\"x_elementToProof\">Il vostro ruolo<\/div>\n<ul>\n<li>Condurre e gestire autonomamente le escursioni<\/li>\n<li>Garantire la sicurezza degli ospiti<\/li>\n<li>Condividere le conoscenze sulla natura, i paesaggi e la vita locale<\/li>\n<li>Preparare il pranzo al fuoco direttamente nella natura<\/li>\n<li>Controllare quotidianamente le condizioni meteorologiche e le restrizioni del divieto di incendio.<\/li>\n<\/ul>\n<div class=\"x_elementToProof\">Siamo alla ricerca di<\/div>\n<ul>\n<li>Esperienza di escursioni o attivit\u00e0 all'aperto<\/li>\n<li>Giocatori di squadra amichevoli ed estroversi<\/li>\n<li>Inglese fluente (altre lingue sono un plus)<\/li>\n<li>Residenza a Stoccolma con numero personale svedese<\/li>\n<\/ul>\n<div class=\"x_elementToProof\" role=\"presentation\">Stagione<\/div>\n<ul>\n<li>Da marzo a settembre, con possibilit\u00e0 di lavoro prolungato o tutto l'anno.<\/li>\n<\/ul>\n<\/div>\n<\/div>\n<\/div>\n<\/blockquote>\n<\/div><div class=\"autogenerated-blce-ribbon-2764-125 autogenerated-blce-ribbon\">\n <div class=\"ribbon\">\n    APERTO\n   \n  <\/div>\n\n\n\n\n\n\n<\/div><div class=\"bde-div-2764-137 bde-div\">\n  \n  \n\t\n\n\n\n<div class=\"bde-div-2764-138 bde-div\">\n  \n  \n\t\n\n\n\n<div class=\"bde-button-2764-139 bde-button\">\n        \n    \n    \n    \n    \n            \n                    \n            \n            \n\n    \n    \n    \n    \n    \n    <a class=\"breakdance-link button-atom button-atom--custom bde-button__button\" href=\"https:\/\/stockholmnature.com\/it\/contattateci\/\" target=\"_self\" data-type=\"url\"  >\n\n    \n        <span class=\"button-atom__text\">Candidarsi ora<\/span>\n\n        \n        \n                <\/a>\n\n    \n\n\n<\/div>\n<\/div>\n<\/div>\n<\/div><div class=\"bde-div-2764-122 bde-div\">\n  \n  \n\t\n\n\n\n<h4 class=\"bde-heading-2764-123 bde-heading\">\nGuida alle biciclette\n<\/h4><div class=\"bde-rich-text-2764-124 bde-rich-text breakdance-rich-text-styles\">\n<blockquote>\n<div class=\"x_elementToProof\">\n<div class=\"x_elementToProof\" data-olk-copy-source=\"MessageBody\">\n<p data-start=\"119\" data-end=\"349\">In qualit\u00e0 di guida ciclistica, conducete piccoli gruppi in tour ciclistici a Stoccolma e dintorni. I tour si concentrano su ritmi rilassati, guida sicura e condivisione di informazioni sulla citt\u00e0, sulla storia locale e sulla vita quotidiana lungo il percorso. Il ruolo si svolge principalmente nei mesi pi\u00f9 caldi e pu\u00f2 essere combinato con escursioni a piedi o in kayak, a seconda dell'esperienza e della disponibilit\u00e0.<\/p>\n<\/div>\n<div class=\"x_elementToProof\">Il vostro ruolo<\/div>\n<ul>\n<li>Condurre e gestire in modo indipendente le escursioni in bicicletta<\/li>\n<li>Garantire la sicurezza degli ospiti durante il tour<\/li>\n<li>Condividere fatti divertenti, storie e approfondimenti locali durante la visita guidata<\/li>\n<li>Preparare e controllare le biciclette prima di ogni tour<\/li>\n<li>Monitorare le condizioni meteorologiche e adattare i percorsi quando necessario<\/li>\n<\/ul>\n<div class=\"x_elementToProof\">Siamo alla ricerca di<\/div>\n<ul>\n<li>Buone capacit\u00e0 ciclistiche e confidenza con l'ambiente urbano<\/li>\n<li>Interesse per la storia, la cultura e la vita della citt\u00e0 locale<\/li>\n<li>Personalit\u00e0 amichevole, calma e responsabile<\/li>\n<li>Inglese fluente (altre lingue sono un plus)<\/li>\n<li>Residenza a Stoccolma con numero personale svedese<\/li>\n<li>Disponibilit\u00e0 part-time, flessibile o a chiamata<\/li>\n<\/ul>\n<p>Stagione<\/p>\n<ul>\n<li>Da aprile a ottobre, con possibilit\u00e0 di altre attivit\u00e0 di guida durante l'inverno.<\/li>\n<\/ul>\n<\/div>\n<\/blockquote>\n<\/div><div class=\"autogenerated-blce-ribbon-2764-127 autogenerated-blce-ribbon\">\n <div class=\"ribbon\">\n    APERTO\n   \n  <\/div>\n\n\n\n\n\n\n<\/div><div class=\"bde-div-2764-135 bde-div\">\n  \n  \n\t\n\n\n\n<div class=\"bde-div-2764-136 bde-div\">\n  \n  \n\t\n\n\n\n<div class=\"bde-button-2764-128 bde-button\">\n        \n    \n    \n    \n    \n            \n                    \n            \n            \n\n    \n    \n    \n    \n    \n    <a class=\"breakdance-link button-atom button-atom--custom bde-button__button\" href=\"https:\/\/stockholmnature.com\/it\/contattateci\/\" target=\"_self\" data-type=\"url\"  >\n\n    \n        <span class=\"button-atom__text\">Candidarsi ora<\/span>\n\n        \n        \n                <\/a>\n\n    \n\n\n<\/div>\n<\/div>\n<\/div>\n<\/div><\/div>\n<\/section>","protected":false},"excerpt":{"rendered":"<p>Tour Guide Jobs in Stockholm | Summer Season 2026 Stockholm Nature runs guided kayak, hiking, and biking tours in and around Stockholm. We work in small teams and focus on creating relaxed, well run outdoor experiences for our guests. For the 2026 season, we are looking for guides. Roles can be combined depending on experience [&hellip;]<\/p>\n","protected":false},"author":8,"featured_media":0,"parent":0,"menu_order":0,"comment_status":"closed","ping_status":"closed","template":"","meta":{"_acf_changed":false,"_breakdance_hide_in_design_set":false,"_breakdance_tags":"","footnotes":""},"class_list":["post-2764","page","type-page","status-publish","hentry"],"acf":[],"_links":{"self":[{"href":"https:\/\/stockholmnature.com\/it\/wp-json\/wp\/v2\/pages\/2764","targetHints":{"allow":["GET"]}}],"collection":[{"href":"https:\/\/stockholmnature.com\/it\/wp-json\/wp\/v2\/pages"}],"about":[{"href":"https:\/\/stockholmnature.com\/it\/wp-json\/wp\/v2\/types\/page"}],"author":[{"embeddable":true,"href":"https:\/\/stockholmnature.com\/it\/wp-json\/wp\/v2\/users\/8"}],"replies":[{"embeddable":true,"href":"https:\/\/stockholmnature.com\/it\/wp-json\/wp\/v2\/comments?post=2764"}],"version-history":[{"count":40,"href":"https:\/\/stockholmnature.com\/it\/wp-json\/wp\/v2\/pages\/2764\/revisions"}],"predecessor-version":[{"id":10178,"href":"https:\/\/stockholmnature.com\/it\/wp-json\/wp\/v2\/pages\/2764\/revisions\/10178"}],"wp:attachment":[{"href":"https:\/\/stockholmnature.com\/it\/wp-json\/wp\/v2\/media?parent=2764"}],"curies":[{"name":"wp","href":"https:\/\/api.w.org\/{rel}","templated":true}]}}