{"id":4163,"date":"2024-12-05T15:05:43","date_gmt":"2024-12-05T13:05:43","guid":{"rendered":"https:\/\/stockholmnature.com\/?page_id=4163"},"modified":"2026-01-25T10:01:19","modified_gmt":"2026-01-25T08:01:19","slug":"calendario-delle-prenotazioni","status":"publish","type":"page","link":"https:\/\/stockholmnature.com\/it\/booking-calender\/","title":{"rendered":"Calendario delle prenotazioni"},"content":{"rendered":"<section class=\"bde-section-4163-152 bde-section\">\n  \n  \n\t\n\n\n\n<div class=\"section-container\"><div class=\"bde-div-4163-153 bde-div\">\n  \n  \n\t\n\n\n\n<img decoding=\"async\" class=\"bde-image2-4163-154 bde-image2\" src=\"https:\/\/stockholmnature.com\/wp-content\/uploads\/2024\/10\/Kayak-Rental-Station-Stockholm-Header-1.jpg\" alt=\"Stazione di noleggio kayak nel centro di Stoccolma\" srcset=\"https:\/\/stockholmnature.com\/wp-content\/uploads\/2024\/10\/Kayak-Rental-Station-Stockholm-Header-1.jpg 1920w, https:\/\/stockholmnature.com\/wp-content\/uploads\/2024\/10\/Kayak-Rental-Station-Stockholm-Header-1-18x12.jpg 18w, https:\/\/stockholmnature.com\/wp-content\/uploads\/2024\/10\/Kayak-Rental-Station-Stockholm-Header-1-300x200.jpg 300w, https:\/\/stockholmnature.com\/wp-content\/uploads\/2024\/10\/Kayak-Rental-Station-Stockholm-Header-1-768x512.jpg 768w, https:\/\/stockholmnature.com\/wp-content\/uploads\/2024\/10\/Kayak-Rental-Station-Stockholm-Header-1-1024x683.jpg 1024w, https:\/\/stockholmnature.com\/wp-content\/uploads\/2024\/10\/Kayak-Rental-Station-Stockholm-Header-1-1536x1024.jpg 1536w\" sizes=\"(max-width: 1920px) 100vw, 1920px\" title=\"\"><div class=\"bde-div-4163-155 bde-div\">\n              \n  \n  \n\t\n\n  <div class=\"section-background-overlay\"><\/div>\n\n\n\n<\/div><div class=\"bde-div-4163-156 bde-div\">\n  \n  \n\t\n\n\n\n<h1 class=\"bde-heading-4163-157 bde-heading\">\nCalendario delle prenotazioni\n<\/h1><a class=\"bde-container-link-4163-158 bde-container-link breakdance-link\" href=\"https:\/\/fareharbor.com\/embeds\/book\/stockholmnature\/?ref=check-availability-banner&amp;full-items=yes&amp;flow=1326240\" target=\"_self\" data-type=\"url\" rel=\"noopener\">\n  \n  \n\t\n\n\n\n<div class=\"bde-div-4163-159 bde-div\">\n  \n  \n\t\n\n\n\n<div class=\"bde-columns-4163-160 bde-columns\"><div class=\"bde-column-4163-161 bde-column\">\n  \n  \n\t\n\n\n\n<div class=\"bde-text-4163-162 bde-text\">\nPrenota con il tour operator\n<\/div><div class=\"bde-icon-4163-163 bde-icon\">\n\n    \n            <div class=\"bde-icon-icon breakdance-icon-atom\" >\n    \n                    <svg xmlns=\"https:\/\/www.w3.org\/2000\/svg\" viewbox=\"0 0 512 512\"><!--! Font Awesome Free 6.5.1 by @fontawesome - https:\/\/fontawesome.com License - https:\/\/fontawesome.com\/license\/free (Icons: CC BY 4.0, Fonts: SIL OFL 1.1, Code: MIT License) Copyright 2023 Fonticons, Inc. --><path d=\"M256 512A256 256 0 1 0 256 0a256 256 0 1 0 0 512zM369 209L241 337c-9.4 9.4-24.6 9.4-33.9 0l-64-64c-9.4-9.4-9.4-24.6 0-33.9s24.6-9.4 33.9 0l47 47L335 175c9.4-9.4 24.6-9.4 33.9 0s9.4 24.6 0 33.9z\"\/><\/svg>\n        \n        \n        \n            <\/div>\n    \n\n\n<\/div>\n<\/div><\/div>\n<\/div>\n\n<\/a>\n<\/div>\n<\/div><\/div>\n<\/section><section class=\"bde-section-4163-111 bde-section\">\n  \n  \n\t\n\n\n\n<div class=\"section-container\"><div class=\"bde-div-4163-151 bde-div\">\n  \n  \n\t\n\n\n\n<div class=\"bde-div-4163-113 bde-div\">\n  \n  \n\t\n\n\n\n<div class=\"bde-rich-text-4163-114 bde-rich-text breakdance-rich-text-styles\">\n<p class=\"font_8 wixui-rich-text__text\">Cercate l'avventura perfetta a Stoccolma? Il nostro calendario delle prenotazioni mostra tutti i nostri tour e le nostre attivit\u00e0, ordinati per data, rendendo pi\u00f9 facile pianificare la vostra esperienza. L'avventura perfetta \u00e8 a pochi clic di distanza: scegliete una data, selezionate l'attivit\u00e0 e date inizio all'avventura!<\/p>\n<\/div>\n<\/div><div class=\"bde-columns-4163-116 bde-columns\"><div class=\"bde-column-4163-117 bde-column\">\n  \n  \n\t\n\n\n\n\n<\/div><div class=\"bde-column-4163-125 bde-column\">\n  \n  \n\t\n\n\n\n<div class=\"bde-div-4163-128 bde-div\">\n  \n  \n\t\n\n\n\n<h4 class=\"bde-heading-4163-129 bde-heading\">\nScegliere una data e un'attivit\u00e0\n<\/h4><div class=\"bde-code-block-4163-138 bde-code-block\">\n\n  <!-- FareHarbor calendar of flow #473599 --> <script src=\"https:\/\/fareharbor.com\/embeds\/script\/calendar\/stockholmnature\/?fallback=simple&full-items=yes&flow=473599\"><\/script>\n\n\n<\/div>\n<\/div>\n<\/div><\/div>\n<\/div><\/div>\n<\/section>","protected":false},"excerpt":{"rendered":"<p>Booking Calender Book Direct with the Tour Operator Looking for the perfect adventure in Stockholm? Our Booking Calendar showcases all our tours and activities, sorted by date, making it easy to plan your experience. The perfect adventure is just a few clicks away: choose a date, select the activity, and let the adventure begin! Choose [&hellip;]<\/p>\n","protected":false},"author":1,"featured_media":0,"parent":0,"menu_order":0,"comment_status":"closed","ping_status":"closed","template":"","meta":{"_acf_changed":false,"_breakdance_hide_in_design_set":false,"_breakdance_tags":"","footnotes":""},"class_list":["post-4163","page","type-page","status-publish","hentry"],"acf":[],"_links":{"self":[{"href":"https:\/\/stockholmnature.com\/it\/wp-json\/wp\/v2\/pages\/4163","targetHints":{"allow":["GET"]}}],"collection":[{"href":"https:\/\/stockholmnature.com\/it\/wp-json\/wp\/v2\/pages"}],"about":[{"href":"https:\/\/stockholmnature.com\/it\/wp-json\/wp\/v2\/types\/page"}],"author":[{"embeddable":true,"href":"https:\/\/stockholmnature.com\/it\/wp-json\/wp\/v2\/users\/1"}],"replies":[{"embeddable":true,"href":"https:\/\/stockholmnature.com\/it\/wp-json\/wp\/v2\/comments?post=4163"}],"version-history":[{"count":14,"href":"https:\/\/stockholmnature.com\/it\/wp-json\/wp\/v2\/pages\/4163\/revisions"}],"predecessor-version":[{"id":9577,"href":"https:\/\/stockholmnature.com\/it\/wp-json\/wp\/v2\/pages\/4163\/revisions\/9577"}],"wp:attachment":[{"href":"https:\/\/stockholmnature.com\/it\/wp-json\/wp\/v2\/media?parent=4163"}],"curies":[{"name":"wp","href":"https:\/\/api.w.org\/{rel}","templated":true}]}}