{"id":2615,"date":"2024-10-12T06:46:24","date_gmt":"2024-10-12T04:46:24","guid":{"rendered":"https:\/\/stockholmnature.com\/?page_id=2615"},"modified":"2026-01-31T03:08:16","modified_gmt":"2026-01-31T01:08:16","slug":"om","status":"publish","type":"page","link":"https:\/\/stockholmnature.com\/sv\/about\/","title":{"rendered":"om"},"content":{"rendered":"<section class=\"bde-section-2615-159 bde-section\">\n  \n  \n\t\n\n\n\n<div class=\"section-container\"><div class=\"bde-div-2615-160 bde-div\">\n  \n  \n\t\n\n\n\n<h1 class=\"bde-heading-2615-161 bde-heading\">\nOm Stockholm Natur\n<\/h1><div class=\"bde-rich-text-2615-162 bde-rich-text breakdance-rich-text-styles\">\n<p>Sedan 2017 har Stockholm Nature levererat of\u00f6rgl\u00f6mliga utomhusupplevelser och kopplat samman resen\u00e4rer med sk\u00f6nheten i Sveriges landskap. Under \u00e5ren har vi haft f\u00f6rm\u00e5nen att guida mer \u00e4n 10 000 kunder och f\u00e5tt ett genomsnittligt betyg p\u00e5 4,9 stj\u00e4rnor - ett bevis p\u00e5 den kvalitet och omsorg vi l\u00e4gger p\u00e5 varje tur vi genomf\u00f6r.<br \/><br \/>Vad skiljer oss fr\u00e5n m\u00e4ngden? Det \u00e4r v\u00e5ra guider. De \u00e4r passionerade, erfarna och djupt kunniga och visar inte bara v\u00e4gen - de ger upplevelsen liv. De \u00e4lskar att dela med sig av insikter om svensk kultur, lokala traditioner och naturen p\u00e5 ett s\u00e4tt som g\u00f6r att varje tur k\u00e4nns personlig och berikande. Oavsett om du \u00e4r en f\u00f6rstag\u00e5ngskajakpaddlare eller en erfaren vandrare kommer du att k\u00e4nna dig st\u00f6ttad, inspirerad och v\u00e4l omh\u00e4ndertagen.<br \/><br \/>Med Stockholm Nature handlar det inte bara om att vara ute - det handlar om att g\u00f6ra det p\u00e5 ett h\u00e5llbart s\u00e4tt. Vi prioriterar sm\u00e5 gruppstorlekar, vilket s\u00e4kerst\u00e4ller minimal milj\u00f6p\u00e5verkan och ett mer intimt och meningsfullt \u00e4ventyr f\u00f6r dig. Du kommer ocks\u00e5 att njuta av vegetariska, veganska och glutenfria m\u00e5ltidsalternativ p\u00e5 v\u00e5ra turer, och vi str\u00e4var alltid efter att minska v\u00e5rt fotavtryck genom att anv\u00e4nda kollektivtrafik n\u00e4r det \u00e4r m\u00f6jligt.<br \/><br \/>N\u00e4r du f\u00f6ljer med p\u00e5 en resa med oss f\u00e5r du inte bara en guide - du f\u00e5r en lokal upplevelse, noggrant planerad med respekt f\u00f6r naturen och det svenska s\u00e4ttet att leva. Oavsett om det \u00e4r en lugn tillflyktsort eller ett actionfyllt \u00e4ventyr, kommer du att l\u00e4mna med of\u00f6rgl\u00f6mliga minnen av Sveriges vilda sk\u00f6nhet.<\/p>\n<\/div><img decoding=\"async\" class=\"bde-image2-2615-163 bde-image2\" src=\"https:\/\/stockholmnature.com\/wp-content\/uploads\/2024\/09\/Stockholm-Nature-Team.webp\" alt=\"En bild som visar hela teamet f\u00f6r Stockholm Nature | Kayak &amp; Outdoors Tours\" loading=\"lazy\" srcset=\"https:\/\/stockholmnature.com\/wp-content\/uploads\/2024\/09\/Stockholm-Nature-Team.webp 1920w, https:\/\/stockholmnature.com\/wp-content\/uploads\/2024\/09\/Stockholm-Nature-Team-300x127.webp 300w, https:\/\/stockholmnature.com\/wp-content\/uploads\/2024\/09\/Stockholm-Nature-Team-1024x435.webp 1024w, https:\/\/stockholmnature.com\/wp-content\/uploads\/2024\/09\/Stockholm-Nature-Team-768x326.webp 768w, https:\/\/stockholmnature.com\/wp-content\/uploads\/2024\/09\/Stockholm-Nature-Team-1536x652.webp 1536w\" sizes=\"(max-width: 1920px) 100vw, 1920px\" title=\"\">\n<\/div><\/div>\n<\/section>","protected":false},"excerpt":{"rendered":"<p>About Stockholm Nature Since 2017, Stockholm Nature has been delivering unforgettable outdoor experiences, connecting travelers with the beauty of Sweden\u2019s landscapes. Over the years, we\u2019ve had the privilege of guiding more than 10,000 customers, earning an average rating of 4.9 stars \u2013 a testament to the quality and care we put into every tour we [&hellip;]<\/p>\n","protected":false},"author":1,"featured_media":0,"parent":0,"menu_order":0,"comment_status":"closed","ping_status":"closed","template":"","meta":{"_acf_changed":false,"_breakdance_hide_in_design_set":false,"_breakdance_tags":"","footnotes":""},"class_list":["post-2615","page","type-page","status-publish","hentry"],"acf":[],"_links":{"self":[{"href":"https:\/\/stockholmnature.com\/sv\/wp-json\/wp\/v2\/pages\/2615","targetHints":{"allow":["GET"]}}],"collection":[{"href":"https:\/\/stockholmnature.com\/sv\/wp-json\/wp\/v2\/pages"}],"about":[{"href":"https:\/\/stockholmnature.com\/sv\/wp-json\/wp\/v2\/types\/page"}],"author":[{"embeddable":true,"href":"https:\/\/stockholmnature.com\/sv\/wp-json\/wp\/v2\/users\/1"}],"replies":[{"embeddable":true,"href":"https:\/\/stockholmnature.com\/sv\/wp-json\/wp\/v2\/comments?post=2615"}],"version-history":[{"count":14,"href":"https:\/\/stockholmnature.com\/sv\/wp-json\/wp\/v2\/pages\/2615\/revisions"}],"predecessor-version":[{"id":9777,"href":"https:\/\/stockholmnature.com\/sv\/wp-json\/wp\/v2\/pages\/2615\/revisions\/9777"}],"wp:attachment":[{"href":"https:\/\/stockholmnature.com\/sv\/wp-json\/wp\/v2\/media?parent=2615"}],"curies":[{"name":"wp","href":"https:\/\/api.w.org\/{rel}","templated":true}]}}