{"id":2757,"date":"2024-10-13T07:43:07","date_gmt":"2024-10-13T05:43:07","guid":{"rendered":"https:\/\/stockholmnature.com\/?page_id=2757"},"modified":"2026-03-05T04:17:37","modified_gmt":"2026-03-05T02:17:37","slug":"affiliate-program","status":"publish","type":"page","link":"https:\/\/stockholmnature.com\/sv\/affiliate-program\/","title":{"rendered":"affiliate-program"},"content":{"rendered":"<section class=\"bde-section-2757-142 bde-section\">\n  \n  \n\t\n\n\n\n<div class=\"section-container\"><div class=\"bde-div-2757-143 bde-div\">\n  \n  \n\t\n\n\n\n<h1 class=\"bde-heading-2757-144 bde-heading\">\nG\u00e5 med i affiliateprogrammet!\n<\/h1><div class=\"bde-rich-text-2757-145 bde-rich-text breakdance-rich-text-styles\">\n<p class=\"font_8 wixui-rich-text__text\"><span class=\"wixui-rich-text__text\"><strong>F\u00f6r researrang\u00f6rer, bloggare och influencers<\/strong> <br \/><\/span><span class=\"wixui-rich-text__text\">\u00c4r du en researrang\u00f6r, bloggare eller influencer med en passion f\u00f6r friluftsliv och en talang f\u00f6r att dela dina \u00e4ventyr med v\u00e4rlden? Stockholm Nature AB inbjuder dig att g\u00e5 med i v\u00e5rt affiliateprogram, en plattform som \u00e4r utformad f\u00f6r att \u00f6verbrygga din passion f\u00f6r resor och natur med m\u00f6jligheten att tj\u00e4na pengar. Oavsett om du hj\u00e4lper kunder att hitta sitt n\u00e4sta \u00e4ventyr eller skapar engagerande inneh\u00e5ll, erbjuder v\u00e5rt program en unik chans att tj\u00e4na pengar p\u00e5 ditt inflytande och din reseexpertis.<\/span><\/p>\n<p class=\"font_8 wixui-rich-text__text\"><span class=\"wixui-rich-text__text\"><strong>Vad \u00e4r ett affiliateprogram f\u00f6r resor?<\/strong><br \/><\/span><span class=\"wixui-rich-text__text\">Stockholm Nature Affiliate Program g\u00f6r det m\u00f6jligt f\u00f6r dig att tj\u00e4na pengar genom att marknadsf\u00f6ra v\u00e5ra unika utomhus\u00e4ventyr. N\u00e4r dina h\u00e4nvisningar leder till bokningar f\u00e5r du en provision.<\/span><\/p>\n<p class=\"font_8 wixui-rich-text__text\"><strong><span class=\"wixui-rich-text__text\">Hur mycket kan jag tj\u00e4na med Stockholm Nature?<br \/><\/span><\/strong><span class=\"wixui-rich-text__text\">Stockholm Nature, som en direkt researrang\u00f6r, erbjuder 10% provision f\u00f6r bokningar som g\u00f6rs via din referensl\u00e4nk. V\u00e5ra priser \u00f6verstiger de f\u00f6r plattformar som Viator eller GetYourGuide, vilket ger dig m\u00f6jlighet till h\u00f6gre int\u00e4kter.<\/span><\/p>\n<p class=\"font_8 wixui-rich-text__text\"><strong><span class=\"wixui-rich-text__text\">Beh\u00f6ver jag tekniska kunskaper?<br \/><\/span><\/strong><span class=\"wixui-rich-text__text\">V\u00e5ra affiliateverktyg \u00e4r utformade f\u00f6r att vara enkla att anv\u00e4nda, vilket g\u00f6r dem tillg\u00e4ngliga f\u00f6r alla. F\u00f6r de som \u00e4r intresserade av en djupare integration erbjuder vi ett Affiliate API. <\/span><\/p>\n<p class=\"font_8 wixui-rich-text__text\"><strong><span class=\"wixui-rich-text__text\">Direktbokning och avbokning<br \/><\/span><\/strong><span class=\"wixui-rich-text__text\">Hantera bokningar och avbokningar via din egen Fareharbor-instrumentpanel. Denna direkta kontroll effektiviserar hela processen, fr\u00e5n bokning till provisionssp\u00e5rning.<br class=\"wixui-rich-text__text\" \/><br class=\"wixui-rich-text__text\" \/>Kontakta oss f\u00f6r mer information:<br \/><a class=\"wixui-rich-text__text\" href=\"mailto:info@stockholmnature.com?subject=Affiliate%20Program\" target=\"_self\">info@stockholmnature.com<\/a><\/span><\/p>\n<\/div>\n<\/div><\/div>\n<\/section>","protected":false},"excerpt":{"rendered":"<p>Join Affiliate Program! ForTravel Agents, Bloggers, and Influencers Are you a travel agent, blogger, or influencer with a passion for the great outdoors and a talent for sharing your adventures with the world? Stockholm Nature AB invites you to join our Affiliate Program, a platform designed to bridge your passion for travel and nature with [&hellip;]<\/p>\n","protected":false},"author":1,"featured_media":0,"parent":0,"menu_order":0,"comment_status":"closed","ping_status":"closed","template":"","meta":{"_acf_changed":false,"_breakdance_hide_in_design_set":false,"_breakdance_tags":"","footnotes":""},"class_list":["post-2757","page","type-page","status-publish","hentry"],"acf":[],"_links":{"self":[{"href":"https:\/\/stockholmnature.com\/sv\/wp-json\/wp\/v2\/pages\/2757","targetHints":{"allow":["GET"]}}],"collection":[{"href":"https:\/\/stockholmnature.com\/sv\/wp-json\/wp\/v2\/pages"}],"about":[{"href":"https:\/\/stockholmnature.com\/sv\/wp-json\/wp\/v2\/types\/page"}],"author":[{"embeddable":true,"href":"https:\/\/stockholmnature.com\/sv\/wp-json\/wp\/v2\/users\/1"}],"replies":[{"embeddable":true,"href":"https:\/\/stockholmnature.com\/sv\/wp-json\/wp\/v2\/comments?post=2757"}],"version-history":[{"count":15,"href":"https:\/\/stockholmnature.com\/sv\/wp-json\/wp\/v2\/pages\/2757\/revisions"}],"predecessor-version":[{"id":10016,"href":"https:\/\/stockholmnature.com\/sv\/wp-json\/wp\/v2\/pages\/2757\/revisions\/10016"}],"wp:attachment":[{"href":"https:\/\/stockholmnature.com\/sv\/wp-json\/wp\/v2\/media?parent=2757"}],"curies":[{"name":"wp","href":"https:\/\/api.w.org\/{rel}","templated":true}]}}