{"id":2764,"date":"2024-10-13T07:36:35","date_gmt":"2024-10-13T05:36:35","guid":{"rendered":"https:\/\/stockholmnature.com\/?page_id=2764"},"modified":"2026-01-30T10:19:13","modified_gmt":"2026-01-30T08:19:13","slug":"jobb","status":"publish","type":"page","link":"https:\/\/stockholmnature.com\/sv\/jobs\/","title":{"rendered":"jobb"},"content":{"rendered":"<section class=\"bde-section-2764-118 bde-section\">\n  \n  \n\t\n\n\n\n<div class=\"section-container\"><div class=\"bde-div-2764-119 bde-div\">\n  \n  \n\t\n\n\n\n<h1 class=\"bde-heading-2764-120 bde-heading\">\nGuidejobb i Stockholm | Sommars\u00e4song 2026\n<\/h1><div class=\"bde-div-2764-134 bde-div\">\n  \n  \n\t\n\n\n\n<div class=\"bde-rich-text-2764-121 bde-rich-text breakdance-rich-text-styles\">\n<blockquote>\n<div class=\"x_elementToProof\">\n<div class=\"x_elementToProof\" data-olk-copy-source=\"MessageBody\"><a href=\"https:\/\/stockholmnature.com\/sv\/om\/\" data-wplink-edit=\"true\">Stockholm Natur<\/a> erbjuder guidade kajak-, vandrings- och cykelturer i och runt Stockholm. Vi arbetar i sm\u00e5 team och fokuserar p\u00e5 att skapa avslappnade, v\u00e4lsk\u00f6tta utomhusupplevelser f\u00f6r v\u00e5ra g\u00e4ster. F\u00f6r s\u00e4songen 2026 s\u00f6ker vi guider. Rollerna kan kombineras beroende p\u00e5 erfarenhet och tillg\u00e4nglighet.<br \/><br \/><\/div>\n<div class=\"x_elementToProof\">Vad vi erbjuder<\/div>\n<ul>\n<li>Utbildning f\u00f6r motiverade personer, \u00e4ven utan tidigare erfarenhet av guidning<\/li>\n<li>Flexibla anst\u00e4llningar, inklusive regelbundet arbete och jourtj\u00e4nstg\u00f6ring<\/li>\n<li>Praktikm\u00f6jligheter f\u00f6r dem som vill skaffa sig erfarenhet av guidning<\/li>\n<li>Grundl\u00f6n per timme, med alla dricks utbetalda direkt till dig<\/li>\n<li>Sm\u00e5 grupper och ett st\u00f6djande guideteam<\/li>\n<\/ul>\n<div class=\"x_elementToProof\">Om du har en specifik kompetens eller utomhusbakgrund \u00e4r vi glada att h\u00f6ra hur den kan passa in i v\u00e5rt team. Skicka oss ditt CV och ett kortfattat personligt brev.<\/div>\n<\/div>\n<\/blockquote>\n<\/div>\n<\/div>\n<\/div><div class=\"bde-div-2764-147 bde-div\">\n  \n  \n\t\n\n\n\n<div class=\"bde-div-2764-151 bde-div\">\n  \n  \n\t\n\n\n\n<div class=\"bde-div-2764-152 bde-div\">\n  \n  \n\t\n\n\n\n<img decoding=\"async\" class=\"bde-image2-2764-146 bde-image2\" src=\"https:\/\/stockholmnature.com\/wp-content\/uploads\/2026\/01\/Stockholm-Nature-Team.webp\" alt=\"Stockholm Nature team photo | jobb som reseledare i Stockholm\" loading=\"lazy\" srcset=\"https:\/\/stockholmnature.com\/wp-content\/uploads\/2026\/01\/Stockholm-Nature-Team.webp 1920w, https:\/\/stockholmnature.com\/wp-content\/uploads\/2026\/01\/Stockholm-Nature-Team-300x127.webp 300w, https:\/\/stockholmnature.com\/wp-content\/uploads\/2026\/01\/Stockholm-Nature-Team-1024x435.webp 1024w, https:\/\/stockholmnature.com\/wp-content\/uploads\/2026\/01\/Stockholm-Nature-Team-768x326.webp 768w, https:\/\/stockholmnature.com\/wp-content\/uploads\/2026\/01\/Stockholm-Nature-Team-1536x652.webp 1536w, https:\/\/stockholmnature.com\/wp-content\/uploads\/2026\/01\/Stockholm-Nature-Team-18x8.webp 18w\" sizes=\"(max-width: 1920px) 100vw, 1920px\" title=\"\">\n<\/div>\n<\/div>\n<\/div><div class=\"bde-div-2764-112 bde-div\">\n  \n  \n\t\n\n\n\n<h4 class=\"bde-heading-2764-113 bde-heading\">\nKajakguide\n<\/h4><div class=\"bde-rich-text-2764-114 bde-rich-text breakdance-rich-text-styles\">\n<blockquote>\n<div class=\"x_elementToProof\">\n<div class=\"x_elementToProof\">\n<p data-start=\"277\" data-end=\"559\">Som kajakguide leder du g\u00e4ster genom Stockholms vattenv\u00e4gar, b\u00e5de i staden och i sk\u00e4rg\u00e5rden. Turerna str\u00e4cker sig fr\u00e5n kortare stadspaddlingar till flerdagars kajakturer med camping.<\/p>\n<\/div>\n<div class=\"x_elementToProof\">\n<div class=\"x_elementToProof\">Din roll<\/div>\n<ul>\n<li>Leda och hantera turer sj\u00e4lvst\u00e4ndigt<\/li>\n<li>S\u00e4kerst\u00e4lla g\u00e4sternas s\u00e4kerhet vid alla tidpunkter<\/li>\n<li>Dela med dig av lokal kunskap och ber\u00e4ttelser l\u00e4ngs v\u00e4gen<\/li>\n<li>Bed\u00f6m v\u00e4dret f\u00f6re och under turerna<\/li>\n<\/ul>\n<div class=\"x_elementToProof\">Vi s\u00f6ker efter<\/div>\n<ul>\n<li>Personer med tidigare erfarenhet av kajakpaddling<\/li>\n<li>Lagspelare som \u00e4r v\u00e4nliga och ut\u00e5triktade<\/li>\n<li>Flytande engelska (ytterligare spr\u00e5k \u00e4r ett plus)<\/li>\n<li>\n<div class=\"x_elementToProof\" role=\"presentation\">Bosatt i Stockholm med svenskt personnummer<\/div>\n<\/li>\n<\/ul>\n<\/div>\n<div class=\"x_elementToProof\">\n<div class=\"x_elementToProof\" role=\"presentation\">\n<div class=\"x_elementToProof\" role=\"presentation\">S\u00e4song<\/div>\n<ul>\n<li class=\"x_elementToProof\" role=\"presentation\">Maj till september, med m\u00f6jlighet till f\u00f6rl\u00e4ngning eller \u00e5ret runt-arbete<\/li>\n<\/ul>\n<\/div>\n<\/div>\n<\/div>\n<\/blockquote>\n<\/div><div class=\"bde-div-2764-140 bde-div\">\n  \n  \n\t\n\n\n\n<div class=\"bde-div-2764-141 bde-div\">\n  \n  \n\t\n\n\n\n<div class=\"bde-button-2764-142 bde-button\">\n        \n    \n    \n    \n    \n            \n                    \n            \n            \n\n    \n    \n    \n    \n    \n    <a class=\"breakdance-link button-atom button-atom--custom bde-button__button\" href=\"https:\/\/stockholmnature.com\/sv\/kontakta-oss\/\" target=\"_self\" data-type=\"url\"  >\n\n    \n        <span class=\"button-atom__text\">Ans\u00f6k nu<\/span>\n\n        \n        \n                <\/a>\n\n    \n\n\n<\/div>\n<\/div>\n<\/div><div class=\"autogenerated-blce-ribbon-2764-126 autogenerated-blce-ribbon\">\n <div class=\"ribbon\">\n    \u00d6PPEN\n   \n  <\/div>\n\n\n\n\n\n\n<\/div>\n<\/div><div class=\"bde-div-2764-115 bde-div\">\n  \n  \n\t\n\n\n\n<h4 class=\"bde-heading-2764-116 bde-heading\">\nVandringsguide\n<\/h4><div class=\"bde-rich-text-2764-117 bde-rich-text breakdance-rich-text-styles\">\n<blockquote>\n<div class=\"x_elementToProof\">\n<div class=\"x_elementToProof\">\n<div class=\"x_elementToProof\">\n<div class=\"x_elementToProof\" data-olk-copy-source=\"MessageBody\">\n<p data-start=\"133\" data-end=\"391\">Som vandringsguide leder du sm\u00e5 grupper p\u00e5 naturvandringar i n\u00e4rheten av Stockholm. Turerna fokuserar p\u00e5 avslappnat tempo, tid utomhus och att dela kunskap om den lokala milj\u00f6n och den svenska friluftskulturen.<\/p>\n<\/div>\n<div class=\"x_elementToProof\">Din roll<\/div>\n<ul>\n<li>Leda och hantera vandringsturer sj\u00e4lvst\u00e4ndigt<\/li>\n<li>S\u00e4kerst\u00e4lla g\u00e4sternas s\u00e4kerhet<\/li>\n<li>Dela med dig av insikter om natur, landskap och det lokala livet<\/li>\n<li>Tillaga lunchm\u00e5ltider vid l\u00e4gerelden direkt i naturen<\/li>\n<li>Kontrollera dagligen v\u00e4derf\u00f6rh\u00e5llanden och restriktioner f\u00f6r eldningsf\u00f6rbud<\/li>\n<\/ul>\n<div class=\"x_elementToProof\">Vi s\u00f6ker efter<\/div>\n<ul>\n<li>Erfarenhet av vandring eller utomhusaktiviteter<\/li>\n<li>Lagspelare som \u00e4r v\u00e4nliga och ut\u00e5triktade<\/li>\n<li>Flytande engelska (ytterligare spr\u00e5k \u00e4r ett plus)<\/li>\n<li>Bosatt i Stockholm med svenskt personnummer<\/li>\n<\/ul>\n<div class=\"x_elementToProof\" role=\"presentation\">S\u00e4song<\/div>\n<ul>\n<li>Mars till september, med m\u00f6jlighet till f\u00f6rl\u00e4ngning eller \u00e5ret runt-arbete<\/li>\n<\/ul>\n<\/div>\n<\/div>\n<\/div>\n<\/blockquote>\n<\/div><div class=\"autogenerated-blce-ribbon-2764-125 autogenerated-blce-ribbon\">\n <div class=\"ribbon\">\n    \u00d6PPEN\n   \n  <\/div>\n\n\n\n\n\n\n<\/div><div class=\"bde-div-2764-137 bde-div\">\n  \n  \n\t\n\n\n\n<div class=\"bde-div-2764-138 bde-div\">\n  \n  \n\t\n\n\n\n<div class=\"bde-button-2764-139 bde-button\">\n        \n    \n    \n    \n    \n            \n                    \n            \n            \n\n    \n    \n    \n    \n    \n    <a class=\"breakdance-link button-atom button-atom--custom bde-button__button\" href=\"https:\/\/stockholmnature.com\/sv\/kontakta-oss\/\" target=\"_self\" data-type=\"url\"  >\n\n    \n        <span class=\"button-atom__text\">Ans\u00f6k nu<\/span>\n\n        \n        \n                <\/a>\n\n    \n\n\n<\/div>\n<\/div>\n<\/div>\n<\/div><div class=\"bde-div-2764-122 bde-div\">\n  \n  \n\t\n\n\n\n<h4 class=\"bde-heading-2764-123 bde-heading\">\nGuide f\u00f6r cykling\n<\/h4><div class=\"bde-rich-text-2764-124 bde-rich-text breakdance-rich-text-styles\">\n<blockquote>\n<div class=\"x_elementToProof\">\n<div class=\"x_elementToProof\" data-olk-copy-source=\"MessageBody\">\n<p data-start=\"119\" data-end=\"349\">Som cykelguide leder du sm\u00e5 grupper p\u00e5 cykelturer i och runt Stockholm. Turerna fokuserar p\u00e5 avslappnat tempo, s\u00e4ker k\u00f6rning och att dela insikter om staden, lokalhistoria och vardagsliv l\u00e4ngs rutten. Rollen l\u00f6per fr\u00e4mst under de varmare m\u00e5naderna och kan kombineras med vandring eller kajakpaddling beroende p\u00e5 erfarenhet och tillg\u00e4nglighet.<\/p>\n<\/div>\n<div class=\"x_elementToProof\">Din roll<\/div>\n<ul>\n<li>Leda och hantera cykelturer sj\u00e4lvst\u00e4ndigt<\/li>\n<li>S\u00e4kerst\u00e4lla g\u00e4sternas s\u00e4kerhet under hela turen<\/li>\n<li>Dela med dig av roliga fakta, ber\u00e4ttelser och lokala insikter under turen<\/li>\n<li>F\u00f6rbereda och kontrollera cyklarna f\u00f6re varje tur<\/li>\n<li>\u00d6vervaka v\u00e4derf\u00f6rh\u00e5llandena och anpassa rutterna vid behov<\/li>\n<\/ul>\n<div class=\"x_elementToProof\">Vi s\u00f6ker efter<\/div>\n<ul>\n<li>Goda cykelkunskaper och sj\u00e4lvf\u00f6rtroende n\u00e4r det g\u00e4ller att cykla i stadsmilj\u00f6er<\/li>\n<li>Ett intresse f\u00f6r lokal historia, kultur och stadsliv<\/li>\n<li>En v\u00e4nlig, lugn och ansvarsfull personlighet<\/li>\n<li>Flytande engelska (ytterligare spr\u00e5k \u00e4r ett plus)<\/li>\n<li>Bosatt i Stockholm med svenskt personnummer<\/li>\n<li>Tillg\u00e4nglighet p\u00e5 deltid, flexibelt eller p\u00e5 jourbasis<\/li>\n<\/ul>\n<p>S\u00e4song<\/p>\n<ul>\n<li>April till oktober, med m\u00f6jlighet till annat guidningsarbete under vintern<\/li>\n<\/ul>\n<\/div>\n<\/blockquote>\n<\/div><div class=\"autogenerated-blce-ribbon-2764-127 autogenerated-blce-ribbon\">\n <div class=\"ribbon\">\n    \u00d6PPEN\n   \n  <\/div>\n\n\n\n\n\n\n<\/div><div class=\"bde-div-2764-135 bde-div\">\n  \n  \n\t\n\n\n\n<div class=\"bde-div-2764-136 bde-div\">\n  \n  \n\t\n\n\n\n<div class=\"bde-button-2764-128 bde-button\">\n        \n    \n    \n    \n    \n            \n                    \n            \n            \n\n    \n    \n    \n    \n    \n    <a class=\"breakdance-link button-atom button-atom--custom bde-button__button\" href=\"https:\/\/stockholmnature.com\/sv\/kontakta-oss\/\" target=\"_self\" data-type=\"url\"  >\n\n    \n        <span class=\"button-atom__text\">Ans\u00f6k nu<\/span>\n\n        \n        \n                <\/a>\n\n    \n\n\n<\/div>\n<\/div>\n<\/div>\n<\/div><\/div>\n<\/section>","protected":false},"excerpt":{"rendered":"<p>Tour Guide Jobs in Stockholm | Summer Season 2026 Stockholm Nature runs guided kayak, hiking, and biking tours in and around Stockholm. We work in small teams and focus on creating relaxed, well run outdoor experiences for our guests. For the 2026 season, we are looking for guides. Roles can be combined depending on experience [&hellip;]<\/p>\n","protected":false},"author":8,"featured_media":0,"parent":0,"menu_order":0,"comment_status":"closed","ping_status":"closed","template":"","meta":{"_acf_changed":false,"_breakdance_hide_in_design_set":false,"_breakdance_tags":"","footnotes":""},"class_list":["post-2764","page","type-page","status-publish","hentry"],"acf":[],"_links":{"self":[{"href":"https:\/\/stockholmnature.com\/sv\/wp-json\/wp\/v2\/pages\/2764","targetHints":{"allow":["GET"]}}],"collection":[{"href":"https:\/\/stockholmnature.com\/sv\/wp-json\/wp\/v2\/pages"}],"about":[{"href":"https:\/\/stockholmnature.com\/sv\/wp-json\/wp\/v2\/types\/page"}],"author":[{"embeddable":true,"href":"https:\/\/stockholmnature.com\/sv\/wp-json\/wp\/v2\/users\/8"}],"replies":[{"embeddable":true,"href":"https:\/\/stockholmnature.com\/sv\/wp-json\/wp\/v2\/comments?post=2764"}],"version-history":[{"count":40,"href":"https:\/\/stockholmnature.com\/sv\/wp-json\/wp\/v2\/pages\/2764\/revisions"}],"predecessor-version":[{"id":10178,"href":"https:\/\/stockholmnature.com\/sv\/wp-json\/wp\/v2\/pages\/2764\/revisions\/10178"}],"wp:attachment":[{"href":"https:\/\/stockholmnature.com\/sv\/wp-json\/wp\/v2\/media?parent=2764"}],"curies":[{"name":"wp","href":"https:\/\/api.w.org\/{rel}","templated":true}]}}