{"id":2809,"date":"2024-10-13T09:20:20","date_gmt":"2024-10-13T07:20:20","guid":{"rendered":"https:\/\/stockholmnature.com\/?page_id=2809"},"modified":"2025-10-13T15:43:17","modified_gmt":"2025-10-13T13:43:17","slug":"pressa","status":"publish","type":"page","link":"https:\/\/stockholmnature.com\/sv\/press\/","title":{"rendered":"pressa"},"content":{"rendered":"<section class=\"bde-section-2809-114 bde-section\">\n  \n  \n\t\n\n\n\n<div class=\"section-container\"><div class=\"bde-div-2809-115 bde-div\">\n  \n  \n\t\n\n\n\n<h1 class=\"bde-heading-2809-116 bde-heading\">\nSenaste nytt och mediarum\n<\/h1><div class=\"bde-rich-text-2809-117 bde-rich-text breakdance-rich-text-styles\">\n<p class=\"font_8 wixui-rich-text__text\">Uppt\u00e4ck historierna bakom Stockholm Nature och vad som g\u00f6r oss till en utstickare i branschen f\u00f6r utomhusturism. Den h\u00e4r sidan visar v\u00e5ra senaste medieinslag och ger dig inblick i hur vi sammanf\u00f6r resen\u00e4rer med Sveriges hisnande landskap. Om du vill skriva om oss har vi ocks\u00e5 ett mediakit med h\u00f6gkvalitativa bilder och viktig information som hj\u00e4lper dig att ber\u00e4tta v\u00e5r historia.<br \/><br \/>E-post:<br \/><span class=\"wixui-rich-text__text\"><a class=\"wixui-rich-text__text\" href=\"mailto:info@stockholmnature.com\" data-auto-recognition=\"true\">info@stockholmnature.com<\/a><\/span><\/p>\n<\/div><div class=\"bde-post-list-2809-118 bde-post-list\"><\/div>\n<\/div><\/div>\n<\/section>","protected":false},"excerpt":{"rendered":"<p>Latest News and Media Room Discover the stories behind Stockholm Nature and what makes us a standout in the outdoor tourism industry. This page showcases our latest media features, giving you insight into how we connect travelers with Sweden\u2019s breathtaking landscapes. If you\u2019re looking to write about us, we\u2019ve also provided a media kit with [&hellip;]<\/p>\n","protected":false},"author":1,"featured_media":0,"parent":0,"menu_order":0,"comment_status":"closed","ping_status":"closed","template":"","meta":{"_acf_changed":false,"_breakdance_hide_in_design_set":false,"_breakdance_tags":"","footnotes":""},"class_list":["post-2809","page","type-page","status-publish","hentry"],"acf":[],"_links":{"self":[{"href":"https:\/\/stockholmnature.com\/sv\/wp-json\/wp\/v2\/pages\/2809","targetHints":{"allow":["GET"]}}],"collection":[{"href":"https:\/\/stockholmnature.com\/sv\/wp-json\/wp\/v2\/pages"}],"about":[{"href":"https:\/\/stockholmnature.com\/sv\/wp-json\/wp\/v2\/types\/page"}],"author":[{"embeddable":true,"href":"https:\/\/stockholmnature.com\/sv\/wp-json\/wp\/v2\/users\/1"}],"replies":[{"embeddable":true,"href":"https:\/\/stockholmnature.com\/sv\/wp-json\/wp\/v2\/comments?post=2809"}],"version-history":[{"count":10,"href":"https:\/\/stockholmnature.com\/sv\/wp-json\/wp\/v2\/pages\/2809\/revisions"}],"predecessor-version":[{"id":8847,"href":"https:\/\/stockholmnature.com\/sv\/wp-json\/wp\/v2\/pages\/2809\/revisions\/8847"}],"wp:attachment":[{"href":"https:\/\/stockholmnature.com\/sv\/wp-json\/wp\/v2\/media?parent=2809"}],"curies":[{"name":"wp","href":"https:\/\/api.w.org\/{rel}","templated":true}]}}