{"id":3423,"date":"2024-10-22T09:23:19","date_gmt":"2024-10-22T07:23:19","guid":{"rendered":"https:\/\/stockholmnature.com\/?page_id=3423"},"modified":"2025-10-13T10:45:48","modified_gmt":"2025-10-13T08:45:48","slug":"privata-turer-i-stockholm","status":"publish","type":"page","link":"https:\/\/stockholmnature.com\/sv\/private-tours-in-stockholm\/","title":{"rendered":"privata turer i stockholm"},"content":{"rendered":"<section class=\"bde-section-3423-246 bde-section\">\n  \n  \n\t\n\n\n\n<div class=\"section-container\"><div class=\"bde-div-3423-251 bde-div\">\n  \n  \n\t\n\n\n\n<img decoding=\"async\" class=\"bde-image2-3423-256 bde-image2\" src=\"https:\/\/stockholmnature.com\/wp-content\/uploads\/2024\/10\/private-tours-in-stockholm-header.webp\" alt=\"Privata rundturer i Stockholm och samarbetsevenemang\" srcset=\"https:\/\/stockholmnature.com\/wp-content\/uploads\/2024\/10\/private-tours-in-stockholm-header.webp 1920w, https:\/\/stockholmnature.com\/wp-content\/uploads\/2024\/10\/private-tours-in-stockholm-header-300x169.webp 300w, https:\/\/stockholmnature.com\/wp-content\/uploads\/2024\/10\/private-tours-in-stockholm-header-1024x576.webp 1024w, https:\/\/stockholmnature.com\/wp-content\/uploads\/2024\/10\/private-tours-in-stockholm-header-768x432.webp 768w, https:\/\/stockholmnature.com\/wp-content\/uploads\/2024\/10\/private-tours-in-stockholm-header-1536x864.webp 1536w, https:\/\/stockholmnature.com\/wp-content\/uploads\/2024\/10\/private-tours-in-stockholm-header-18x10.webp 18w\" sizes=\"(max-width: 1920px) 100vw, 1920px\" title=\"\"><div class=\"bde-div-3423-252 bde-div\">\n              \n  \n  \n\t\n\n  <div class=\"section-background-overlay\"><\/div>\n\n\n\n<\/div><div class=\"bde-div-3423-253 bde-div\">\n  \n  \n\t\n\n\n\n<h1 class=\"bde-heading-3423-448 bde-heading\">\nGuidade privata rundturer i Stockholm\n<\/h1><a class=\"bde-container-link-3423-262 bde-container-link breakdance-link\" href=\"https:\/\/stockholmnature.com\/sv\/kontakta-oss\/\" target=\"_self\" data-type=\"url\">\n  \n  \n\t\n\n\n\n<div class=\"bde-div-3423-263 bde-div\">\n  \n  \n\t\n\n\n\n<div class=\"bde-columns-3423-264 bde-columns\"><div class=\"bde-column-3423-265 bde-column\">\n  \n  \n\t\n\n\n\n<div class=\"bde-text-3423-266 bde-text\">\nOfficiell researrang\u00f6r\n<\/div><div class=\"bde-icon-3423-267 bde-icon\">\n\n    \n            <div class=\"bde-icon-icon breakdance-icon-atom\" >\n    \n                    <svg xmlns=\"https:\/\/www.w3.org\/2000\/svg\" viewbox=\"0 0 512 512\"><!--! Font Awesome Free 6.5.1 by @fontawesome - https:\/\/fontawesome.com License - https:\/\/fontawesome.com\/license\/free (Icons: CC BY 4.0, Fonts: SIL OFL 1.1, Code: MIT License) Copyright 2023 Fonticons, Inc. --><path d=\"M256 512A256 256 0 1 0 256 0a256 256 0 1 0 0 512zM369 209L241 337c-9.4 9.4-24.6 9.4-33.9 0l-64-64c-9.4-9.4-9.4-24.6 0-33.9s24.6-9.4 33.9 0l47 47L335 175c9.4-9.4 24.6-9.4 33.9 0s9.4 24.6 0 33.9z\"\/><\/svg>\n        \n        \n        \n            <\/div>\n    \n\n\n<\/div>\n<\/div><\/div>\n<\/div>\n\n<\/a>\n<\/div>\n<\/div><\/div>\n<\/section><section class=\"bde-section-3423-279 bde-section\">\n  \n  \n\t\n\n\n\n<div class=\"section-container\"><div class=\"bde-columns-3423-280 bde-columns\"><div class=\"bde-column-3423-281 bde-column\">\n  \n  \n\t\n\n\n\n<h2 class=\"bde-dual-heading-3423-282 bde-dual-heading\">\n\n\n            <span data-style=\"secondary\" class=\"dual-heading--secondary  js-annotate\">TOP Privata resor Stockholm<\/span>\n\n\n\n<\/h2><div class=\"bde-div-3423-283 bde-div\">\n  \n  \n\t\n\n\n\n<div class=\"bde-code-block-3423-284 bde-code-block\">\n\n  <script defer async src='https:\/\/cdn.trustindex.io\/loader.js?a5e5a7a434a34216cb262cd1a98'><\/script>\n\n\n<\/div>\n<\/div>\n<\/div><\/div><div class=\"bde-rich-text-3423-285 bde-rich-text breakdance-rich-text-styles\">\n<p style=\"text-align: left;\">Utforska Stockholm p\u00e5 ett unikt s\u00e4tt med v\u00e5ra privata guidade turer. Oavsett om du vill utforska stadens landm\u00e4rken, paddla genom sk\u00e4rg\u00e5rden eller v\u00e5ga dig in i Sveriges natur. Vi \u00e4r specialiserade p\u00e5 att skr\u00e4ddarsy varje \u00e4ventyr f\u00f6r att passa din grupps preferenser, s\u00e5 att du kan njuta av ett utomhus\u00e4ventyr som \u00e4r s\u00e5 avslappnat eller utmanande som du vill att det ska vara. Fr\u00e5n sm\u00e5 grupper till stora s\u00e4llskap, v\u00e5ra skr\u00e4ddarsydda privata turer erbjuder flexibilitet och personalisering.<\/p>\n<\/div><\/div>\n<\/section><section class=\"bde-section-3423-107 bde-section\">\n  \n  \n\t\n\n\n\n<div class=\"section-container\"><div class=\"bde-columns-3423-110 bde-columns\"><div class=\"bde-column-3423-119 bde-column\">\n  \n  \n\t\n\n\n\n<div class=\"bde-div-3423-120 bde-div\">\n  \n  \n\t\n\n\n\n<div class=\"bde-image-3423-121 bde-image\">\n<figure class=\"breakdance-image breakdance-image--3471\">\n\t<div class=\"breakdance-image-container\">\n\t\t<div class=\"breakdance-image-clip\"><img loading=\"lazy\" decoding=\"async\" class=\"breakdance-image-object\" src=\"https:\/\/stockholmnature.com\/wp-content\/uploads\/2024\/10\/Company-Events-in-Stockholm.webp\" width=\"1200\" height=\"902\" srcset=\"https:\/\/stockholmnature.com\/wp-content\/uploads\/2024\/10\/Company-Events-in-Stockholm.webp 1200w, https:\/\/stockholmnature.com\/wp-content\/uploads\/2024\/10\/Company-Events-in-Stockholm-300x226.webp 300w, https:\/\/stockholmnature.com\/wp-content\/uploads\/2024\/10\/Company-Events-in-Stockholm-1024x770.webp 1024w, https:\/\/stockholmnature.com\/wp-content\/uploads\/2024\/10\/Company-Events-in-Stockholm-768x577.webp 768w, https:\/\/stockholmnature.com\/wp-content\/uploads\/2024\/10\/Company-Events-in-Stockholm-16x12.webp 16w\" sizes=\"auto, (max-width: 1200px) 100vw, 1200px\" alt=\"Grupp av kajakpaddlare p\u00e5 f\u00f6retagsevent i Stockholm\" title=\"\"><\/div>\n\t<\/div><\/figure>\n\n<\/div>\n<\/div><div class=\"bde-div-3423-122 bde-div\">\n  \n  \n\t\n\n\n\n<h4 class=\"bde-heading-3423-123 bde-heading\">\nF\u00f6retagsevenemang\n<\/h4><div class=\"bde-text-3423-124 bde-text\">\nLetar du efter ett unikt s\u00e4tt att imponera p\u00e5 kunder eller bel\u00f6na anst\u00e4llda? V\u00e5ra f\u00f6retagsturer erbjuder en fantastisk blandning av avkoppling och \u00e4ventyr. Oavsett om det handlar om kajakpaddling, vandring eller en sk\u00e4rg\u00e5rdsutflykt kommer ditt team att njuta av tid tillsammans i vackra omgivningar, l\u00e5ngt fr\u00e5n det vanliga konferensrummet. Vi skr\u00e4ddarsyr turen s\u00e5 att den passar ert schema och era behov och g\u00f6r det till en minnesv\u00e4rd dag f\u00f6r alla inblandade.\n<\/div><div class=\"bde-div-3423-385 bde-div\">\n  \n  \n\t\n\n\n\n<div class=\"bde-text-3423-386 bde-text\">\nExempel:\n<\/div><h4 class=\"bde-heading-3423-387 bde-heading\">\nKajakpaddling runt Stockholm\n<\/h4><div class=\"bde-div-3423-388 bde-div\">\n  \n  \n\t\n\n\n\n<div class=\"bde-div-3423-389 bde-div\">\n  \n  \n\t\n\n\n\n<div class=\"bde-icon-3423-390 bde-icon\">\n\n    \n            <div class=\"bde-icon-icon breakdance-icon-atom\" >\n    \n                    <svg xmlns=\"http:\/\/www.w3.org\/2000\/svg\" viewbox=\"0 0 512 512\"><!--! Font Awesome Free 6.5.1 by @fontawesome - https:\/\/fontawesome.com License - https:\/\/fontawesome.com\/license\/free (Icons: CC BY 4.0, Fonts: SIL OFL 1.1, Code: MIT License) Copyright 2023 Fonticons, Inc. --><path d=\"M464 256A208 208 0 1 1 48 256a208 208 0 1 1 416 0zM0 256a256 256 0 1 0 512 0A256 256 0 1 0 0 256zM232 120V256c0 8 4 15.5 10.7 20l96 64c11 7.4 25.9 4.4 33.3-6.7s4.4-25.9-6.7-33.3L280 243.2V120c0-13.3-10.7-24-24-24s-24 10.7-24 24z\"\/><\/svg>\n        \n        \n        \n            <\/div>\n    \n\n\n<\/div><div class=\"bde-div-3423-391 bde-div\">\n  \n  \n\t\n\n\n\n<div class=\"bde-div-3423-392 bde-div\">\n  \n  \n\t\n\n\n\n<div class=\"bde-text-3423-393 bde-text\">\n2 timmar\n<\/div>\n<\/div>\n<\/div>\n<\/div><div class=\"bde-div-3423-394 bde-div\">\n  \n  \n\t\n\n\n\n<div class=\"bde-icon-3423-395 bde-icon\">\n\n    \n            <div class=\"bde-icon-icon breakdance-icon-atom\" >\n    \n                    <svg xmlns=\"http:\/\/www.w3.org\/2000\/svg\" viewbox=\"0 0 576 512\"><!--! Font Awesome Free 6.5.1 by @fontawesome - https:\/\/fontawesome.com License - https:\/\/fontawesome.com\/license\/free (Icons: CC BY 4.0, Fonts: SIL OFL 1.1, Code: MIT License) Copyright 2023 Fonticons, Inc. --><path d=\"M112 48a48 48 0 1 1 96 0 48 48 0 1 1 -96 0zm40 304V480c0 17.7-14.3 32-32 32s-32-14.3-32-32V256.9L59.4 304.5c-9.1 15.1-28.8 20-43.9 10.9s-20-28.8-10.9-43.9l58.3-97c17.4-28.9 48.6-46.6 82.3-46.6h29.7c33.7 0 64.9 17.7 82.3 46.6l44.9 74.7c-16.1 17.6-28.6 38.5-36.6 61.5c-1.9-1.8-3.5-3.9-4.9-6.3L232 256.9V480c0 17.7-14.3 32-32 32s-32-14.3-32-32V352H152zM432 224a144 144 0 1 1 0 288 144 144 0 1 1 0-288zm0 240a24 24 0 1 0 0-48 24 24 0 1 0 0 48zm0-192c-8.8 0-16 7.2-16 16v80c0 8.8 7.2 16 16 16s16-7.2 16-16V288c0-8.8-7.2-16-16-16z\"\/><\/svg>\n        \n        \n        \n            <\/div>\n    \n\n\n<\/div><div class=\"bde-div-3423-396 bde-div\">\n  \n  \n\t\n\n\n\n<div class=\"bde-div-3423-397 bde-div\">\n  \n  \n\t\n\n\n\n<div class=\"bde-text-3423-398 bde-text\">\n12 - 40 personer\n<\/div>\n<\/div>\n<\/div>\n<\/div><div class=\"bde-div-3423-399 bde-div\">\n  \n  \n\t\n\n\n\n<div class=\"bde-text-3423-400 bde-text\">\nFr\u00e5n\n<\/div><div class=\"bde-div-3423-401 bde-div\">\n  \n  \n\t\n\n\n\n<div class=\"bde-text-3423-402 bde-text\">\nSEK\n<\/div><div class=\"bde-text-3423-403 bde-text\">\n600\n<\/div>\n<\/div>\n<\/div>\n<\/div>\n<\/div><div class=\"bde-div-3423-125 bde-div\">\n  \n  \n\t\n\n\n\n<div class=\"bde-button-3423-186 bde-button\">\n    \n                        \n                        \n    \n    \n    \n    \n            \n                    \n            \n            \n\n    \n    \n    \n    \n    \n    <a class=\"breakdance-link button-atom button-atom--custom bde-button__button\" href=\"https:\/\/stockholmnature.com\/sv\/kontakta-oss\/\" target=\"_blank\" data-type=\"url\"  >\n\n    \n        <span class=\"button-atom__text\">Kontakta oss<\/span>\n\n        \n        \n                <\/a>\n\n    \n\n\n<\/div>\n<\/div>\n<\/div>\n<\/div><div class=\"bde-column-3423-153 bde-column\">\n  \n  \n\t\n\n\n\n<div class=\"bde-div-3423-154 bde-div\">\n  \n  \n\t\n\n\n\n<div class=\"bde-image-3423-155 bde-image\">\n<figure class=\"breakdance-image breakdance-image--3468\">\n\t<div class=\"breakdance-image-container\">\n\t\t<div class=\"breakdance-image-clip\"><img loading=\"lazy\" decoding=\"async\" class=\"breakdance-image-object\" src=\"https:\/\/stockholmnature.com\/wp-content\/uploads\/2024\/10\/Team-Building-Events-Stockholm.webp\" width=\"1920\" height=\"1280\" srcset=\"https:\/\/stockholmnature.com\/wp-content\/uploads\/2024\/10\/Team-Building-Events-Stockholm.webp 1920w, https:\/\/stockholmnature.com\/wp-content\/uploads\/2024\/10\/Team-Building-Events-Stockholm-300x200.webp 300w, https:\/\/stockholmnature.com\/wp-content\/uploads\/2024\/10\/Team-Building-Events-Stockholm-1024x683.webp 1024w, https:\/\/stockholmnature.com\/wp-content\/uploads\/2024\/10\/Team-Building-Events-Stockholm-768x512.webp 768w, https:\/\/stockholmnature.com\/wp-content\/uploads\/2024\/10\/Team-Building-Events-Stockholm-1536x1024.webp 1536w, https:\/\/stockholmnature.com\/wp-content\/uploads\/2024\/10\/Team-Building-Events-Stockholm-18x12.webp 18w\" sizes=\"auto, (max-width: 1920px) 100vw, 1920px\" alt=\"Deltagargrupp p\u00e5 ett teambuilding-event i Stockholm\" title=\"\"><\/div>\n\t<\/div><\/figure>\n\n<\/div>\n<\/div><div class=\"bde-div-3423-156 bde-div\">\n  \n  \n\t\n\n\n\n<h4 class=\"bde-heading-3423-157 bde-heading\">\nTeambuilding\n<\/h4><div class=\"bde-text-3423-158 bde-text\">\nSt\u00e4rk ditt team med ett utomhus\u00e4ventyr. V\u00e5ra teambuilding-evenemang fr\u00e4mjar kommunikation och laganda. Oavsett om det handlar om att navigera genom Stockholms vattenv\u00e4gar eller vandra genom natursk\u00f6na landskap kommer ditt team att knyta an till gemensamma utmaningar och upplevelser. Vi kan skr\u00e4ddarsy upplevelsen f\u00f6r att matcha dina m\u00e5l och se till att dagen blir rolig, givande och effektfull.\n<\/div><div class=\"bde-div-3423-427 bde-div\">\n  \n  \n\t\n\n\n\n<div class=\"bde-text-3423-428 bde-text\">\nExempel:\n<\/div><h4 class=\"bde-heading-3423-429 bde-heading\">\nCykling runt Stockholm City\n<\/h4><div class=\"bde-div-3423-430 bde-div\">\n  \n  \n\t\n\n\n\n<div class=\"bde-div-3423-431 bde-div\">\n  \n  \n\t\n\n\n\n<div class=\"bde-icon-3423-432 bde-icon\">\n\n    \n            <div class=\"bde-icon-icon breakdance-icon-atom\" >\n    \n                    <svg xmlns=\"http:\/\/www.w3.org\/2000\/svg\" viewbox=\"0 0 512 512\"><!--! Font Awesome Free 6.5.1 by @fontawesome - https:\/\/fontawesome.com License - https:\/\/fontawesome.com\/license\/free (Icons: CC BY 4.0, Fonts: SIL OFL 1.1, Code: MIT License) Copyright 2023 Fonticons, Inc. --><path d=\"M464 256A208 208 0 1 1 48 256a208 208 0 1 1 416 0zM0 256a256 256 0 1 0 512 0A256 256 0 1 0 0 256zM232 120V256c0 8 4 15.5 10.7 20l96 64c11 7.4 25.9 4.4 33.3-6.7s4.4-25.9-6.7-33.3L280 243.2V120c0-13.3-10.7-24-24-24s-24 10.7-24 24z\"\/><\/svg>\n        \n        \n        \n            <\/div>\n    \n\n\n<\/div><div class=\"bde-div-3423-433 bde-div\">\n  \n  \n\t\n\n\n\n<div class=\"bde-div-3423-434 bde-div\">\n  \n  \n\t\n\n\n\n<div class=\"bde-text-3423-435 bde-text\">\n3 timmar\n<\/div>\n<\/div>\n<\/div>\n<\/div><div class=\"bde-div-3423-436 bde-div\">\n  \n  \n\t\n\n\n\n<div class=\"bde-icon-3423-437 bde-icon\">\n\n    \n            <div class=\"bde-icon-icon breakdance-icon-atom\" >\n    \n                    <svg xmlns=\"http:\/\/www.w3.org\/2000\/svg\" viewbox=\"0 0 576 512\"><!--! Font Awesome Free 6.5.1 by @fontawesome - https:\/\/fontawesome.com License - https:\/\/fontawesome.com\/license\/free (Icons: CC BY 4.0, Fonts: SIL OFL 1.1, Code: MIT License) Copyright 2023 Fonticons, Inc. --><path d=\"M112 48a48 48 0 1 1 96 0 48 48 0 1 1 -96 0zm40 304V480c0 17.7-14.3 32-32 32s-32-14.3-32-32V256.9L59.4 304.5c-9.1 15.1-28.8 20-43.9 10.9s-20-28.8-10.9-43.9l58.3-97c17.4-28.9 48.6-46.6 82.3-46.6h29.7c33.7 0 64.9 17.7 82.3 46.6l44.9 74.7c-16.1 17.6-28.6 38.5-36.6 61.5c-1.9-1.8-3.5-3.9-4.9-6.3L232 256.9V480c0 17.7-14.3 32-32 32s-32-14.3-32-32V352H152zM432 224a144 144 0 1 1 0 288 144 144 0 1 1 0-288zm0 240a24 24 0 1 0 0-48 24 24 0 1 0 0 48zm0-192c-8.8 0-16 7.2-16 16v80c0 8.8 7.2 16 16 16s16-7.2 16-16V288c0-8.8-7.2-16-16-16z\"\/><\/svg>\n        \n        \n        \n            <\/div>\n    \n\n\n<\/div><div class=\"bde-div-3423-438 bde-div\">\n  \n  \n\t\n\n\n\n<div class=\"bde-div-3423-439 bde-div\">\n  \n  \n\t\n\n\n\n<div class=\"bde-text-3423-440 bde-text\">\n12 - 40 personer\n<\/div>\n<\/div>\n<\/div>\n<\/div><div class=\"bde-div-3423-441 bde-div\">\n  \n  \n\t\n\n\n\n<div class=\"bde-text-3423-442 bde-text\">\nFr\u00e5n\n<\/div><div class=\"bde-div-3423-443 bde-div\">\n  \n  \n\t\n\n\n\n<div class=\"bde-text-3423-444 bde-text\">\nSEK\n<\/div><div class=\"bde-text-3423-445 bde-text\">\n550\n<\/div>\n<\/div>\n<\/div>\n<\/div>\n<\/div><div class=\"bde-div-3423-159 bde-div\">\n  \n  \n\t\n\n\n\n<div class=\"bde-button-3423-269 bde-button\">\n    \n                        \n                        \n    \n    \n    \n    \n            \n                    \n            \n            \n\n    \n    \n    \n    \n    \n    <a class=\"breakdance-link button-atom button-atom--custom bde-button__button\" href=\"https:\/\/stockholmnature.com\/sv\/kontakta-oss\/\" target=\"_blank\" data-type=\"url\"  >\n\n    \n        <span class=\"button-atom__text\">Kontakta oss<\/span>\n\n        \n        \n                <\/a>\n\n    \n\n\n<\/div>\n<\/div>\n<\/div>\n<\/div><div class=\"bde-column-3423-111 bde-column\">\n  \n  \n\t\n\n\n\n<div class=\"bde-div-3423-112 bde-div\">\n  \n  \n\t\n\n\n\n<div class=\"bde-image-3423-113 bde-image\">\n<figure class=\"breakdance-image breakdance-image--3469\">\n\t<div class=\"breakdance-image-container\">\n\t\t<div class=\"breakdance-image-clip\"><img loading=\"lazy\" decoding=\"async\" class=\"breakdance-image-object\" src=\"https:\/\/stockholmnature.com\/wp-content\/uploads\/2024\/10\/school-events-stockholm.webp\" width=\"1920\" height=\"1329\" srcset=\"https:\/\/stockholmnature.com\/wp-content\/uploads\/2024\/10\/school-events-stockholm.webp 1920w, https:\/\/stockholmnature.com\/wp-content\/uploads\/2024\/10\/school-events-stockholm-300x208.webp 300w, https:\/\/stockholmnature.com\/wp-content\/uploads\/2024\/10\/school-events-stockholm-1024x709.webp 1024w, https:\/\/stockholmnature.com\/wp-content\/uploads\/2024\/10\/school-events-stockholm-768x532.webp 768w, https:\/\/stockholmnature.com\/wp-content\/uploads\/2024\/10\/school-events-stockholm-1536x1063.webp 1536w, https:\/\/stockholmnature.com\/wp-content\/uploads\/2024\/10\/school-events-stockholm-18x12.webp 18w\" sizes=\"auto, (max-width: 1920px) 100vw, 1920px\" alt=\"En grupp barn p\u00e5 skolevenemang i Stockholm\" title=\"\"><\/div>\n\t<\/div><\/figure>\n\n<\/div>\n<\/div><div class=\"bde-div-3423-114 bde-div\">\n  \n  \n\t\n\n\n\n<h4 class=\"bde-heading-3423-115 bde-heading\">\nSkolgrupper\n<\/h4><div class=\"bde-text-3423-116 bde-text\">\nV\u00e5ra privata turer f\u00f6r skolgrupper \u00e4r utformade f\u00f6r att vara b\u00e5de roliga och l\u00e4rorika. Oavsett om det \u00e4r en kajaktur i Stockholms innerstad eller en naturvandring kommer dina elever att engagera sig i den naturliga v\u00e4rlden och l\u00e4ra sig om den lokala milj\u00f6n, djurlivet och kulturen. Vi anpassar varje tur f\u00f6r att passa elevernas \u00e5ldersgrupp och intressen, vilket garanterar ett s\u00e4kert och engagerande \u00e4ventyr.\n<\/div><div class=\"bde-div-3423-406 bde-div\">\n  \n  \n\t\n\n\n\n<div class=\"bde-text-3423-407 bde-text\">\nExempel:\n<\/div><h4 class=\"bde-heading-3423-408 bde-heading\">\nVandring i svensk natur\n<\/h4><div class=\"bde-div-3423-409 bde-div\">\n  \n  \n\t\n\n\n\n<div class=\"bde-div-3423-410 bde-div\">\n  \n  \n\t\n\n\n\n<div class=\"bde-icon-3423-411 bde-icon\">\n\n    \n            <div class=\"bde-icon-icon breakdance-icon-atom\" >\n    \n                    <svg xmlns=\"http:\/\/www.w3.org\/2000\/svg\" viewbox=\"0 0 512 512\"><!--! Font Awesome Free 6.5.1 by @fontawesome - https:\/\/fontawesome.com License - https:\/\/fontawesome.com\/license\/free (Icons: CC BY 4.0, Fonts: SIL OFL 1.1, Code: MIT License) Copyright 2023 Fonticons, Inc. --><path d=\"M464 256A208 208 0 1 1 48 256a208 208 0 1 1 416 0zM0 256a256 256 0 1 0 512 0A256 256 0 1 0 0 256zM232 120V256c0 8 4 15.5 10.7 20l96 64c11 7.4 25.9 4.4 33.3-6.7s4.4-25.9-6.7-33.3L280 243.2V120c0-13.3-10.7-24-24-24s-24 10.7-24 24z\"\/><\/svg>\n        \n        \n        \n            <\/div>\n    \n\n\n<\/div><div class=\"bde-div-3423-412 bde-div\">\n  \n  \n\t\n\n\n\n<div class=\"bde-div-3423-413 bde-div\">\n  \n  \n\t\n\n\n\n<div class=\"bde-text-3423-414 bde-text\">\n4 timmar\n<\/div>\n<\/div>\n<\/div>\n<\/div><div class=\"bde-div-3423-415 bde-div\">\n  \n  \n\t\n\n\n\n<div class=\"bde-icon-3423-416 bde-icon\">\n\n    \n            <div class=\"bde-icon-icon breakdance-icon-atom\" >\n    \n                    <svg xmlns=\"http:\/\/www.w3.org\/2000\/svg\" viewbox=\"0 0 576 512\"><!--! Font Awesome Free 6.5.1 by @fontawesome - https:\/\/fontawesome.com License - https:\/\/fontawesome.com\/license\/free (Icons: CC BY 4.0, Fonts: SIL OFL 1.1, Code: MIT License) Copyright 2023 Fonticons, Inc. --><path d=\"M112 48a48 48 0 1 1 96 0 48 48 0 1 1 -96 0zm40 304V480c0 17.7-14.3 32-32 32s-32-14.3-32-32V256.9L59.4 304.5c-9.1 15.1-28.8 20-43.9 10.9s-20-28.8-10.9-43.9l58.3-97c17.4-28.9 48.6-46.6 82.3-46.6h29.7c33.7 0 64.9 17.7 82.3 46.6l44.9 74.7c-16.1 17.6-28.6 38.5-36.6 61.5c-1.9-1.8-3.5-3.9-4.9-6.3L232 256.9V480c0 17.7-14.3 32-32 32s-32-14.3-32-32V352H152zM432 224a144 144 0 1 1 0 288 144 144 0 1 1 0-288zm0 240a24 24 0 1 0 0-48 24 24 0 1 0 0 48zm0-192c-8.8 0-16 7.2-16 16v80c0 8.8 7.2 16 16 16s16-7.2 16-16V288c0-8.8-7.2-16-16-16z\"\/><\/svg>\n        \n        \n        \n            <\/div>\n    \n\n\n<\/div><div class=\"bde-div-3423-417 bde-div\">\n  \n  \n\t\n\n\n\n<div class=\"bde-div-3423-418 bde-div\">\n  \n  \n\t\n\n\n\n<div class=\"bde-text-3423-419 bde-text\">\n12 - 40 personer\n<\/div>\n<\/div>\n<\/div>\n<\/div><div class=\"bde-div-3423-420 bde-div\">\n  \n  \n\t\n\n\n\n<div class=\"bde-text-3423-421 bde-text\">\nFr\u00e5n\n<\/div><div class=\"bde-div-3423-422 bde-div\">\n  \n  \n\t\n\n\n\n<div class=\"bde-text-3423-423 bde-text\">\nSEK\n<\/div><div class=\"bde-text-3423-424 bde-text\">\n750\n<\/div>\n<\/div>\n<\/div>\n<\/div>\n<\/div><div class=\"bde-div-3423-117 bde-div\">\n  \n  \n\t\n\n\n\n<div class=\"bde-button-3423-268 bde-button\">\n    \n                        \n                        \n    \n    \n    \n    \n            \n                    \n            \n            \n\n    \n    \n    \n    \n    \n    <a class=\"breakdance-link button-atom button-atom--custom bde-button__button\" href=\"https:\/\/stockholmnature.com\/sv\/kontakta-oss\/\" target=\"_blank\" data-type=\"url\"  >\n\n    \n        <span class=\"button-atom__text\">Kontakta oss<\/span>\n\n        \n        \n                <\/a>\n\n    \n\n\n<\/div>\n<\/div>\n<\/div>\n<\/div><\/div><div class=\"bde-columns-3423-152 bde-columns\"><div class=\"bde-column-3423-286 bde-column\">\n  \n  \n\t\n\n\n\n<div class=\"bde-div-3423-289 bde-div\">\n  \n  \n\t\n\n\n\n<h4 class=\"bde-heading-3423-290 bde-heading\">\nExperter p\u00e5 utomhus\u00e4ventyr\n<\/h4><div class=\"bde-text-3423-291 bde-text\">\nAtt planera ett grupp\u00e4ventyr ska vara roligt och njutbart. Oavsett om du organiserar ett f\u00f6retagsevenemang, en skolresa eller en weekendresa med v\u00e4nner, hanterar vi alla detaljer s\u00e5 att du kan fokusera p\u00e5 upplevelsen. Fr\u00e5n transport och m\u00e5ltider till anpassade resplaner och flexibel schemal\u00e4ggning tar v\u00e5rt team hand om det. Ber\u00e4tta helt enkelt vad du har i \u00e5tanke, s\u00e5 skapar vi en privat tur som passar perfekt f\u00f6r din grupps behov och intressen.\n<\/div><div class=\"bde-div-3423-292 bde-div\">\n  \n  \n\t\n\n\n\n<div class=\"bde-button-3423-293 bde-button\">\n    \n                        \n                        \n    \n    \n    \n    \n            \n                    \n            \n            \n\n    \n    \n    \n    \n    \n    <a class=\"breakdance-link button-atom button-atom--custom bde-button__button\" href=\"https:\/\/stockholmnature.com\/sv\/kontakta-oss\/\" target=\"_blank\" data-type=\"url\"  >\n\n    \n        <span class=\"button-atom__text\">Kontakta oss<\/span>\n\n        \n        \n                <\/a>\n\n    \n\n\n<\/div>\n<\/div>\n<\/div>\n<\/div><\/div><\/div>\n<\/section><section class=\"bde-section-3423-274 bde-section\">\n  \n  \n\t\n\n\n\n<div class=\"section-container\"><div class=\"bde-div-3423-275 bde-div\">\n  \n  \n\t\n\n\n\n<h2 class=\"bde-dual-heading-3423-276 bde-dual-heading\">\n\n\n            <span data-style=\"secondary\" class=\"dual-heading--secondary  js-annotate\">Vertifierade recensioner<\/span>\n\n\n\n<\/h2><div class=\"bde-div-3423-277 bde-div\">\n  \n  \n\t\n\n\n\n<div class=\"bde-code-block-3423-278 bde-code-block\">\n\n  <script defer async src='https:\/\/cdn.trustindex.io\/loader.js?68fdbd1357735702f436069bf62'><\/script>\n\n\n<\/div>\n<\/div>\n<\/div><\/div>\n<\/section><section class=\"bde-section-3423-187 bde-section\">\n  \n  \n\t\n\n\n\n<div class=\"section-container\"><div class=\"bde-div-3423-271 bde-div\">\n  \n  \n\t\n\n\n\n<h3 class=\"bde-heading-3423-272 bde-heading\">\nPrivata turer i Stockholm\n<\/h3><div class=\"bde-rich-text-3423-273 bde-rich-text breakdance-rich-text-styles\">\n<p data-start=\"74\" data-end=\"479\">Planerar du en skolresa, f\u00f6retagsutflykt eller en dag f\u00f6r teambuilding? Vi hj\u00e4lper dig. P\u00e5 Stockholm Nature erbjuder vi privata guidade turer i och runt Stockholm. Du kan boka n\u00e5gon av v\u00e5ra vanliga turer bara f\u00f6r ditt team, oavsett om det \u00e4r kajak genom staden, paddla i sk\u00e4rg\u00e5rden, vandra i Sveriges vackra natur eller \u00e5ka iv\u00e4g p\u00e5 ett flerdagars\u00e4ventyr.<\/p>\n<p data-start=\"481\" data-end=\"784\">Vi \u00e4lskar att skapa upplevelser som f\u00f6r m\u00e4nniskor samman. Vi hj\u00e4lper g\u00e4rna till att planera resplanen s\u00e5 att den passar exakt till vad du letar efter. Allt handlar om att njuta av naturen, dela stunder och uppt\u00e4cka Sveriges sk\u00f6nhet tillsammans.<\/p>\n<p data-start=\"786\" data-end=\"1023\">Om du vill l\u00e4gga till m\u00e5ltider, transport eller n\u00e5got annat extra f\u00f6r att g\u00f6ra dagen speciell \u00e4r det bara att s\u00e4ga till. Oavsett om ditt m\u00e5l \u00e4r att koppla av, utforska naturen eller bygga laganda, g\u00f6r v\u00e5ra privata turer det enkelt att skapa n\u00e5got verkligt minnesv\u00e4rt. F\u00f6r det mesta kan vi ocks\u00e5 erbjuda tv\u00e5spr\u00e5kiga guider som talar engelska, tyska, spanska, franska eller svenska. H\u00f6r av dig s\u00e5 kollar vi vad som \u00e4r m\u00f6jligt f\u00f6r dina datum.<\/p>\n<\/div>\n<\/div><\/div>\n<\/section>","protected":false},"excerpt":{"rendered":"<p>Guided Private Tours in Stockholm Official Tour Operator TOP Private Tours Stockholm Explore Stockholm in a unique way, with our private guided tours. Whether you\u2019re looking to explore the city\u2019s landmarks, paddle through the Archipelago, or venture into Sweden\u2019s nature. We specialize in tailoring each adventure to suit the preferences of your group, allowing to [&hellip;]<\/p>\n","protected":false},"author":1,"featured_media":0,"parent":0,"menu_order":0,"comment_status":"closed","ping_status":"closed","template":"","meta":{"_acf_changed":false,"_breakdance_hide_in_design_set":false,"_breakdance_tags":"","footnotes":""},"class_list":["post-3423","page","type-page","status-publish","hentry"],"acf":[],"_links":{"self":[{"href":"https:\/\/stockholmnature.com\/sv\/wp-json\/wp\/v2\/pages\/3423","targetHints":{"allow":["GET"]}}],"collection":[{"href":"https:\/\/stockholmnature.com\/sv\/wp-json\/wp\/v2\/pages"}],"about":[{"href":"https:\/\/stockholmnature.com\/sv\/wp-json\/wp\/v2\/types\/page"}],"author":[{"embeddable":true,"href":"https:\/\/stockholmnature.com\/sv\/wp-json\/wp\/v2\/users\/1"}],"replies":[{"embeddable":true,"href":"https:\/\/stockholmnature.com\/sv\/wp-json\/wp\/v2\/comments?post=3423"}],"version-history":[{"count":51,"href":"https:\/\/stockholmnature.com\/sv\/wp-json\/wp\/v2\/pages\/3423\/revisions"}],"predecessor-version":[{"id":8829,"href":"https:\/\/stockholmnature.com\/sv\/wp-json\/wp\/v2\/pages\/3423\/revisions\/8829"}],"wp:attachment":[{"href":"https:\/\/stockholmnature.com\/sv\/wp-json\/wp\/v2\/media?parent=3423"}],"curies":[{"name":"wp","href":"https:\/\/api.w.org\/{rel}","templated":true}]}}