{"id":3691,"date":"2024-10-26T08:05:30","date_gmt":"2024-10-26T06:05:30","guid":{"rendered":"https:\/\/stockholmnature.com\/?page_id=3691"},"modified":"2026-02-19T09:22:39","modified_gmt":"2026-02-19T07:22:39","slug":"garanti-for-lagsta-pris","status":"publish","type":"page","link":"https:\/\/stockholmnature.com\/sv\/lowest-price-guarantee\/","title":{"rendered":"Garanti f\u00f6r l\u00e4gsta pris"},"content":{"rendered":"<section class=\"bde-section-3691-100 bde-section\">\n  \n  \n\t\n\n\n\n<div class=\"section-container\"><div class=\"bde-div-3691-101 bde-div\">\n  \n  \n\t\n\n\n\n<h1 class=\"bde-heading-3691-102 bde-heading\">\nGaranti f\u00f6r l\u00e4gsta pris\n<\/h1><div class=\"bde-rich-text-3691-103 bde-rich-text breakdance-rich-text-styles\">\n<p data-start=\"282\" data-end=\"496\">Vi garanterar det l\u00e4gsta priset f\u00f6r alla v\u00e5ra upplevelser. Som researrang\u00f6r s\u00e4tter vi priset p\u00e5 alla bokningsplattformar. N\u00e4r du bokar direkt med Stockholm Nature f\u00e5r du alltid det b\u00e4sta tillg\u00e4ngliga priset.<br \/><br \/>Om du hittar exakt samma upplevelse som erbjuds till ett l\u00e4gre pris innan aktiviteten b\u00f6rjar, \u00e5terbetalar vi mellanskillnaden.<\/p>\n<h5>Hur det fungerar:<\/h5>\n<p><strong>Skicka in ditt krav<\/strong><br \/>Anv\u00e4nd v\u00e5r <a href=\"https:\/\/stockholmnature.com\/sv\/kontakta-oss\/\">kontaktformul\u00e4r<\/a> f\u00f6r att g\u00f6ra en reklamation och bifoga ditt bokningsnummer och bevis p\u00e5 det l\u00e4gre priset.<\/p>\n<p><strong>Vi granskar din beg\u00e4ran<\/strong><br \/>Vi kommer nu att kontrollera den inskickade informationen och du kommer att h\u00f6ra av dig till oss s\u00e5 snart som m\u00f6jligt.<\/p>\n<p><strong>Ta emot din \u00e5terbetalning<\/strong><br \/>Om ditt krav \u00e4r giltigt \u00e5terbetalar vi mellanskillnaden mellan de tv\u00e5 priserna.<\/p>\n<hr \/>\n<h5>Villkor och anvisningar<\/h5>\n<ul>\n<li>\n<p>Garantin g\u00e4ller f\u00f6r bokningar som g\u00f6rs direkt p\u00e5 stockholmnature.com<\/p>\n<\/li>\n<li>\n<p>Det g\u00e4ller endast f\u00f6r standardpriser f\u00f6r allm\u00e4nheten<\/p>\n<\/li>\n<li>\n<p>Det l\u00e4gre priset m\u00e5ste g\u00e4lla f\u00f6r exakt samma upplevelse, datum och detaljer<\/p>\n<\/li>\n<li>\n<p>Reklamationer m\u00e5ste l\u00e4mnas in innan aktiviteten p\u00e5b\u00f6rjas<\/p>\n<\/li>\n<li>Vi f\u00f6rbeh\u00e5ller oss r\u00e4tten att verifiera det l\u00e4gre priset och alla beslut \u00e4r slutgiltiga<\/li>\n<\/ul>\n<\/div>\n<\/div><\/div>\n<\/section>","protected":false},"excerpt":{"rendered":"<p>Lowest Price Guarantee We guarantee the lowest price for all our experiences. As the tour operator, we set the price across every booking platform. When you book directly with Stockholm Nature, you always receive the best available rate.If you find the exact same experience offered at a lower price before the activity starts, we will [&hellip;]<\/p>\n","protected":false},"author":1,"featured_media":0,"parent":0,"menu_order":0,"comment_status":"closed","ping_status":"closed","template":"","meta":{"_acf_changed":false,"_breakdance_hide_in_design_set":false,"_breakdance_tags":"","footnotes":""},"class_list":["post-3691","page","type-page","status-publish","hentry"],"acf":[],"_links":{"self":[{"href":"https:\/\/stockholmnature.com\/sv\/wp-json\/wp\/v2\/pages\/3691","targetHints":{"allow":["GET"]}}],"collection":[{"href":"https:\/\/stockholmnature.com\/sv\/wp-json\/wp\/v2\/pages"}],"about":[{"href":"https:\/\/stockholmnature.com\/sv\/wp-json\/wp\/v2\/types\/page"}],"author":[{"embeddable":true,"href":"https:\/\/stockholmnature.com\/sv\/wp-json\/wp\/v2\/users\/1"}],"replies":[{"embeddable":true,"href":"https:\/\/stockholmnature.com\/sv\/wp-json\/wp\/v2\/comments?post=3691"}],"version-history":[{"count":10,"href":"https:\/\/stockholmnature.com\/sv\/wp-json\/wp\/v2\/pages\/3691\/revisions"}],"predecessor-version":[{"id":10182,"href":"https:\/\/stockholmnature.com\/sv\/wp-json\/wp\/v2\/pages\/3691\/revisions\/10182"}],"wp:attachment":[{"href":"https:\/\/stockholmnature.com\/sv\/wp-json\/wp\/v2\/media?parent=3691"}],"curies":[{"name":"wp","href":"https:\/\/api.w.org\/{rel}","templated":true}]}}