{"id":4047,"date":"2024-10-28T06:45:17","date_gmt":"2024-10-28T04:45:17","guid":{"rendered":"https:\/\/stockholmnature.com\/privacy-statement-eu\/"},"modified":"2026-02-19T09:33:09","modified_gmt":"2026-02-19T07:33:09","slug":"sekretesspolicy-eu","status":"publish","type":"page","link":"https:\/\/stockholmnature.com\/sv\/privacy-statement-eu\/","title":{"rendered":"Integritetspolicy (EU)"},"content":{"rendered":"<!-- Legal document generated by Complianz | GDPR\/CCPA Cookie Consent https:\/\/wordpress.org\/plugins\/complianz-gdpr -->\n<div id=\"cmplz-document\" class=\"cmplz-document privacy-statement cmplz-document-eu\"><p><i>Denna sekretesspolicy uppdaterades senast den 17 februari 2026 och g\u00e4ller f\u00f6r medborgare och lagliga permanenta inv\u00e5nare i Europeiska ekonomiska samarbetsomr\u00e5det och Schweiz.<\/i><br \/><br \/><\/p><p><p>I denna integritetspolicy f\u00f6rklarar vi vad vi g\u00f6r med de uppgifter vi f\u00e5r om dig via <a href=\"https:\/\/stockholmnature.com\/sv\">https:\/\/stockholmnature.com\/sv<\/a>. Vi rekommenderar att du l\u00e4ser detta meddelande noggrant. I v\u00e5r behandling uppfyller vi kraven i integritetslagstiftningen. Det inneb\u00e4r bland annat att:<\/p><ul>\n                <li>vi tydligt anger de syften f\u00f6r vilka vi behandlar personuppgifter. Detta g\u00f6r vi genom denna integritetspolicy;<\/li>\n                <li>Vi str\u00e4var efter att begr\u00e4nsa v\u00e5r insamling av personuppgifter till att endast omfatta de personuppgifter som kr\u00e4vs f\u00f6r legitima \u00e4ndam\u00e5l;<\/li>\n                <li>vi f\u00f6rst beg\u00e4r ditt uttryckliga samtycke till att behandla dina personuppgifter i fall som kr\u00e4ver ditt samtycke;<\/li>\n                <li>vi vidtar l\u00e4mpliga s\u00e4kerhets\u00e5tg\u00e4rder f\u00f6r att skydda dina personuppgifter och kr\u00e4ver detta \u00e4ven av parter som behandlar personuppgifter f\u00f6r v\u00e5r r\u00e4kning;<\/li>\n                <li>vi respekterar din r\u00e4tt att f\u00e5 tillg\u00e5ng till dina personuppgifter eller att f\u00e5 dem r\u00e4ttade eller raderade, p\u00e5 din beg\u00e4ran.<\/li>\n            <\/ul><p>Om du har n\u00e5gra fr\u00e5gor eller vill veta exakt vilka uppgifter vi sparar om dig, v\u00e4nligen kontakta oss.<\/p><\/p><h2>1. Syfte, uppgifter och lagringstid<\/h2>Vi kan samla in eller ta emot personuppgifter f\u00f6r ett antal \u00e4ndam\u00e5l som \u00e4r kopplade till v\u00e5r aff\u00e4rsverksamhet och som kan omfatta f\u00f6ljande: (klicka f\u00f6r att expandera)<details class=\"cmplz-dropdown dropdown-privacy-statement\"><summary><div><h3>1.1 F\u00f6r att st\u00f6dja tj\u00e4nster eller produkter som en kund vill k\u00f6pa eller har k\u00f6pt<\/h3><\/div><\/summary><p class=\"cmplz-subtitle\">F\u00f6r detta \u00e4ndam\u00e5l anv\u00e4nder vi f\u00f6ljande uppgifter:<\/p><p><ul><li>Ett f\u00f6r- och efternamn<\/li><li>En e-postadress<\/li><li>F\u00f6delsedatum<\/li><\/ul><\/p><p class=\"cmplz-subtitle\">Den grund p\u00e5 vilken vi kan behandla dessa uppgifter \u00e4r:<\/p><p><a target=\"_blank\" rel=\"noopener noreferrer nofollow\" href=\"https:\/\/cookiedatabase.org\/legal-bases\/#consent\">Efter att samtycke l\u00e4mnats.<\/a><\/p><p class=\"cmplz-subtitle\">Bevarandetid<\/p><p>Vi beh\u00e5ller dessa uppgifter tills tj\u00e4nsten avslutas.<\/p><\/details><details class=\"cmplz-dropdown dropdown-privacy-statement\"><summary><div><h3>1.2 Sammanst\u00e4lla och analysera statistik f\u00f6r att f\u00f6rb\u00e4ttra webbplatsen.<\/h3><\/div><\/summary><p class=\"cmplz-subtitle\">F\u00f6r detta \u00e4ndam\u00e5l anv\u00e4nder vi f\u00f6ljande uppgifter:<\/p><p><ul><li>Information om internetaktivitet, inklusive men inte begr\u00e4nsat till, webbhistorik, s\u00f6khistorik och information om en konsuments interaktion med en webbplats, applikation eller annons p\u00e5 internet.<\/li><li>Geolokaliseringsdata<\/li><\/ul><\/p><p class=\"cmplz-subtitle\">Den grund p\u00e5 vilken vi kan behandla dessa uppgifter \u00e4r:<\/p><p><a target=\"_blank\" rel=\"noopener noreferrer nofollow\" href=\"https:\/\/cookiedatabase.org\/legal-bases\/#agreement\">Det \u00e4r n\u00f6dv\u00e4ndigt f\u00f6r att fullg\u00f6ra ett avtal eller f\u00f6rberedande f\u00f6rfaranden i samband med ett avtal som den registrerade \u00e4r part i. <\/a><\/p><p class=\"cmplz-subtitle\">Bevarandetid<\/p><p>Vi beh\u00e5ller dessa uppgifter tills tj\u00e4nsten avslutas.<\/p><\/details><h2>2. Delning med andra parter<\/h2><p>Vi delar eller l\u00e4mnar endast ut dessa uppgifter till personuppgiftsbitr\u00e4den f\u00f6r f\u00f6ljande \u00e4ndam\u00e5l:<\/p><h2>3. Kakor<\/h2><p>V\u00e5r webbplats anv\u00e4nder cookies. F\u00f6r mer information om cookies, v\u00e4nligen se v\u00e5r <a href=\"https:\/\/stockholmnature.com\/sv\/cookie-policy-eu\/\">Policy f\u00f6r cookies<\/a>.&nbsp;<\/p><h2>4. Praxis f\u00f6r offentligg\u00f6rande<\/h2><p><p>Vi l\u00e4mnar ut personuppgifter om vi \u00e4r skyldiga att g\u00f6ra det enligt lag eller domstolsbeslut, som svar till en brottsbek\u00e4mpande myndighet, i den utstr\u00e4ckning som till\u00e5ts enligt andra lagbest\u00e4mmelser, f\u00f6r att tillhandah\u00e5lla information eller f\u00f6r en utredning av en fr\u00e5ga som r\u00f6r allm\u00e4n s\u00e4kerhet.<\/p><p>Om v\u00e5r webbplats eller organisation tas \u00f6ver, s\u00e4ljs eller \u00e4r inblandad i en fusion eller ett f\u00f6rv\u00e4rv kan dina uppgifter l\u00e4mnas ut till v\u00e5ra r\u00e5dgivare och eventuella potentiella k\u00f6pare och kommer att vidarebefordras till de nya \u00e4garna.<\/p><\/p><p>Vi har ing\u00e5tt ett databehandlingsavtal med Google.<\/p><p>Inkludering av fullst\u00e4ndiga IP-adresser blockeras av oss.<\/p><h2>5. S\u00e4kerhet<\/h2><p>Vi \u00e4r engagerade i s\u00e4kerheten f\u00f6r personuppgifter. Vi vidtar l\u00e4mpliga s\u00e4kerhets\u00e5tg\u00e4rder f\u00f6r att begr\u00e4nsa missbruk av och obeh\u00f6rig \u00e5tkomst till personuppgifter. Detta s\u00e4kerst\u00e4ller att endast n\u00f6dv\u00e4ndiga personer har tillg\u00e5ng till dina uppgifter, att tillg\u00e5ngen till uppgifterna \u00e4r skyddad och att v\u00e5ra s\u00e4kerhets\u00e5tg\u00e4rder regelbundet granskas.<\/p><h2>6. Tredje parts webbplatser<\/h2><p>Denna sekretesspolicy g\u00e4ller inte f\u00f6r tredje parts webbplatser som \u00e4r anslutna via l\u00e4nkar p\u00e5 v\u00e5r webbplats. Vi kan inte garantera att dessa tredje parter hanterar dina personuppgifter p\u00e5 ett tillf\u00f6rlitligt eller s\u00e4kert s\u00e4tt. Vi rekommenderar att du l\u00e4ser sekretesspolicyn f\u00f6r dessa webbplatser innan du anv\u00e4nder dem.<\/p><h2>7. \u00c4ndringar av denna integritetspolicy<\/h2><p>Vi f\u00f6rbeh\u00e5ller oss r\u00e4tten att g\u00f6ra \u00e4ndringar i denna integritetspolicy. Vi rekommenderar att du regelbundet l\u00e4ser denna integritetspolicy f\u00f6r att f\u00e5 k\u00e4nnedom om eventuella \u00e4ndringar. Dessutom kommer vi att aktivt informera dig n\u00e4r det \u00e4r m\u00f6jligt.<\/p><h2>8. Tillg\u00e5ng till och \u00e4ndring av dina uppgifter<\/h2><p>Om du har n\u00e5gra fr\u00e5gor eller vill veta vilka personuppgifter vi har om dig \u00e4r du v\u00e4lkommen att kontakta oss. Du kan kontakta oss genom att anv\u00e4nda informationen nedan. Du har f\u00f6ljande r\u00e4ttigheter:<\/p><ul>\n                <li>Du har r\u00e4tt att f\u00e5 veta varf\u00f6r dina personuppgifter beh\u00f6vs, vad som kommer att h\u00e4nda med dem och hur l\u00e4nge de kommer att sparas.<\/li>\n                <li>R\u00e4tt till tillg\u00e5ng: Du har r\u00e4tt att f\u00e5 tillg\u00e5ng till de personuppgifter som vi k\u00e4nner till om dig.<\/li>\n                <li>R\u00e4tt till r\u00e4ttelse: Du har r\u00e4tt att komplettera, r\u00e4tta, radera eller blockera dina personuppgifter n\u00e4r du vill.<\/li>\n                <li>Om du ger oss ditt samtycke till att behandla dina uppgifter har du r\u00e4tt att \u00e5terkalla detta samtycke och att f\u00e5 dina personuppgifter raderade.<\/li>\n                <li>R\u00e4tt att \u00f6verf\u00f6ra dina uppgifter: Du har r\u00e4tt att beg\u00e4ra ut alla dina personuppgifter fr\u00e5n den personuppgiftsansvarige och \u00f6verf\u00f6ra dem i sin helhet till en annan personuppgiftsansvarig.<\/li>\n                <li>R\u00e4tt att inv\u00e4nda: Du kan inv\u00e4nda mot behandlingen av dina uppgifter. Vi f\u00f6ljer detta, s\u00e5vida det inte finns ber\u00e4ttigade sk\u00e4l f\u00f6r behandlingen.<\/li>\n            <\/ul><p>Se till att alltid tydligt ange vem du \u00e4r, s\u00e5 att vi kan vara s\u00e4kra p\u00e5 att vi inte \u00e4ndrar eller raderar uppgifter om fel person.<\/p><h2>9. Inl\u00e4mnande av klagom\u00e5l<\/h2><p>Om du inte \u00e4r n\u00f6jd med hur vi hanterar (ett klagom\u00e5l om) behandlingen av dina personuppgifter har du r\u00e4tt att l\u00e4mna in ett klagom\u00e5l till Datainspektionen.<\/p><h2>10. Kontaktuppgifter<\/h2><p>Stockholm Natur AB<br \/>\n        Vikstensv\u00e4gen 71, 12 156 Stockholm<br \/>\n        Sverige<br \/>\n        Hemsida: <a href=\"https:\/\/stockholmnature.com\/sv\">https:\/\/stockholmnature.com\/sv<\/a> <br \/>\n        E-post: <span class=\"cmplz-obfuscate\">info@<span class=\"cmplz-fmail-domain\">ex.com<\/span>s&#116;oc&#107;ho&#108;m&#110;a&#116;u&#114;&#101;.&#099;&#111;m<\/span> <br \/>\n        Telefon nummer: +46 76 621 87 14<\/p><\/div>","protected":false},"excerpt":{"rendered":"","protected":false},"author":1,"featured_media":0,"parent":0,"menu_order":0,"comment_status":"closed","ping_status":"closed","template":"","meta":{"_acf_changed":false,"_breakdance_hide_in_design_set":false,"_breakdance_tags":"","footnotes":""},"class_list":["post-4047","page","type-page","status-publish","hentry"],"acf":[],"_links":{"self":[{"href":"https:\/\/stockholmnature.com\/sv\/wp-json\/wp\/v2\/pages\/4047","targetHints":{"allow":["GET"]}}],"collection":[{"href":"https:\/\/stockholmnature.com\/sv\/wp-json\/wp\/v2\/pages"}],"about":[{"href":"https:\/\/stockholmnature.com\/sv\/wp-json\/wp\/v2\/types\/page"}],"author":[{"embeddable":true,"href":"https:\/\/stockholmnature.com\/sv\/wp-json\/wp\/v2\/users\/1"}],"replies":[{"embeddable":true,"href":"https:\/\/stockholmnature.com\/sv\/wp-json\/wp\/v2\/comments?post=4047"}],"version-history":[{"count":1,"href":"https:\/\/stockholmnature.com\/sv\/wp-json\/wp\/v2\/pages\/4047\/revisions"}],"predecessor-version":[{"id":9579,"href":"https:\/\/stockholmnature.com\/sv\/wp-json\/wp\/v2\/pages\/4047\/revisions\/9579"}],"wp:attachment":[{"href":"https:\/\/stockholmnature.com\/sv\/wp-json\/wp\/v2\/media?parent=4047"}],"curies":[{"name":"wp","href":"https:\/\/api.w.org\/{rel}","templated":true}]}}